{"id":779365,"date":"2025-12-30T11:49:47","date_gmt":"2025-12-30T08:49:47","guid":{"rendered":"https:\/\/roveyayinevi.com.tr\/index.php\/urun\/maskeler-ve-aynalar\/"},"modified":"2026-04-15T03:43:16","modified_gmt":"2026-04-15T00:43:16","slug":"maskeler-ve-aynalar","status":"publish","type":"product","link":"https:\/\/roveyayinevi.com.tr\/index.php\/urun\/maskeler-ve-aynalar\/","title":{"rendered":"Maskeler ve Aynalar"},"content":{"rendered":"<p>Kendini Korumak \u0130\u00e7in Hangi Duygusal Z\u0131rhlar\u0131 Kullan\u0131yorsun, Hangi Maskeleri Tak\u0131yorsun Ve Art\u0131k Hangilerini B\u0131rakmaya Haz\u0131rs\u0131n?\u0130nsan, kendisini anlamaya ba\u015flad\u0131\u011f\u0131nda hayat\u0131n\u0131n kontrol\u00fcn\u00fc daha \u00e7ok eline al\u0131yor. \u00c7\u00fcnk\u00fc, hepimizin kendimizi anlamaya, i\u00e7 d\u00fcnyam\u0131z\u0131n karanl\u0131kta kalm\u0131\u015f k\u00f6\u015felerini ayd\u0131nlatmaya ihtiyac\u0131 var. Elbette, ac\u0131yla y\u00fczle\u015fmek kolay de\u011fil. Ama kendi derinliklerimize dalmak, insan do\u011fas\u0131n\u0131 ke\u015ffetmek ve ili\u015fkilerimizi daha iyi anlamak d\u00fc\u015f\u00fcnd\u00fc\u011f\u00fcm\u00fczden \u00e7ok daha \u00f6zg\u00fcrle\u015ftirici bir deneyim olabilir.Bilin\u00e7d\u0131\u015f\u0131m\u0131z sand\u0131\u011f\u0131m\u0131zdan \u00e7ok daha g\u00fc\u00e7l\u00fc. Biz fark\u0131nda olmasak da se\u00e7imlerimizi, ili\u015fkilerimizi ve hayata bak\u0131\u015f\u0131m\u0131z\u0131 b\u00fcy\u00fck \u00f6l\u00e7\u00fcde \u015fekillendiriyor.Kendinle d\u00fcr\u00fcst\u00e7e y\u00fczle\u015fmeye cesaret edersen, maskelerinle yak\u0131ndan tan\u0131\u015faca\u011f\u0131n bu s\u00fcrecin sonunda \u00e7ok daha fark\u0131nda, g\u00fc\u00e7l\u00fc ve \u00f6zg\u00fcr hissedece\u011fine inan\u0131yorum. Bu kitap sadece psikoloji teorilerinden ibaret de\u011fil, sana kendini ke\u015ffetme yolculu\u011funda da e\u015flik etmeyi ama\u00e7l\u0131yor.<\/p>\n","protected":false},"excerpt":{"rendered":"<p>Kendini Korumak \u0130\u00e7in Hangi Duygusal Z\u0131rhlar\u0131 Kullan\u0131yorsun, Hangi Maskeleri Tak\u0131yorsun Ve Art\u0131k Hangilerini B\u0131rakmaya Haz\u0131rs\u0131n?\u0130nsan, kendisini anlamaya ba\u015flad\u0131\u011f\u0131nda hayat\u0131n\u0131n kontrol\u00fcn\u00fc daha \u00e7ok eline al\u0131yor. \u00c7\u00fcnk\u00fc, hepimizin<span class=\"excerpt-hellip\"> [\u2026]<\/span><\/p>\n","protected":false},"featured_media":0,"template":"","meta":{"_monsterinsights_skip_tracking":false,"_monsterinsights_sitenote_active":false,"_monsterinsights_sitenote_note":"","_monsterinsights_sitenote_category":0},"product_brand":[],"product_cat":[20502,12357],"product_tag":[],"class_list":{"0":"post-779365","1":"product","2":"type-product","3":"status-publish","5":"product_cat-basvuru-kitaplari-psikoloji","6":"product_cat-psikoloji","7":"pa_cilt-ciltsiz","8":"pa_tur-kitap","9":"pa_yayinevi-nemesis-kitap","10":"pa_yazar-yasemin-meric-kazdal","12":"first","13":"instock","14":"sale","15":"shipping-taxable","16":"purchasable","17":"product-type-simple"},"_links":{"self":[{"href":"https:\/\/roveyayinevi.com.tr\/index.php\/wp-json\/wp\/v2\/product\/779365","targetHints":{"allow":["GET"]}}],"collection":[{"href":"https:\/\/roveyayinevi.com.tr\/index.php\/wp-json\/wp\/v2\/product"}],"about":[{"href":"https:\/\/roveyayinevi.com.tr\/index.php\/wp-json\/wp\/v2\/types\/product"}],"wp:attachment":[{"href":"https:\/\/roveyayinevi.com.tr\/index.php\/wp-json\/wp\/v2\/media?parent=779365"}],"wp:term":[{"taxonomy":"product_brand","embeddable":true,"href":"https:\/\/roveyayinevi.com.tr\/index.php\/wp-json\/wp\/v2\/product_brand?post=779365"},{"taxonomy":"product_cat","embeddable":true,"href":"https:\/\/roveyayinevi.com.tr\/index.php\/wp-json\/wp\/v2\/product_cat?post=779365"},{"taxonomy":"product_tag","embeddable":true,"href":"https:\/\/roveyayinevi.com.tr\/index.php\/wp-json\/wp\/v2\/product_tag?post=779365"}],"curies":[{"name":"wp","href":"https:\/\/api.w.org\/{rel}","templated":true}]}}