{"id":779364,"date":"2025-12-30T11:49:43","date_gmt":"2025-12-30T08:49:43","guid":{"rendered":"https:\/\/roveyayinevi.com.tr\/index.php\/urun\/cesitli-yonleriyle-turk-toresi\/"},"modified":"2026-04-15T03:43:15","modified_gmt":"2026-04-15T00:43:15","slug":"cesitli-yonleriyle-turk-toresi","status":"publish","type":"product","link":"https:\/\/roveyayinevi.com.tr\/index.php\/urun\/cesitli-yonleriyle-turk-toresi\/","title":{"rendered":"\u00c7e\u015fitli Y\u00f6nleriyle T\u00fcrk T\u00f6resi"},"content":{"rendered":"<p>Eski T\u00fcrk toplumunda halk\u0131n devlete kar\u015f\u0131 y\u00fckledi\u011fi sorumluluklar yan\u0131nda devletin ya da y\u00f6neticilerin de halk\u0131n yarar\u0131n\u0131 g\u00f6zeterek ger\u00e7ekle\u015ftirmesi gereken sorumluluklar\u0131 y\u00fcklendi\u011fi bilinmektedir. Devletin, devlet y\u00f6neticilerinin sorumluluklar\u0131 aras\u0131nda vatan\u0131 d\u00fc\u015fman sald\u0131r\u0131lar\u0131ndan korumak, birli\u011fi ve b\u00fct\u00fcnl\u00fc\u011f\u00fc sa\u011flamak, milleti doyurmak, giydirmek, refah ve huzur i\u00e7inde ya\u015fatmak vard\u0131r. Bunda ba\u015far\u0131l\u0131 oldu\u011fu s\u00fcrece Hakan sayg\u0131 de\u011ferdir ve Tanr\u0131 taraf\u0131ndan desteklendi\u011fi d\u00fc\u015f\u00fcn\u00fcl\u00fcr. Adaletten ayr\u0131ld\u0131\u011f\u0131nda, milletine kar\u015f\u0131 sorumluluklar\u0131n\u0131 yerine getirmedi\u011finde ise taht\u0131ndan indirilir. Devlet ve millet olarak ba\u011f\u0131ms\u0131zl\u0131k tutkusu, yurda ba\u011fl\u0131l\u0131k ve yurt sevgisi, \u00fczerinde h\u00fcr ve ba\u011f\u0131ms\u0131z olarak ya\u015fad\u0131\u011f\u0131 topraklar\u0131 vatan saymas\u0131, adalet, e\u015fitlik ve insana sayg\u0131, erke\u011fiyle, kad\u0131n\u0131yla, \u00e7ocu\u011fuyla kendine \u00f6zg\u00fc de\u011ferlerle donat\u0131lmas\u0131, yurt ve milletin bekas\u0131 i\u00e7in fedak\u00e2rl\u0131k g\u00f6sterilmesi belli kural ve anlay\u0131\u015flar \u00e7er\u00e7evesinde ger\u00e7ekle\u015fmektedir. T\u00fcrk sosyal hayat\u0131n\u0131 d\u00fczenleyen t\u00f6re ad\u0131 verilen belli kural ve kanunlar vard\u0131r. Devlet ve t\u00f6re i\u00e7 i\u00e7edir.<\/p>\n","protected":false},"excerpt":{"rendered":"<p>Eski T\u00fcrk toplumunda halk\u0131n devlete kar\u015f\u0131 y\u00fckledi\u011fi sorumluluklar yan\u0131nda devletin ya da y\u00f6neticilerin de halk\u0131n yarar\u0131n\u0131 g\u00f6zeterek ger\u00e7ekle\u015ftirmesi gereken sorumluluklar\u0131 y\u00fcklendi\u011fi bilinmektedir. Devletin, devlet y\u00f6neticilerinin sorumluluklar\u0131<span class=\"excerpt-hellip\"> [\u2026]<\/span><\/p>\n","protected":false},"featured_media":0,"template":"","meta":{"_monsterinsights_skip_tracking":false,"_monsterinsights_sitenote_active":false,"_monsterinsights_sitenote_note":"","_monsterinsights_sitenote_category":0},"product_brand":[],"product_cat":[12304,13493],"product_tag":[],"class_list":{"0":"post-779364","1":"product","2":"type-product","3":"status-publish","5":"product_cat-tarih","6":"product_cat-turkiye-ve-cumhuriyet-tarihi","7":"pa_cilt-ciltsiz","8":"pa_tur-kitap","9":"pa_yayinevi-berikan-yayinlari","10":"pa_yazar-mehmet-mustafa-erkal","12":"first","13":"instock","14":"sale","15":"shipping-taxable","16":"purchasable","17":"product-type-simple"},"_links":{"self":[{"href":"https:\/\/roveyayinevi.com.tr\/index.php\/wp-json\/wp\/v2\/product\/779364","targetHints":{"allow":["GET"]}}],"collection":[{"href":"https:\/\/roveyayinevi.com.tr\/index.php\/wp-json\/wp\/v2\/product"}],"about":[{"href":"https:\/\/roveyayinevi.com.tr\/index.php\/wp-json\/wp\/v2\/types\/product"}],"wp:attachment":[{"href":"https:\/\/roveyayinevi.com.tr\/index.php\/wp-json\/wp\/v2\/media?parent=779364"}],"wp:term":[{"taxonomy":"product_brand","embeddable":true,"href":"https:\/\/roveyayinevi.com.tr\/index.php\/wp-json\/wp\/v2\/product_brand?post=779364"},{"taxonomy":"product_cat","embeddable":true,"href":"https:\/\/roveyayinevi.com.tr\/index.php\/wp-json\/wp\/v2\/product_cat?post=779364"},{"taxonomy":"product_tag","embeddable":true,"href":"https:\/\/roveyayinevi.com.tr\/index.php\/wp-json\/wp\/v2\/product_tag?post=779364"}],"curies":[{"name":"wp","href":"https:\/\/api.w.org\/{rel}","templated":true}]}}