{"id":779359,"date":"2025-12-30T11:49:23","date_gmt":"2025-12-30T08:49:23","guid":{"rendered":"https:\/\/roveyayinevi.com.tr\/index.php\/urun\/kivilcim-aninin-intkami\/"},"modified":"2026-04-15T03:43:10","modified_gmt":"2026-04-15T00:43:10","slug":"kivilcim-aninin-intkami","status":"publish","type":"product","link":"https:\/\/roveyayinevi.com.tr\/index.php\/urun\/kivilcim-aninin-intkami\/","title":{"rendered":"K\u0131v\u0131lc\u0131m An\u0131&#8217;n\u0131n \u0130ntkam\u0131"},"content":{"rendered":"<p>D\u00fcnya k\u00fc\u00e7\u00fck dokunu\u015flarla y\u00f6nlendirilebiliyorsa, ger\u00e7ek g\u00fc\u00e7 bu dokunu\u015flar\u0131 nerede ve ne zaman yapaca\u011f\u0131n\u0131 bilen ki\u015filerin elindedir. Bu insanlar kim? Niyetleri ne?Salg\u0131nlar\u0131n kurallar\u0131 ve s\u0131n\u0131rlar\u0131 vard\u0131r. Bir k\u0131v\u0131lc\u0131m \u00e2n\u0131na ula\u015ft\u0131klar\u0131 zaman boyutlar\u0131 ve \u015fekilleri de\u011fi\u015fir \u2013 ve bu k\u0131v\u0131lc\u0131m \u00e2nlar\u0131n\u0131n ne zaman ve nerede olduklar\u0131n\u0131 bilmek m\u00fcmk\u00fcnd\u00fcr. Bu anlar bir dizi insan taraf\u0131ndan y\u00f6nlendirilir ve bu insanlar belirlenebilir.Salg\u0131nlar\u0131 kontrol etmek i\u00e7in gerekli ara\u00e7lar \u00f6n\u00fcm\u00fczde duruyor. Bunlar\u0131 vicdans\u0131z insanlar\u0131n ellerine b\u0131rakabiliriz. Ya da o ara\u00e7lar\u0131 kendimiz al\u0131p daha iyi bir d\u00fcnya kurmak i\u00e7in kullanabiliriz.Malcolm Gladwell kendisine \u015f\u00f6hreti getiren K\u0131v\u0131lc\u0131m \u00c2n\u0131 kitab\u0131nda ele ald\u0131\u011f\u0131 mesele ve \u00e7\u0131kard\u0131\u011f\u0131 derslere 25 y\u0131l sonra yeni bir bak\u0131\u015f at\u0131yor. \u0130lk kitab\u0131n\u0131 elden ge\u00e7irmek i\u00e7in \u00e7\u0131kt\u0131\u011f\u0131 bu yolculukta ortaya yepyeni i\u00e7g\u00f6r\u00fclerle dolu bamba\u015fka bir kitap \u00e7\u0131k\u0131yor.Gladwell yeni kitab\u0131nda toplumsal salg\u0131nlar\u0131 yeni bir g\u00f6zle i\u015flerken toplum m\u00fchendisli\u011finin iyi ve k\u00f6t\u00fc ama\u00e7larla nas\u0131l kullan\u0131labilece\u011fine dair taptaze \u00f6rnek ve sorular\u0131 e\u011flenceli bir dille anlatmay\u0131 ba\u015far\u0131yor.<\/p>\n","protected":false},"excerpt":{"rendered":"<p>D\u00fcnya k\u00fc\u00e7\u00fck dokunu\u015flarla y\u00f6nlendirilebiliyorsa, ger\u00e7ek g\u00fc\u00e7 bu dokunu\u015flar\u0131 nerede ve ne zaman yapaca\u011f\u0131n\u0131 bilen ki\u015filerin elindedir. Bu insanlar kim? Niyetleri ne?Salg\u0131nlar\u0131n kurallar\u0131 ve s\u0131n\u0131rlar\u0131 vard\u0131r. Bir<span class=\"excerpt-hellip\"> [\u2026]<\/span><\/p>\n","protected":false},"featured_media":0,"template":"","meta":{"_monsterinsights_skip_tracking":false,"_monsterinsights_sitenote_active":false,"_monsterinsights_sitenote_note":"","_monsterinsights_sitenote_category":0},"product_brand":[],"product_cat":[12291,12711],"product_tag":[],"class_list":{"0":"post-779359","1":"product","2":"type-product","3":"status-publish","5":"product_cat-edebiyat","6":"product_cat-roman-oyku","7":"pa_cilt-ciltsiz","8":"pa_tur-kitap","9":"pa_yayinevi-mediacat-kitaplari","10":"pa_yazar-malcolm-gladwell","12":"first","13":"instock","14":"sale","15":"shipping-taxable","16":"purchasable","17":"product-type-simple"},"_links":{"self":[{"href":"https:\/\/roveyayinevi.com.tr\/index.php\/wp-json\/wp\/v2\/product\/779359","targetHints":{"allow":["GET"]}}],"collection":[{"href":"https:\/\/roveyayinevi.com.tr\/index.php\/wp-json\/wp\/v2\/product"}],"about":[{"href":"https:\/\/roveyayinevi.com.tr\/index.php\/wp-json\/wp\/v2\/types\/product"}],"wp:attachment":[{"href":"https:\/\/roveyayinevi.com.tr\/index.php\/wp-json\/wp\/v2\/media?parent=779359"}],"wp:term":[{"taxonomy":"product_brand","embeddable":true,"href":"https:\/\/roveyayinevi.com.tr\/index.php\/wp-json\/wp\/v2\/product_brand?post=779359"},{"taxonomy":"product_cat","embeddable":true,"href":"https:\/\/roveyayinevi.com.tr\/index.php\/wp-json\/wp\/v2\/product_cat?post=779359"},{"taxonomy":"product_tag","embeddable":true,"href":"https:\/\/roveyayinevi.com.tr\/index.php\/wp-json\/wp\/v2\/product_tag?post=779359"}],"curies":[{"name":"wp","href":"https:\/\/api.w.org\/{rel}","templated":true}]}}