{"id":779358,"date":"2025-12-30T11:49:21","date_gmt":"2025-12-30T08:49:21","guid":{"rendered":"https:\/\/roveyayinevi.com.tr\/index.php\/urun\/kiyiya-vuran-dusler\/"},"modified":"2026-04-15T03:43:10","modified_gmt":"2026-04-15T00:43:10","slug":"kiyiya-vuran-dusler","status":"publish","type":"product","link":"https:\/\/roveyayinevi.com.tr\/index.php\/urun\/kiyiya-vuran-dusler\/","title":{"rendered":"K\u0131y\u0131ya Vuran D\u00fc\u015fler"},"content":{"rendered":"<p>NEW YORK TIMES \u00c7OKSATANLAR LISTESININ VAZGE\u00c7ILMEZ ISMI DEBBIE MACOMBER\u2019DAN KALPLERE DOKUNACAK MUHTE\u015eEM BIR ROMAN DAHA\u2026     Baz\u0131 yerler sadece ge\u00e7mi\u015fe de\u011fil, iyile\u015fmeye de a\u00e7\u0131lan bir kap\u0131d\u0131r\u2026   Annie Marlow, hayat\u0131n\u0131n en sars\u0131c\u0131 d\u00f6nemlerinden birini atlatmaya \u00e7al\u0131\u015f\u0131rken, teselliyi ge\u00e7mi\u015fin s\u0131cak an\u0131lar\u0131nda arar. \u00c7ocukluk yazlar\u0131n\u0131n ge\u00e7ti\u011fi k\u00fc\u00e7\u00fck sahil kasabas\u0131 Oceanside\u2019a geri d\u00f6nmesi, yaln\u0131zca nostaljik bir ka\u00e7\u0131\u015f de\u011fil, ayn\u0131 zamanda ruhunu iyile\u015ftirecek yeni bir ba\u015flang\u0131\u00e7t\u0131r.    K\u0131y\u0131ya vuran dalgalar, Annie\u2019ye sadece huzur de\u011fil, ayn\u0131 zamanda kendini yeniden tan\u0131ma f\u0131rsat\u0131 sunar. Yeni evi, yeni i\u015fi ve hayat\u0131na bir \u015fekilde dokunan tan\u0131d\u0131k yabanc\u0131lar sayesinde Annie, i\u00e7indeki bo\u015flu\u011fu doldurmaya ba\u015flar. \u00d6zellikle sessiz, derin ve g\u00fcvenilir ressam Keaton, onun yaln\u0131zl\u0131\u011f\u0131n\u0131 fark eder ve kalbine dokunan ki\u015fi olur.   \u00d6te yandan ge\u00e7mi\u015fin hayaletleriyle y\u00fczle\u015fmek kolay de\u011fildir. Annie\u2019nin kar\u015f\u0131s\u0131na \u00e7\u0131kan beklenmedik bir f\u0131rsat, onu hayalleriyle kalbi aras\u0131nda bir se\u00e7im yapmaya zorlar. \u015eimdi ger\u00e7ekten nerede mutlu oldu\u011funu ve kime ait oldu\u011funu ke\u015ffetme zaman\u0131 gelmi\u015ftir.   K\u0131y\u0131ya Vuran D\u00fc\u015fler, insan\u0131n d\u00fcnyas\u0131 yerle bir olduktan sonra bile yeniden aya\u011fa kalkabilece\u011fini, iyile\u015fmenin her zaman m\u00fcmk\u00fcn oldu\u011funu anlatan, ger\u00e7ek a\u015fk\u0131n \u015fifa g\u00fcc\u00fcn\u00fc bizlere kan\u0131tlayan unutulmaz bir hik\u00e2ye\u2026 <\/p>\n","protected":false},"excerpt":{"rendered":"<p>NEW YORK TIMES \u00c7OKSATANLAR LISTESININ VAZGE\u00c7ILMEZ ISMI DEBBIE MACOMBER\u2019DAN KALPLERE DOKUNACAK MUHTE\u015eEM BIR ROMAN DAHA\u2026 Baz\u0131 yerler sadece ge\u00e7mi\u015fe de\u011fil, iyile\u015fmeye de a\u00e7\u0131lan bir kap\u0131d\u0131r\u2026 Annie<span class=\"excerpt-hellip\"> [\u2026]<\/span><\/p>\n","protected":false},"featured_media":0,"template":"","meta":{"_monsterinsights_skip_tracking":false,"_monsterinsights_sitenote_active":false,"_monsterinsights_sitenote_note":"","_monsterinsights_sitenote_category":0},"product_brand":[],"product_cat":[12291,12711],"product_tag":[],"class_list":{"0":"post-779358","1":"product","2":"type-product","3":"status-publish","5":"product_cat-edebiyat","6":"product_cat-roman-oyku","7":"pa_cilt-ciltsiz","8":"pa_tur-kitap","9":"pa_yayinevi-epsilon-yayinlari","10":"pa_yazar-debbie-macomber","12":"first","13":"instock","14":"sale","15":"shipping-taxable","16":"purchasable","17":"product-type-simple"},"_links":{"self":[{"href":"https:\/\/roveyayinevi.com.tr\/index.php\/wp-json\/wp\/v2\/product\/779358","targetHints":{"allow":["GET"]}}],"collection":[{"href":"https:\/\/roveyayinevi.com.tr\/index.php\/wp-json\/wp\/v2\/product"}],"about":[{"href":"https:\/\/roveyayinevi.com.tr\/index.php\/wp-json\/wp\/v2\/types\/product"}],"wp:attachment":[{"href":"https:\/\/roveyayinevi.com.tr\/index.php\/wp-json\/wp\/v2\/media?parent=779358"}],"wp:term":[{"taxonomy":"product_brand","embeddable":true,"href":"https:\/\/roveyayinevi.com.tr\/index.php\/wp-json\/wp\/v2\/product_brand?post=779358"},{"taxonomy":"product_cat","embeddable":true,"href":"https:\/\/roveyayinevi.com.tr\/index.php\/wp-json\/wp\/v2\/product_cat?post=779358"},{"taxonomy":"product_tag","embeddable":true,"href":"https:\/\/roveyayinevi.com.tr\/index.php\/wp-json\/wp\/v2\/product_tag?post=779358"}],"curies":[{"name":"wp","href":"https:\/\/api.w.org\/{rel}","templated":true}]}}