{"id":779357,"date":"2025-12-30T11:49:18","date_gmt":"2025-12-30T08:49:18","guid":{"rendered":"https:\/\/roveyayinevi.com.tr\/index.php\/urun\/zamanin-carmihinda\/"},"modified":"2026-04-15T03:43:10","modified_gmt":"2026-04-15T00:43:10","slug":"zamanin-carmihinda","status":"publish","type":"product","link":"https:\/\/roveyayinevi.com.tr\/index.php\/urun\/zamanin-carmihinda\/","title":{"rendered":"Zaman\u0131n \u00c7arm\u0131h\u0131nda"},"content":{"rendered":"<p>Zaman\u0131n \u00c7arm\u0131h\u0131nda, insan ruhunun sanc\u0131lar\u0131na, varolu\u015fun sessiz isyanlar\u0131na ve i\u00e7sel yolculu\u011fun derin yar\u0131klar\u0131na tan\u0131kl\u0131k ediyor. Her \u015fiir, karanl\u0131ktan \u0131\u015f\u0131\u011fa uzanan bir aray\u0131\u015f\u0131n yank\u0131s\u0131; her m\u0131sra, zamana kar\u015f\u0131 verilen bir \u00e7\u0131\u011fl\u0131k. Bu kitap; yaln\u0131zl\u0131\u011f\u0131n, sanc\u0131n\u0131n ve umudun ayn\u0131 \u00e7arm\u0131hta bulu\u015ftu\u011fu bir \u015fiir yolculu\u011fudur. <\/p>\n","protected":false},"excerpt":{"rendered":"<p>Zaman\u0131n \u00c7arm\u0131h\u0131nda, insan ruhunun sanc\u0131lar\u0131na, varolu\u015fun sessiz isyanlar\u0131na ve i\u00e7sel yolculu\u011fun derin yar\u0131klar\u0131na tan\u0131kl\u0131k ediyor. Her \u015fiir, karanl\u0131ktan \u0131\u015f\u0131\u011fa uzanan bir aray\u0131\u015f\u0131n yank\u0131s\u0131; her m\u0131sra, zamana<span class=\"excerpt-hellip\"> [\u2026]<\/span><\/p>\n","protected":false},"featured_media":0,"template":"","meta":{"_monsterinsights_skip_tracking":false,"_monsterinsights_sitenote_active":false,"_monsterinsights_sitenote_note":"","_monsterinsights_sitenote_category":0},"product_brand":[],"product_cat":[12291,12509],"product_tag":[],"class_list":{"0":"post-779357","1":"product","2":"type-product","3":"status-publish","5":"product_cat-edebiyat","6":"product_cat-siir","7":"pa_cilt-ciltsiz","8":"pa_tur-kitap","9":"pa_yayinevi-gulnar-yayinlari","10":"pa_yazar-ramazan-boztepe","12":"first","13":"instock","14":"sale","15":"shipping-taxable","16":"purchasable","17":"product-type-simple"},"_links":{"self":[{"href":"https:\/\/roveyayinevi.com.tr\/index.php\/wp-json\/wp\/v2\/product\/779357","targetHints":{"allow":["GET"]}}],"collection":[{"href":"https:\/\/roveyayinevi.com.tr\/index.php\/wp-json\/wp\/v2\/product"}],"about":[{"href":"https:\/\/roveyayinevi.com.tr\/index.php\/wp-json\/wp\/v2\/types\/product"}],"wp:attachment":[{"href":"https:\/\/roveyayinevi.com.tr\/index.php\/wp-json\/wp\/v2\/media?parent=779357"}],"wp:term":[{"taxonomy":"product_brand","embeddable":true,"href":"https:\/\/roveyayinevi.com.tr\/index.php\/wp-json\/wp\/v2\/product_brand?post=779357"},{"taxonomy":"product_cat","embeddable":true,"href":"https:\/\/roveyayinevi.com.tr\/index.php\/wp-json\/wp\/v2\/product_cat?post=779357"},{"taxonomy":"product_tag","embeddable":true,"href":"https:\/\/roveyayinevi.com.tr\/index.php\/wp-json\/wp\/v2\/product_tag?post=779357"}],"curies":[{"name":"wp","href":"https:\/\/api.w.org\/{rel}","templated":true}]}}