{"id":779355,"date":"2025-12-30T11:49:13","date_gmt":"2025-12-30T08:49:13","guid":{"rendered":"https:\/\/roveyayinevi.com.tr\/index.php\/urun\/efsane-futbol-1\/"},"modified":"2026-04-15T03:43:09","modified_gmt":"2026-04-15T00:43:09","slug":"efsane-futbol-1","status":"publish","type":"product","link":"https:\/\/roveyayinevi.com.tr\/index.php\/urun\/efsane-futbol-1\/","title":{"rendered":"Efsane Futbol &#8211; 1"},"content":{"rendered":"<p>Futbol sahas\u0131nda akla gelmeyecek \u015feyler olur mu?  Olur! Bir k\u00f6pe\u011fin sahaya dal\u0131p ma\u00e7\u0131 durdurdu\u011funu, kalecinin forvet olup gol kral\u0131 oldu\u011funu ya da k\u00fc\u00e7\u00fck bir \u00e7ocu\u011fun bir tak\u0131m\u0131 kurtard\u0131\u011f\u0131n\u0131 okusan inanmazs\u0131n\u2026 Ama hepsi ger\u00e7ekten ya\u015fand\u0131!    Matt Oldfield\u2019in 2020 Children\u2019s Sports Book of the Year \u00f6d\u00fcll\u00fc kitab\u0131 Efsane Futbol 1: (Hi\u00e7 Duymad\u0131\u011f\u0131n) Ola\u011fan\u00fcst\u00fc Ama Ger\u00e7ek Futbol Hik\u00e2yeleri, futbol tarihinin en \u015fa\u015f\u0131rt\u0131c\u0131, en komik ve en unutulmaz anlar\u0131n\u0131 gen\u00e7 okurlara getiriyor. \u00dcstelik kitap yaln\u0131zca kahkaha att\u0131rmakla kalm\u0131yor, futbolun ne kadar tuhaf, e\u011flenceli ve s\u00fcrprizlerle dolu oldu\u011funu da g\u00f6steriyor.    Ve macera burada bitmiyor\u2026  Serinin ikinci kitab\u0131 Efsane Futbol 2: Futbol D\u00fcnyay\u0131 Nas\u0131l De\u011fi\u015ftirebilir? futbolun d\u00fcnyay\u0131 de\u011fi\u015ftirebilecek g\u00fcc\u00fcne odaklan\u0131yor. Futbolun sava\u015flar\u0131 durdurabildi\u011fi, insanlar\u0131 bir araya getirdi\u011fi ve umudu yeniden ye\u015fertti\u011fi ger\u00e7ek hik\u00e2yeler, ilk kitab\u0131n enerjisini daha da ileri ta\u015f\u0131yor.    Bu seri, futbola yaln\u0131zca top pe\u015finde ko\u015fulan bir oyun de\u011fil, kahkaha ve umut dolu bir ya\u015fam sahnesi olarak bakan herkes i\u00e7in. \u00c7ocuklar i\u00e7in e\u011flenceli, b\u00fcy\u00fckler i\u00e7in de \u015fa\u015f\u0131rt\u0131c\u0131 bir okuma deneyimi.      \u201cBu ger\u00e7ek futbol hik\u00e2yeleri koleksiyonu sporun insanlar\u0131 bir araya getirebilece\u011fini, ilham verebilece\u011fini ve hayran b\u0131rakabilece\u011fini g\u00f6steriyor. \u0130lgin\u00e7, e\u011flenceli ve bazen tuhaf&#8230; Futbol severler aras\u0131nda b\u00fcy\u00fck ilgi g\u00f6rece\u011fi kesin.\u201d  \u2015BookTrust    \u201cBu, 7 ya\u015f ve \u00fczeri futbol severler i\u00e7in m\u00fckemmel bir kitap.\u201d  \u2015Brenda Marshall, The English Association  <\/p>\n","protected":false},"excerpt":{"rendered":"<p>Futbol sahas\u0131nda akla gelmeyecek \u015feyler olur mu? Olur! Bir k\u00f6pe\u011fin sahaya dal\u0131p ma\u00e7\u0131 durdurdu\u011funu, kalecinin forvet olup gol kral\u0131 oldu\u011funu ya da k\u00fc\u00e7\u00fck bir \u00e7ocu\u011fun bir<span class=\"excerpt-hellip\"> [\u2026]<\/span><\/p>\n","protected":false},"featured_media":0,"template":"","meta":{"_monsterinsights_skip_tracking":false,"_monsterinsights_sitenote_active":false,"_monsterinsights_sitenote_note":"","_monsterinsights_sitenote_category":0},"product_brand":[],"product_cat":[12274,12284],"product_tag":[],"class_list":{"0":"post-779355","1":"product","2":"type-product","3":"status-publish","5":"product_cat-cocuk-ve-genclik-kitaplari","6":"product_cat-hikayeler","7":"pa_cilt-ciltsiz","8":"pa_tur-kitap","9":"pa_yayinevi-okuyan-us-yayin","10":"pa_yazar-matt-oldfield","12":"first","13":"instock","14":"sale","15":"shipping-taxable","16":"purchasable","17":"product-type-simple"},"_links":{"self":[{"href":"https:\/\/roveyayinevi.com.tr\/index.php\/wp-json\/wp\/v2\/product\/779355","targetHints":{"allow":["GET"]}}],"collection":[{"href":"https:\/\/roveyayinevi.com.tr\/index.php\/wp-json\/wp\/v2\/product"}],"about":[{"href":"https:\/\/roveyayinevi.com.tr\/index.php\/wp-json\/wp\/v2\/types\/product"}],"wp:attachment":[{"href":"https:\/\/roveyayinevi.com.tr\/index.php\/wp-json\/wp\/v2\/media?parent=779355"}],"wp:term":[{"taxonomy":"product_brand","embeddable":true,"href":"https:\/\/roveyayinevi.com.tr\/index.php\/wp-json\/wp\/v2\/product_brand?post=779355"},{"taxonomy":"product_cat","embeddable":true,"href":"https:\/\/roveyayinevi.com.tr\/index.php\/wp-json\/wp\/v2\/product_cat?post=779355"},{"taxonomy":"product_tag","embeddable":true,"href":"https:\/\/roveyayinevi.com.tr\/index.php\/wp-json\/wp\/v2\/product_tag?post=779355"}],"curies":[{"name":"wp","href":"https:\/\/api.w.org\/{rel}","templated":true}]}}