{"id":779354,"date":"2025-12-30T11:49:09","date_gmt":"2025-12-30T08:49:09","guid":{"rendered":"https:\/\/roveyayinevi.com.tr\/index.php\/urun\/cay-firtinasi\/"},"modified":"2026-04-15T03:43:08","modified_gmt":"2026-04-15T00:43:08","slug":"cay-firtinasi","status":"publish","type":"product","link":"https:\/\/roveyayinevi.com.tr\/index.php\/urun\/cay-firtinasi\/","title":{"rendered":"\u00c7ay F\u0131rt\u0131nas\u0131"},"content":{"rendered":"<p>Hafsah Faizal\u2019\u0131n b\u00fcy\u00fcleyici vampir kurgusu, yava\u015f yava\u015f alevlenen bir a\u015fk, g\u00fc\u00e7l\u00fc ba\u011flarla kurulmu\u015f bir aile ve unutulmaz bir intikam hik\u00e2- yesiyle parl\u0131yor. Ba\u015frolde, kendi kurdu\u011fu krall\u0131\u011f\u0131n\u0131 korumak i\u00e7in her \u015feyi g\u00f6ze alan cesur, \u00f6ks\u00fcz bir k\u0131z var.   White Roaring\u2019in tekinsiz sokaklar\u0131nda, Arthie Casimir bir su\u00e7 dehas\u0131 ve s\u0131r koleksiyoncusu olarak nam salm\u0131\u015ft\u0131r. Ekibiyle i\u015fletti\u011fi Spindrift g\u00fcn- d\u00fczleri sayg\u0131n bir \u00e7ay salonu, geceleri tehlikeli vampirlere hizmet eden gizli bir kanevine d\u00f6n\u00fc\u015f\u00fcr. Ancak Spindrift tehdit edilince Arthie onu kurtar- mak i\u00e7in \u00e7ekici bir d\u00fc\u015fmanla g\u00f6n\u00fcls\u00fczce ittifak yapmak zorunda kal\u0131r. \u015eehrin en yetenekli serserilerini yan\u0131na alarak \u0131\u015f\u0131lt\u0131l\u0131 ama u\u011fursuz vam- pirlerin merkezi olan Athereum\u2019a s\u0131zma plan\u0131 yapar. Ne yaz\u0131k ki ekipteki herkes onunla ayn\u0131 safta de\u011fildir. Soygunun ard\u0131ndaki s\u0131rlar a\u00e7\u0131\u011fa \u00e7\u0131kt\u0131k\u00e7a, Arthie ve ekibi kendilerini t\u00fcm d\u00fcnyalar\u0131n\u0131 sarsacak bir komplonun tam ortas\u0131nda bulur.   Karanl\u0131k, aksiyon dolu ve b\u00fcy\u00fcleyici\u2026 Hafsah Faizal, en g\u00fc\u00e7l\u00fc eseriyle kar\u015f\u0131n\u0131zda! VAMP\u0130RLER VE \u0130NT\u0130KAM DEMLEN\u0130YOR\u2026 * * *   \u201cOkuru i\u00e7ine \u00e7eken \u00fcslubuyla nab\u0131z gibi at\u0131yor, her a\u00e7\u0131lan s\u0131r perdesiyle gerilim kat lan\u0131yor ve sayfalar su gibi ak\u0131yor. Bu s\u00fcr\u00fckleyici roman yaln\u0131zca toplumumuza keskin bir ayna tutmakla kalmay\u0131p inand\u0131r\u0131c\u0131 bir d\u00fcnya sunuyor\u2026  Politik ate\u015fle \u00f6r\u00fclm\u00fc\u015f, kalabal\u0131klar\u0131 tatmin eden bir e\u011flence: Ger\u00e7ek bir ganimet.\u201d \u2014KIRKUS, Y\u0131ld\u0131zl\u0131 \u0130nceleme   \u201cRahat, esprili ve zeki&#8230;\u201d \u2014HOLLY BLACK, Zalim Prens\u2019in \u00c7oksatan Yazar\u0131 <\/p>\n","protected":false},"excerpt":{"rendered":"<p>Hafsah Faizal\u2019\u0131n b\u00fcy\u00fcleyici vampir kurgusu, yava\u015f yava\u015f alevlenen bir a\u015fk, g\u00fc\u00e7l\u00fc ba\u011flarla kurulmu\u015f bir aile ve unutulmaz bir intikam hik\u00e2- yesiyle parl\u0131yor. Ba\u015frolde, kendi kurdu\u011fu krall\u0131\u011f\u0131n\u0131<span class=\"excerpt-hellip\"> [\u2026]<\/span><\/p>\n","protected":false},"featured_media":0,"template":"","meta":{"_monsterinsights_skip_tracking":false,"_monsterinsights_sitenote_active":false,"_monsterinsights_sitenote_note":"","_monsterinsights_sitenote_category":0},"product_brand":[],"product_cat":[12291,14777],"product_tag":[],"class_list":{"0":"post-779354","1":"product","2":"type-product","3":"status-publish","5":"product_cat-edebiyat","6":"product_cat-fantastik","7":"pa_cilt-ciltsiz","8":"pa_tur-kitap","9":"pa_yayinevi-nemesis-kitap","10":"pa_yazar-hafsah-faizal","12":"first","13":"instock","14":"sale","15":"shipping-taxable","16":"purchasable","17":"product-type-simple"},"_links":{"self":[{"href":"https:\/\/roveyayinevi.com.tr\/index.php\/wp-json\/wp\/v2\/product\/779354","targetHints":{"allow":["GET"]}}],"collection":[{"href":"https:\/\/roveyayinevi.com.tr\/index.php\/wp-json\/wp\/v2\/product"}],"about":[{"href":"https:\/\/roveyayinevi.com.tr\/index.php\/wp-json\/wp\/v2\/types\/product"}],"wp:attachment":[{"href":"https:\/\/roveyayinevi.com.tr\/index.php\/wp-json\/wp\/v2\/media?parent=779354"}],"wp:term":[{"taxonomy":"product_brand","embeddable":true,"href":"https:\/\/roveyayinevi.com.tr\/index.php\/wp-json\/wp\/v2\/product_brand?post=779354"},{"taxonomy":"product_cat","embeddable":true,"href":"https:\/\/roveyayinevi.com.tr\/index.php\/wp-json\/wp\/v2\/product_cat?post=779354"},{"taxonomy":"product_tag","embeddable":true,"href":"https:\/\/roveyayinevi.com.tr\/index.php\/wp-json\/wp\/v2\/product_tag?post=779354"}],"curies":[{"name":"wp","href":"https:\/\/api.w.org\/{rel}","templated":true}]}}