{"id":779353,"date":"2025-12-30T11:49:06","date_gmt":"2025-12-30T08:49:06","guid":{"rendered":"https:\/\/roveyayinevi.com.tr\/index.php\/urun\/kucuk-kopek-neredesin-ce-eeee\/"},"modified":"2026-04-15T03:43:08","modified_gmt":"2026-04-15T00:43:08","slug":"kucuk-kopek-neredesin-ce-eeee","status":"publish","type":"product","link":"https:\/\/roveyayinevi.com.tr\/index.php\/urun\/kucuk-kopek-neredesin-ce-eeee\/","title":{"rendered":"K\u00fc\u00e7\u00fck K\u00f6pek Neredesin? CE-EEEE!"},"content":{"rendered":"<p>Pencereli, dokun ve hisset Sevimli k\u00f6pe\u011fimizi bulmaya var m\u0131s\u0131n? Pencereli ve dokun-hisset \u00f6zellikleriyle haz\u0131rlanan bu kitapta \u00e7ocuklar sadece k\u00f6pe\u011fi de\u011fil; tav\u015fan, k\u00fc\u00e7\u00fck kedi, k\u00fc\u00e7\u00fck ku\u015f ve k\u00fc\u00e7\u00fck fare gibi birbirinden tatl\u0131 dostlarla da tan\u0131\u015f\u0131yor. Renkli \u00e7izimler, s\u00fcrpriz pencereler ve dokunulabilir alanlar miniklerin merak\u0131n\u0131 art\u0131r\u0131yor, e\u011flenceli bir \u00f6\u011frenme yolculu\u011fu sunuyor.     Kazan\u0131mlar: Kelime \u00d6\u011frenme Duyusal Geli\u015fim Dokun &amp; Ke\u015ffet D\u00fcnyay\u0131 Ke\u015ffet (Hayvanlar\u0131 Tan\u0131ma)  <\/p>\n","protected":false},"excerpt":{"rendered":"<p>Pencereli, dokun ve hisset Sevimli k\u00f6pe\u011fimizi bulmaya var m\u0131s\u0131n? Pencereli ve dokun-hisset \u00f6zellikleriyle haz\u0131rlanan bu kitapta \u00e7ocuklar sadece k\u00f6pe\u011fi de\u011fil; tav\u015fan, k\u00fc\u00e7\u00fck kedi, k\u00fc\u00e7\u00fck ku\u015f ve<span class=\"excerpt-hellip\"> [\u2026]<\/span><\/p>\n","protected":false},"featured_media":0,"template":"","meta":{"_monsterinsights_skip_tracking":false,"_monsterinsights_sitenote_active":false,"_monsterinsights_sitenote_note":"","_monsterinsights_sitenote_category":0},"product_brand":[],"product_cat":[12274,12518],"product_tag":[],"class_list":{"0":"post-779353","1":"product","2":"type-product","3":"status-publish","5":"product_cat-cocuk-ve-genclik-kitaplari","6":"product_cat-okul-oncesi-kitaplar","7":"pa_cilt-ciltli","8":"pa_tur-kitap","9":"pa_yayinevi-ucan-fil-yayinlari","10":"pa_yazar-kolektif","12":"first","13":"instock","14":"sale","15":"shipping-taxable","16":"purchasable","17":"product-type-simple"},"_links":{"self":[{"href":"https:\/\/roveyayinevi.com.tr\/index.php\/wp-json\/wp\/v2\/product\/779353","targetHints":{"allow":["GET"]}}],"collection":[{"href":"https:\/\/roveyayinevi.com.tr\/index.php\/wp-json\/wp\/v2\/product"}],"about":[{"href":"https:\/\/roveyayinevi.com.tr\/index.php\/wp-json\/wp\/v2\/types\/product"}],"wp:attachment":[{"href":"https:\/\/roveyayinevi.com.tr\/index.php\/wp-json\/wp\/v2\/media?parent=779353"}],"wp:term":[{"taxonomy":"product_brand","embeddable":true,"href":"https:\/\/roveyayinevi.com.tr\/index.php\/wp-json\/wp\/v2\/product_brand?post=779353"},{"taxonomy":"product_cat","embeddable":true,"href":"https:\/\/roveyayinevi.com.tr\/index.php\/wp-json\/wp\/v2\/product_cat?post=779353"},{"taxonomy":"product_tag","embeddable":true,"href":"https:\/\/roveyayinevi.com.tr\/index.php\/wp-json\/wp\/v2\/product_tag?post=779353"}],"curies":[{"name":"wp","href":"https:\/\/api.w.org\/{rel}","templated":true}]}}