{"id":779352,"date":"2025-12-30T11:49:04","date_gmt":"2025-12-30T08:49:04","guid":{"rendered":"https:\/\/roveyayinevi.com.tr\/index.php\/urun\/sosyoloji-temel-konular-ve-ozgun-perspektifler\/"},"modified":"2026-04-15T03:43:07","modified_gmt":"2026-04-15T00:43:07","slug":"sosyoloji-temel-konular-ve-ozgun-perspektifler","status":"publish","type":"product","link":"https:\/\/roveyayinevi.com.tr\/index.php\/urun\/sosyoloji-temel-konular-ve-ozgun-perspektifler\/","title":{"rendered":"Sosyoloji Temel Konular ve \u00d6zg\u00fcn Perspektifler"},"content":{"rendered":"<p>Sosyoloji, insan\u0131n ve toplumun u\u0308zerine du\u0308\u015fu\u0308nme \u00e7abas\u0131n\u0131n bitimsizli\u011fini hat\u0131rlat\u0131r. Bu \u00e7aba, yaln\u0131zca sorular sormakla de\u011fil, ayn\u0131 zamanda kendi u\u0308zerine su\u0308rekli du\u0308\u015fu\u0308nmek, ele\u015ftirmek ve yeniden aray\u0131\u015fa girmekle anlam kazan\u0131r. On bir b\u00f6lu\u0308mden olu\u015fan eser; sosyolojinin konusu ve nesnesinden ba\u015flayarak toplumsal yap\u0131, tabakala\u015fma, aile, din, siyaset gibi kadim meseleleri ele al\u0131yor, gu\u0308nu\u0308mu\u0308zu\u0308n yeni tart\u0131\u015fma alanlar\u0131 olan dijitalle\u015fme ve gu\u0308ncel toplumsal sorunlarla devam ediyor. Bu y\u00f6nu\u0308yle hem sosyolojinin k\u00f6klerini hem de bugu\u0308nu\u0308n du\u0308nyas\u0131nda kar\u015f\u0131la\u015ft\u0131\u011f\u0131 d\u00f6nu\u0308\u015fu\u0308mleri birlikte kavrama imk\u00e2n\u0131 sunuyor. Bu eser, sosyolojiye ilgi duyan herkese; ara\u015ft\u0131rmac\u0131lara, \u00f6\u011frencilere ve merakl\u0131 okurlara ele\u015ftirel bir giri\u015f niteli\u011fi ta\u015f\u0131rken, ayn\u0131 zamanda yeni tart\u0131\u015fmalar\u0131n kap\u0131s\u0131n\u0131 aralayan bir davet niteli\u011findedir. <\/p>\n","protected":false},"excerpt":{"rendered":"<p>Sosyoloji, insan\u0131n ve toplumun u\u0308zerine du\u0308\u015fu\u0308nme \u00e7abas\u0131n\u0131n bitimsizli\u011fini hat\u0131rlat\u0131r. Bu \u00e7aba, yaln\u0131zca sorular sormakla de\u011fil, ayn\u0131 zamanda kendi u\u0308zerine su\u0308rekli du\u0308\u015fu\u0308nmek, ele\u015ftirmek ve yeniden aray\u0131\u015fa girmekle<span class=\"excerpt-hellip\"> [\u2026]<\/span><\/p>\n","protected":false},"featured_media":0,"template":"","meta":{"_monsterinsights_skip_tracking":false,"_monsterinsights_sitenote_active":false,"_monsterinsights_sitenote_note":"","_monsterinsights_sitenote_category":0},"product_brand":[],"product_cat":[12324],"product_tag":[],"class_list":{"0":"post-779352","1":"product","2":"type-product","3":"status-publish","5":"product_cat-sosyoloji","6":"pa_cilt-ciltsiz","7":"pa_tur-kitap","8":"pa_yayinevi-kadim-yayinlari","9":"pa_yazar-kolektif","11":"first","12":"instock","13":"sale","14":"shipping-taxable","15":"purchasable","16":"product-type-simple"},"_links":{"self":[{"href":"https:\/\/roveyayinevi.com.tr\/index.php\/wp-json\/wp\/v2\/product\/779352","targetHints":{"allow":["GET"]}}],"collection":[{"href":"https:\/\/roveyayinevi.com.tr\/index.php\/wp-json\/wp\/v2\/product"}],"about":[{"href":"https:\/\/roveyayinevi.com.tr\/index.php\/wp-json\/wp\/v2\/types\/product"}],"wp:attachment":[{"href":"https:\/\/roveyayinevi.com.tr\/index.php\/wp-json\/wp\/v2\/media?parent=779352"}],"wp:term":[{"taxonomy":"product_brand","embeddable":true,"href":"https:\/\/roveyayinevi.com.tr\/index.php\/wp-json\/wp\/v2\/product_brand?post=779352"},{"taxonomy":"product_cat","embeddable":true,"href":"https:\/\/roveyayinevi.com.tr\/index.php\/wp-json\/wp\/v2\/product_cat?post=779352"},{"taxonomy":"product_tag","embeddable":true,"href":"https:\/\/roveyayinevi.com.tr\/index.php\/wp-json\/wp\/v2\/product_tag?post=779352"}],"curies":[{"name":"wp","href":"https:\/\/api.w.org\/{rel}","templated":true}]}}