{"id":779347,"date":"2025-12-30T11:48:00","date_gmt":"2025-12-30T08:48:00","guid":{"rendered":"https:\/\/roveyayinevi.com.tr\/index.php\/urun\/olus-ve-bosluk-arasinda-baladlar\/"},"modified":"2026-04-15T03:43:04","modified_gmt":"2026-04-15T00:43:04","slug":"olus-ve-bosluk-arasinda-baladlar","status":"publish","type":"product","link":"https:\/\/roveyayinevi.com.tr\/index.php\/urun\/olus-ve-bosluk-arasinda-baladlar\/","title":{"rendered":"Olu\u015f ve Bo\u015fluk Aras\u0131nda Baladlar"},"content":{"rendered":"<p>Olu\u015fla bo\u015flu\u011fun aras\u0131nda, zihnin s\u0131n\u0131rlar\u0131n\u0131 zorlayan bir yolculuk. \u0130\u00e7inde bulundu\u011fumuz bir olu\u015f\u2026\u201c\u0130deal\u201din yerinde duran devasa bir bo\u015fluk\u2026 Bu ikisi aras\u0131nda mekik dokuyan ve dahi dokuduklar\u0131n\u0131 payla\u015fan bir zihin\u2026Bu zihnin i\u00e7inde (l\u00fctfen yal\u0131n ayak) y\u00fcr\u00fcrken tan\u0131d\u0131k bir hisse, anlama, olu\u015fa, bo\u015flu\u011fa rastlayabilir yahut ilk kez duyaca\u011f\u0131n\u0131z baladlar i\u015fitebilirsiniz. Sayfalar aras\u0131nda gezinirken duyduklar\u0131n\u0131za \u0131sl\u0131kla e\u015flik edebilme ihtimaliniz ise kitab\u0131n yaz\u0131lma sebebidir.  &#8220;\u0130nsan bilinmezlerin \u00e7ok oldu\u011fu d\u00fcnyay\u0131 kendi hikayeleri ile anlamland\u0131r\u0131r. \u0130li\u015fkiler de b\u00f6yledir.&#8221;<\/p>\n","protected":false},"excerpt":{"rendered":"<p>Olu\u015fla bo\u015flu\u011fun aras\u0131nda, zihnin s\u0131n\u0131rlar\u0131n\u0131 zorlayan bir yolculuk. \u0130\u00e7inde bulundu\u011fumuz bir olu\u015f\u2026\u201c\u0130deal\u201din yerinde duran devasa bir bo\u015fluk\u2026 Bu ikisi aras\u0131nda mekik dokuyan ve dahi dokuduklar\u0131n\u0131 payla\u015fan<span class=\"excerpt-hellip\"> [\u2026]<\/span><\/p>\n","protected":false},"featured_media":0,"template":"","meta":{"_monsterinsights_skip_tracking":false,"_monsterinsights_sitenote_active":false,"_monsterinsights_sitenote_note":"","_monsterinsights_sitenote_category":0},"product_brand":[],"product_cat":[13072,12291],"product_tag":[],"class_list":{"0":"post-779347","1":"product","2":"type-product","3":"status-publish","5":"product_cat-arastirma-inceleme-referans","6":"product_cat-edebiyat","7":"pa_cilt-ciltsiz","8":"pa_tur-kitap","9":"pa_yayinevi-epsilon-yayinlari","10":"pa_yazar-aydin-adrian-bahar","12":"first","13":"instock","14":"sale","15":"shipping-taxable","16":"purchasable","17":"product-type-simple"},"_links":{"self":[{"href":"https:\/\/roveyayinevi.com.tr\/index.php\/wp-json\/wp\/v2\/product\/779347","targetHints":{"allow":["GET"]}}],"collection":[{"href":"https:\/\/roveyayinevi.com.tr\/index.php\/wp-json\/wp\/v2\/product"}],"about":[{"href":"https:\/\/roveyayinevi.com.tr\/index.php\/wp-json\/wp\/v2\/types\/product"}],"wp:attachment":[{"href":"https:\/\/roveyayinevi.com.tr\/index.php\/wp-json\/wp\/v2\/media?parent=779347"}],"wp:term":[{"taxonomy":"product_brand","embeddable":true,"href":"https:\/\/roveyayinevi.com.tr\/index.php\/wp-json\/wp\/v2\/product_brand?post=779347"},{"taxonomy":"product_cat","embeddable":true,"href":"https:\/\/roveyayinevi.com.tr\/index.php\/wp-json\/wp\/v2\/product_cat?post=779347"},{"taxonomy":"product_tag","embeddable":true,"href":"https:\/\/roveyayinevi.com.tr\/index.php\/wp-json\/wp\/v2\/product_tag?post=779347"}],"curies":[{"name":"wp","href":"https:\/\/api.w.org\/{rel}","templated":true}]}}