{"id":779344,"date":"2025-12-30T11:47:48","date_gmt":"2025-12-30T08:47:48","guid":{"rendered":"https:\/\/roveyayinevi.com.tr\/index.php\/urun\/hos-sadadan-esintiler\/"},"modified":"2026-04-15T03:42:39","modified_gmt":"2026-04-15T00:42:39","slug":"hos-sadadan-esintiler","status":"publish","type":"product","link":"https:\/\/roveyayinevi.com.tr\/index.php\/urun\/hos-sadadan-esintiler\/","title":{"rendered":"Ho\u015f Sadadan Esintiler"},"content":{"rendered":"<p>Y\u00dcRE\u011e\u0130N GURBETLE DEMLEND\u0130\u011e\u0130 AN Y\u00fcre\u011fin gurbetle, demlendi\u011fi an Hasretin bendini, y\u0131k da \u00f6yle git G\u00f6zlerin hicr\u00e2nla, nemlendi\u011fi an G\u00f6nl\u00fcnce bir t\u00fcrk\u00fc, yak da \u00f6yle git.   R\u00fbhunu ok\u015fayan, sab\u00e2 yelinden G\u00f6n\u00fcl saz\u0131ndaki, nev\u00e2 telinden \u00c7a\u011flarken duygular, g\u00f6n\u00fcl dilinden Co\u015fkun seller gibi, ak da \u00f6yle git.   Unutma ki g\u00f6nl\u00fcn, d\u00fc\u015ferse dara Kap\u0131lma hi\u00e7bir an, derin efk\u00e2ra Kapan\u0131r zam\u00e2nla, m\u00fczmin her yara \u00dcmitle yar\u0131na, bak da \u00f6yle git.   Ufkunda d\u00fc\u015flerin, \u015favk\u0131 s\u00fcz\u00fcls\u00fcn Her nefes i\u00e7inde, s\u0131rr\u0131 \u00e7\u00f6z\u00fcls\u00fcn \u0130stemem bir lahz\u00e2, kalbin \u00fcz\u00fcls\u00fcn F\u00e2n\u00eel\u0131k t\u00e2c\u0131n\u0131, tak da \u00f6yle git.   \u00d6zlemler tutu\u015fup, har oldu\u011funda Vuslat\u0131n p\u00e2yesi, yar oldu\u011funda Koskoca \u015fu d\u00fcny\u00e2, dar oldu\u011funda Can gibi kafesten, \u00e7\u0131k da \u00f6yle git. <\/p>\n","protected":false},"excerpt":{"rendered":"<p>Y\u00dcRE\u011e\u0130N GURBETLE DEMLEND\u0130\u011e\u0130 AN Y\u00fcre\u011fin gurbetle, demlendi\u011fi an Hasretin bendini, y\u0131k da \u00f6yle git G\u00f6zlerin hicr\u00e2nla, nemlendi\u011fi an G\u00f6nl\u00fcnce bir t\u00fcrk\u00fc, yak da \u00f6yle git. R\u00fbhunu<span class=\"excerpt-hellip\"> [\u2026]<\/span><\/p>\n","protected":false},"featured_media":0,"template":"","meta":{"_monsterinsights_skip_tracking":false,"_monsterinsights_sitenote_active":false,"_monsterinsights_sitenote_note":"","_monsterinsights_sitenote_category":0},"product_brand":[],"product_cat":[12291,12509],"product_tag":[],"class_list":{"0":"post-779344","1":"product","2":"type-product","3":"status-publish","5":"product_cat-edebiyat","6":"product_cat-siir","7":"pa_cilt-ciltsiz","8":"pa_tur-kitap","9":"pa_yayinevi-gulnar-yayinlari","10":"pa_yazar-cemalettin-turan","12":"first","13":"instock","14":"sale","15":"shipping-taxable","16":"purchasable","17":"product-type-simple"},"_links":{"self":[{"href":"https:\/\/roveyayinevi.com.tr\/index.php\/wp-json\/wp\/v2\/product\/779344","targetHints":{"allow":["GET"]}}],"collection":[{"href":"https:\/\/roveyayinevi.com.tr\/index.php\/wp-json\/wp\/v2\/product"}],"about":[{"href":"https:\/\/roveyayinevi.com.tr\/index.php\/wp-json\/wp\/v2\/types\/product"}],"wp:attachment":[{"href":"https:\/\/roveyayinevi.com.tr\/index.php\/wp-json\/wp\/v2\/media?parent=779344"}],"wp:term":[{"taxonomy":"product_brand","embeddable":true,"href":"https:\/\/roveyayinevi.com.tr\/index.php\/wp-json\/wp\/v2\/product_brand?post=779344"},{"taxonomy":"product_cat","embeddable":true,"href":"https:\/\/roveyayinevi.com.tr\/index.php\/wp-json\/wp\/v2\/product_cat?post=779344"},{"taxonomy":"product_tag","embeddable":true,"href":"https:\/\/roveyayinevi.com.tr\/index.php\/wp-json\/wp\/v2\/product_tag?post=779344"}],"curies":[{"name":"wp","href":"https:\/\/api.w.org\/{rel}","templated":true}]}}