{"id":779343,"date":"2025-12-30T11:47:46","date_gmt":"2025-12-30T08:47:46","guid":{"rendered":"https:\/\/roveyayinevi.com.tr\/index.php\/urun\/eger-100-yasina-kadar-yasayacaksan-en-azindan-mutlu-olmasini-bil\/"},"modified":"2026-04-03T03:33:13","modified_gmt":"2026-04-03T00:33:13","slug":"eger-100-yasina-kadar-yasayacaksan-en-azindan-mutlu-olmasini-bil","status":"publish","type":"product","link":"https:\/\/roveyayinevi.com.tr\/index.php\/urun\/eger-100-yasina-kadar-yasayacaksan-en-azindan-mutlu-olmasini-bil\/","title":{"rendered":"E\u011fer 100 Ya\u015f\u0131na Kadar Ya\u015fayacaksan En Az\u0131ndan Mutlu Olmas\u0131n\u0131 Bil"},"content":{"rendered":"<p>Uzun ve keyifli bir ya\u015fam i\u00e7in dersler&#8230; \u201cHayat, biz onu nas\u0131l \u015fekillendirirsek odur; her zaman \u00f6yle olmu\u015ftur, her zaman da \u00f6yle olacakt\u0131r.\u201d G\u00fcney Koreli bir psikiyatrist olan Rhee Kun Hoo dan\u0131\u015fmanl\u0131k ve ya\u015fam ko\u00e7lu\u011fu da yapm\u0131\u015f, kitaplar\u0131 \u00e7ok satan bir yazard\u0131r. Yazar, E\u011fer 100 Ya\u015f\u0131na Kadar Ya\u015fayacaksan En Az\u0131ndan Mutlu Olmas\u0131n\u0131 Bil adl\u0131 bu kitab\u0131nda ya\u015fam\u0131n ka\u00e7\u0131n\u0131lmaz ger\u00e7eklerini anlat\u0131yor, s\u0131radan mutluluklar\u0131n asla k\u00fc\u00e7\u00fcmsenmemesinin \u00f6nemini vurguluyor. Hayat\u0131n\u0131za sahip \u00e7\u0131k\u0131p her g\u00fcn\u00fcn\u00fcz\u00fc kalbinizin ger\u00e7ekten istedi\u011fi \u015feyin pe\u015finden ko\u015farak ge\u00e7irdi\u011finizde hayal k\u0131r\u0131kl\u0131\u011f\u0131na u\u011framayacaks\u0131n\u0131z. Hayat, m\u00fcthi\u015f bir yolculuk olacak. <\/p>\n","protected":false},"excerpt":{"rendered":"<p>Uzun ve keyifli bir ya\u015fam i\u00e7in dersler&#8230; \u201cHayat, biz onu nas\u0131l \u015fekillendirirsek odur; her zaman \u00f6yle olmu\u015ftur, her zaman da \u00f6yle olacakt\u0131r.\u201d G\u00fcney Koreli bir psikiyatrist<span class=\"excerpt-hellip\"> [\u2026]<\/span><\/p>\n","protected":false},"featured_media":0,"template":"","meta":{"_monsterinsights_skip_tracking":false,"_monsterinsights_sitenote_active":false,"_monsterinsights_sitenote_note":"","_monsterinsights_sitenote_category":0},"product_brand":[],"product_cat":[12364,12376],"product_tag":[],"class_list":{"0":"post-779343","1":"product","2":"type-product","3":"status-publish","5":"product_cat-genel-konular","6":"product_cat-kisisel-gelisim","7":"pa_cilt-ciltsiz","8":"pa_tur-kitap","9":"pa_yayinevi-remzi-kitabevi","10":"pa_yazar-rhee-kun-hoo","12":"first","13":"instock","14":"sale","15":"shipping-taxable","16":"purchasable","17":"product-type-simple"},"_links":{"self":[{"href":"https:\/\/roveyayinevi.com.tr\/index.php\/wp-json\/wp\/v2\/product\/779343","targetHints":{"allow":["GET"]}}],"collection":[{"href":"https:\/\/roveyayinevi.com.tr\/index.php\/wp-json\/wp\/v2\/product"}],"about":[{"href":"https:\/\/roveyayinevi.com.tr\/index.php\/wp-json\/wp\/v2\/types\/product"}],"wp:attachment":[{"href":"https:\/\/roveyayinevi.com.tr\/index.php\/wp-json\/wp\/v2\/media?parent=779343"}],"wp:term":[{"taxonomy":"product_brand","embeddable":true,"href":"https:\/\/roveyayinevi.com.tr\/index.php\/wp-json\/wp\/v2\/product_brand?post=779343"},{"taxonomy":"product_cat","embeddable":true,"href":"https:\/\/roveyayinevi.com.tr\/index.php\/wp-json\/wp\/v2\/product_cat?post=779343"},{"taxonomy":"product_tag","embeddable":true,"href":"https:\/\/roveyayinevi.com.tr\/index.php\/wp-json\/wp\/v2\/product_tag?post=779343"}],"curies":[{"name":"wp","href":"https:\/\/api.w.org\/{rel}","templated":true}]}}