{"id":779342,"date":"2025-12-30T11:47:42","date_gmt":"2025-12-30T08:47:42","guid":{"rendered":"https:\/\/roveyayinevi.com.tr\/index.php\/urun\/ah-su-kadinlar\/"},"modified":"2026-04-15T03:42:38","modified_gmt":"2026-04-15T00:42:38","slug":"ah-su-kadinlar","status":"publish","type":"product","link":"https:\/\/roveyayinevi.com.tr\/index.php\/urun\/ah-su-kadinlar\/","title":{"rendered":"Ah \u015eu Kad\u0131nlar"},"content":{"rendered":"<p>&#8220;Hayat bir tiyatro sahnesidir\u2026&#8221; Kad\u0131nlar, bu sahnede kimi zaman anne, kimi zaman e\u015f, evlat, \u00f6\u011fretmen, temizlik\u00e7i, muhasebeci ya da a\u015f\u00e7\u0131 olurlar. A\u011flarlar, g\u00fclerler, ba\u015fkald\u0131r\u0131rlar, kabullenirler. Toplumun gelenekleriyle \u015fekillenseler de, her daim hayata bir iz b\u0131rak\u0131rlar. Bu kitapta yer alan ske\u00e7ler, bir yandan g\u00fcld\u00fcr\u00fcrken bir yandan d\u00fc\u015f\u00fcnd\u00fcr\u00fcyor. Her birinde kendinizden, annenizden, kom\u015funuzdan ya da bir tan\u0131d\u0131\u011f\u0131n\u0131zdan izler bulacaks\u0131n\u0131z. \u00c7\u00fcnk\u00fc bu hik\u00e2yeler, ger\u00e7ek hayattan, ya\u015fanm\u0131\u015fl\u0131klardan ilham alarak kaleme al\u0131nd\u0131. Y\u0131llar boyunca sahnelenen bu ske\u00e7ler \u015fimdi bu kitapta bulu\u015fuyor. Kad\u0131nlar\u0131n hayat i\u00e7indeki bin bir h\u00e2line, mizahla yo\u011frulmu\u015f i\u00e7ten bir bak\u0131\u015f\u2026 \u00c7\u00fcnk\u00fc kad\u0131n, yaln\u0131zca &#8220;oynayan&#8221; de\u011fil, bazen oyunu ba\u015ftan yazand\u0131r. <\/p>\n","protected":false},"excerpt":{"rendered":"<p>&#8220;Hayat bir tiyatro sahnesidir\u2026&#8221; Kad\u0131nlar, bu sahnede kimi zaman anne, kimi zaman e\u015f, evlat, \u00f6\u011fretmen, temizlik\u00e7i, muhasebeci ya da a\u015f\u00e7\u0131 olurlar. A\u011flarlar, g\u00fclerler, ba\u015fkald\u0131r\u0131rlar, kabullenirler. Toplumun<span class=\"excerpt-hellip\"> [\u2026]<\/span><\/p>\n","protected":false},"featured_media":0,"template":"","meta":{"_monsterinsights_skip_tracking":false,"_monsterinsights_sitenote_active":false,"_monsterinsights_sitenote_note":"","_monsterinsights_sitenote_category":0},"product_brand":[],"product_cat":[12291,14272],"product_tag":[],"class_list":{"0":"post-779342","1":"product","2":"type-product","3":"status-publish","5":"product_cat-edebiyat","6":"product_cat-tiyatro","7":"pa_cilt-ciltsiz","8":"pa_tur-kitap","9":"pa_yayinevi-gulnar-yayinlari","10":"pa_yazar-ozlem-icik","12":"first","13":"instock","14":"sale","15":"shipping-taxable","16":"purchasable","17":"product-type-simple"},"_links":{"self":[{"href":"https:\/\/roveyayinevi.com.tr\/index.php\/wp-json\/wp\/v2\/product\/779342","targetHints":{"allow":["GET"]}}],"collection":[{"href":"https:\/\/roveyayinevi.com.tr\/index.php\/wp-json\/wp\/v2\/product"}],"about":[{"href":"https:\/\/roveyayinevi.com.tr\/index.php\/wp-json\/wp\/v2\/types\/product"}],"wp:attachment":[{"href":"https:\/\/roveyayinevi.com.tr\/index.php\/wp-json\/wp\/v2\/media?parent=779342"}],"wp:term":[{"taxonomy":"product_brand","embeddable":true,"href":"https:\/\/roveyayinevi.com.tr\/index.php\/wp-json\/wp\/v2\/product_brand?post=779342"},{"taxonomy":"product_cat","embeddable":true,"href":"https:\/\/roveyayinevi.com.tr\/index.php\/wp-json\/wp\/v2\/product_cat?post=779342"},{"taxonomy":"product_tag","embeddable":true,"href":"https:\/\/roveyayinevi.com.tr\/index.php\/wp-json\/wp\/v2\/product_tag?post=779342"}],"curies":[{"name":"wp","href":"https:\/\/api.w.org\/{rel}","templated":true}]}}