{"id":779341,"date":"2025-12-30T11:47:36","date_gmt":"2025-12-30T08:47:36","guid":{"rendered":"https:\/\/roveyayinevi.com.tr\/index.php\/urun\/kelimelerin-tarihi\/"},"modified":"2026-04-15T03:42:35","modified_gmt":"2026-04-15T00:42:35","slug":"kelimelerin-tarihi","status":"publish","type":"product","link":"https:\/\/roveyayinevi.com.tr\/index.php\/urun\/kelimelerin-tarihi\/","title":{"rendered":"Kelimelerin Tarihi"},"content":{"rendered":"<p>Kelimelerin g\u00fcc\u00fcyle tarihe dokunun! Dilin, medeniyetleri ve toplumsal ya\u015fam\u0131 nas\u0131l \u015fekillendirdi\u011fini ke\u015ffetmeye haz\u0131r m\u0131s\u0131n\u0131z? Reng\u00e2renk ve e\u011flenceli \u00e7izimlerle dolu bu b\u00fcy\u00fcleyici kitap, gen\u00e7 ve merakl\u0131 zihinleri tarihin ilham verici kelime ustalar\u0131yla tan\u0131\u015ft\u0131r\u0131rken, ge\u00e7mi\u015ften g\u00fcn\u00fcm\u00fcze s\u00f6zc\u00fcklerin insan ileti\u015fiminin temellerini nas\u0131l att\u0131\u011f\u0131n\u0131 g\u00f6zler \u00f6n\u00fcne seriyor. Hadi siz de bu e\u015fsiz yolculu\u011fa kat\u0131l\u0131n ve kendi s\u00f6zc\u00fcklerinizle d\u00fcnyay\u0131 de\u011fi\u015ftirmenin g\u00fcc\u00fcn\u00fc ke\u015ffedin!<\/p>\n","protected":false},"excerpt":{"rendered":"<p>Kelimelerin g\u00fcc\u00fcyle tarihe dokunun! Dilin, medeniyetleri ve toplumsal ya\u015fam\u0131 nas\u0131l \u015fekillendirdi\u011fini ke\u015ffetmeye haz\u0131r m\u0131s\u0131n\u0131z? Reng\u00e2renk ve e\u011flenceli \u00e7izimlerle dolu bu b\u00fcy\u00fcleyici kitap, gen\u00e7 ve merakl\u0131 zihinleri<span class=\"excerpt-hellip\"> [\u2026]<\/span><\/p>\n","protected":false},"featured_media":0,"template":"","meta":{"_monsterinsights_skip_tracking":false,"_monsterinsights_sitenote_active":false,"_monsterinsights_sitenote_note":"","_monsterinsights_sitenote_category":0},"product_brand":[],"product_cat":[12274,15842],"product_tag":[],"class_list":{"0":"post-779341","1":"product","2":"type-product","3":"status-publish","5":"product_cat-cocuk-ve-genclik-kitaplari","6":"product_cat-egitici-kitaplar","7":"pa_cilt-ciltsiz","8":"pa_tur-kitap","9":"pa_yayinevi-hep-kitap","10":"pa_yazar-mary-richards","12":"first","13":"instock","14":"sale","15":"shipping-taxable","16":"purchasable","17":"product-type-simple"},"_links":{"self":[{"href":"https:\/\/roveyayinevi.com.tr\/index.php\/wp-json\/wp\/v2\/product\/779341","targetHints":{"allow":["GET"]}}],"collection":[{"href":"https:\/\/roveyayinevi.com.tr\/index.php\/wp-json\/wp\/v2\/product"}],"about":[{"href":"https:\/\/roveyayinevi.com.tr\/index.php\/wp-json\/wp\/v2\/types\/product"}],"wp:attachment":[{"href":"https:\/\/roveyayinevi.com.tr\/index.php\/wp-json\/wp\/v2\/media?parent=779341"}],"wp:term":[{"taxonomy":"product_brand","embeddable":true,"href":"https:\/\/roveyayinevi.com.tr\/index.php\/wp-json\/wp\/v2\/product_brand?post=779341"},{"taxonomy":"product_cat","embeddable":true,"href":"https:\/\/roveyayinevi.com.tr\/index.php\/wp-json\/wp\/v2\/product_cat?post=779341"},{"taxonomy":"product_tag","embeddable":true,"href":"https:\/\/roveyayinevi.com.tr\/index.php\/wp-json\/wp\/v2\/product_tag?post=779341"}],"curies":[{"name":"wp","href":"https:\/\/api.w.org\/{rel}","templated":true}]}}