{"id":779337,"date":"2025-12-30T11:47:19","date_gmt":"2025-12-30T08:47:19","guid":{"rendered":"https:\/\/roveyayinevi.com.tr\/index.php\/urun\/tomarca-mulahazalar\/"},"modified":"2026-01-30T04:13:47","modified_gmt":"2026-01-30T01:13:47","slug":"tomarca-mulahazalar","status":"publish","type":"product","link":"https:\/\/roveyayinevi.com.tr\/index.php\/urun\/tomarca-mulahazalar\/","title":{"rendered":"Tomar&#8217;ca M\u00fclahazalar"},"content":{"rendered":"<p>Yazar 1968 y\u0131l\u0131nda Trabzon&#8217;un Tonya il\u00e7esine ba\u011fl\u0131 Sara\u00e7 K\u00f6y\u00fcnde\/Mahallesi&#8217;nde d\u00fcnyaya geldi. 1984-85 y\u0131l\u0131nda Tonya \u0130mam Hatip Lisesi&#8217;den mezun oldu. 2,5 y\u0131l Erzurum-Oltu il\u00e7esine ba\u011fl\u0131 Yolboyu K\u00f6y\u00fc&#8217;nde \u0130mam-Hatiplik g\u00f6revinde bulundu. 1989 Haziran ay\u0131nda KT\u00dc- Giresun E\u011fitim Y\u00fcksekokulu&#8217;nu bitirdi. 1990 y\u0131l\u0131ndan bu yana s\u0131n\u0131f \u00f6\u011fretmeni olarak g\u00f6rev yapmaktad\u0131r. T\u00fcrkiye&#8217;nin \u00e7e\u015fitli yerlerinde g\u00f6rev yapm\u0131\u015ft\u0131r.2023 y\u0131l\u0131 itibar\u0131yla Ba\u015f\u00f6\u011fretmen s\u0131fat\u0131yla g\u00f6revine devam etmektedir. Yazar\u0131m\u0131z g\u00f6revinin ilk y\u0131llar\u0131nda Anadolu \u00dcniversitesi T\u00fcrk\u00e7e \u00f6\u011fretmenlik b\u00f6l\u00fcm\u00fcn\u00fc bitirerek lisans diplomas\u0131 alm\u0131\u015ft\u0131r. Ayn\u0131 zamanda 3 y\u0131l \u0130ktisat Fak\u00fcltesinde okumu\u015ftur. 2023 y\u0131l\u0131ndan beri Samsun- \u0130lkad\u0131m Sakarya \u0130lkokulu&#8217;nda g\u00f6revine devam etmektedir. Yaz\u0131 hayat\u0131na 2020 y\u0131l\u0131ndan beri aktif olarak devam etmektedir. G\u00fcnl\u00fck olarak yazd\u0131\u011f\u0131 denemeler www.serhathaber.com&#8217;da yay\u0131mlanm\u0131\u015ft\u0131r. Yazar ayn\u0131 zamanda Samsun &#8220;Denge Gazetesi&#8217;nde&#8221; g\u00fcnl\u00fck yaz\u0131lar yazarak k\u00f6\u015fe yazarl\u0131\u011f\u0131 yapmaktad\u0131r. Yay\u0131mlanm\u0131\u015f ba\u015fl\u0131ca eserleri \u015funlard\u0131r: 1- G\u00f6z Ard\u0131 Edilen Ger\u00e7ekler ( Cilt-1, Cilt-2, Cilt -3) 2-Vahiy ve Bilim I\u015f\u0131\u011f\u0131nda Esintiler. 3- Hakikat\u0131n \u0130zinde G\u00fcncel Meseleler. 4- De\u011ferler E\u011fitimi. 5- Kalbimin Sesi Kalemimin Efendisi. 6- Tomar\u2019ca M\u00fclahazalar <\/p>\n","protected":false},"excerpt":{"rendered":"<p>Yazar 1968 y\u0131l\u0131nda Trabzon&#8217;un Tonya il\u00e7esine ba\u011fl\u0131 Sara\u00e7 K\u00f6y\u00fcnde\/Mahallesi&#8217;nde d\u00fcnyaya geldi. 1984-85 y\u0131l\u0131nda Tonya \u0130mam Hatip Lisesi&#8217;den mezun oldu. 2,5 y\u0131l Erzurum-Oltu il\u00e7esine ba\u011fl\u0131 Yolboyu K\u00f6y\u00fc&#8217;nde<span class=\"excerpt-hellip\"> [\u2026]<\/span><\/p>\n","protected":false},"featured_media":0,"template":"","meta":{"_monsterinsights_skip_tracking":false,"_monsterinsights_sitenote_active":false,"_monsterinsights_sitenote_note":"","_monsterinsights_sitenote_category":0},"product_brand":[],"product_cat":[12291,104362],"product_tag":[],"class_list":{"0":"post-779337","1":"product","2":"type-product","3":"status-publish","5":"product_cat-edebiyat","6":"product_cat-makale","7":"pa_cilt-ciltsiz","8":"pa_tur-kitap","9":"pa_yayinevi-vova-yayinlari","10":"pa_yazar-mustafa-cemal-tomar","12":"first","13":"instock","14":"sale","15":"shipping-taxable","16":"purchasable","17":"product-type-simple"},"_links":{"self":[{"href":"https:\/\/roveyayinevi.com.tr\/index.php\/wp-json\/wp\/v2\/product\/779337","targetHints":{"allow":["GET"]}}],"collection":[{"href":"https:\/\/roveyayinevi.com.tr\/index.php\/wp-json\/wp\/v2\/product"}],"about":[{"href":"https:\/\/roveyayinevi.com.tr\/index.php\/wp-json\/wp\/v2\/types\/product"}],"wp:attachment":[{"href":"https:\/\/roveyayinevi.com.tr\/index.php\/wp-json\/wp\/v2\/media?parent=779337"}],"wp:term":[{"taxonomy":"product_brand","embeddable":true,"href":"https:\/\/roveyayinevi.com.tr\/index.php\/wp-json\/wp\/v2\/product_brand?post=779337"},{"taxonomy":"product_cat","embeddable":true,"href":"https:\/\/roveyayinevi.com.tr\/index.php\/wp-json\/wp\/v2\/product_cat?post=779337"},{"taxonomy":"product_tag","embeddable":true,"href":"https:\/\/roveyayinevi.com.tr\/index.php\/wp-json\/wp\/v2\/product_tag?post=779337"}],"curies":[{"name":"wp","href":"https:\/\/api.w.org\/{rel}","templated":true}]}}