{"id":779336,"date":"2025-12-30T11:46:29","date_gmt":"2025-12-30T08:46:29","guid":{"rendered":"https:\/\/roveyayinevi.com.tr\/index.php\/urun\/korku-ve-umit\/"},"modified":"2026-04-15T03:42:26","modified_gmt":"2026-04-15T00:42:26","slug":"korku-ve-umit","status":"publish","type":"product","link":"https:\/\/roveyayinevi.com.tr\/index.php\/urun\/korku-ve-umit\/","title":{"rendered":"Korku ve \u00dcmit"},"content":{"rendered":"<p>\u201cKorku ve \u00fcmit, Allah\u2019a yak\u0131n olanlar\u0131n her \u00f6vg\u00fcye lay\u0131k makama y\u00fckselmeleri i\u00e7in kulland\u0131klar\u0131 iki kanatt\u0131r. Ayn\u0131 zamanda, ahiret yolundaki her engeli a\u015fmak i\u00e7in binilen iki binek gibidir. Zira, Rahman\u2019a yak\u0131nl\u0131\u011fa ve cennet nimetlerine eri\u015fmek, her ne kadar uzak ufuklarda, a\u011f\u0131r y\u00fcklerle ve kalplerin ho\u015flanmad\u0131\u011f\u0131, uzuvlar\u0131n zorland\u0131\u011f\u0131 me\u015fakkatlerle \u00e7evrili olsa da, ancak \u00fcmit dizginleriyle ula\u015f\u0131labilir. Yine, cehennemin alevlerinden ve ac\u0131 veren azab\u0131ndan korunmak, her ne kadar nefsi cezbeden \u015fehvetler ve hayranl\u0131k uyand\u0131ran lezzetlerle \u00e7evrili olsa da, ancak korkutma kam\u00e7\u0131lar\u0131 ve sert azarlamalarla m\u00fcmk\u00fcnd\u00fcr. O h\u00e2lde, \u00fcmit ve korkunun hakikatlerini, faziletlerini ve birbirine z\u0131t gibi g\u00f6r\u00fcnen bu iki kavram\u0131n nas\u0131l dengeli bir \u015fekilde bir araya getirilebilece\u011fini a\u00e7\u0131klamak gereklidir. Biz, bu iki meseleyi tek bir kitapta toplayarak, onu iki k\u0131sma ay\u0131rd\u0131k: Korku ve \u00dcmit.\u201d   *** Asr\u0131n\u0131n m\u00fcceddidi H\u00fcccet\u00fc\u2019l-\u0130slam \u0130mam Gazal\u00ee bu kitab\u0131nda \u201ckorku ve \u00fcmidin hakikatlerini\u201d merkeze al\u0131p anlat\u0131yor.<\/p>\n","protected":false},"excerpt":{"rendered":"<p>\u201cKorku ve \u00fcmit, Allah\u2019a yak\u0131n olanlar\u0131n her \u00f6vg\u00fcye lay\u0131k makama y\u00fckselmeleri i\u00e7in kulland\u0131klar\u0131 iki kanatt\u0131r. Ayn\u0131 zamanda, ahiret yolundaki her engeli a\u015fmak i\u00e7in binilen iki binek<span class=\"excerpt-hellip\"> [\u2026]<\/span><\/p>\n","protected":false},"featured_media":0,"template":"","meta":{"_monsterinsights_skip_tracking":false,"_monsterinsights_sitenote_active":false,"_monsterinsights_sitenote_note":"","_monsterinsights_sitenote_category":0},"product_brand":[],"product_cat":[12718,12719,22508],"product_tag":[],"class_list":{"0":"post-779336","1":"product","2":"type-product","3":"status-publish","5":"product_cat-din","6":"product_cat-islam","7":"product_cat-islam-egitimi","8":"pa_cilt-ciltsiz","9":"pa_tur-kitap","10":"pa_yayinevi-nesil-yayinlari","11":"pa_yazar-imam-gazali","13":"first","14":"instock","15":"sale","16":"shipping-taxable","17":"purchasable","18":"product-type-simple"},"_links":{"self":[{"href":"https:\/\/roveyayinevi.com.tr\/index.php\/wp-json\/wp\/v2\/product\/779336","targetHints":{"allow":["GET"]}}],"collection":[{"href":"https:\/\/roveyayinevi.com.tr\/index.php\/wp-json\/wp\/v2\/product"}],"about":[{"href":"https:\/\/roveyayinevi.com.tr\/index.php\/wp-json\/wp\/v2\/types\/product"}],"wp:attachment":[{"href":"https:\/\/roveyayinevi.com.tr\/index.php\/wp-json\/wp\/v2\/media?parent=779336"}],"wp:term":[{"taxonomy":"product_brand","embeddable":true,"href":"https:\/\/roveyayinevi.com.tr\/index.php\/wp-json\/wp\/v2\/product_brand?post=779336"},{"taxonomy":"product_cat","embeddable":true,"href":"https:\/\/roveyayinevi.com.tr\/index.php\/wp-json\/wp\/v2\/product_cat?post=779336"},{"taxonomy":"product_tag","embeddable":true,"href":"https:\/\/roveyayinevi.com.tr\/index.php\/wp-json\/wp\/v2\/product_tag?post=779336"}],"curies":[{"name":"wp","href":"https:\/\/api.w.org\/{rel}","templated":true}]}}