{"id":779335,"date":"2025-12-30T11:46:28","date_gmt":"2025-12-30T08:46:28","guid":{"rendered":"https:\/\/roveyayinevi.com.tr\/index.php\/urun\/tovbe-kitabi\/"},"modified":"2026-04-15T03:42:26","modified_gmt":"2026-04-15T00:42:26","slug":"tovbe-kitabi","status":"publish","type":"product","link":"https:\/\/roveyayinevi.com.tr\/index.php\/urun\/tovbe-kitabi\/","title":{"rendered":"T\u00f6vbe Kitab\u0131"},"content":{"rendered":"<p>\u201cG\u00fcnahlardan t\u00f6vbe edip, ay\u0131plar\u0131 \u00f6rten ve gizlilikleri bilen Allah\u2019a d\u00f6n\u00fc\u015f yapmak, kurtulu\u015fa erenlerin sermayesi, irade sahiplerinin ilk ad\u0131m\u0131, e\u011frilenlerin do\u011frulma anahtar\u0131, Allah\u2019a yak\u0131n olanlar\u0131n se\u00e7kinli\u011fe ula\u015fma sebebidir. Bu, babam\u0131z \u00c2dem\u2019in (a.s.) ve t\u00fcm peygamberlerin yoludur. \u00c2dem (a.s.) pi\u015fmanl\u0131k i\u00e7inde, ge\u00e7mi\u015finden dolay\u0131, b\u00fcy\u00fck bir \u00fcz\u00fcnt\u00fc duymu\u015ftur. Kim onu sadece g\u00fcnah i\u015fleyen biri olarak \u00f6rnek al\u0131r da t\u00f6vbesinde ona uymazsa, aya\u011f\u0131 kaym\u0131\u015f ve sapm\u0131\u015f olur. Zira s\u0131rf iyilik yapmak, meleklerin yoludur; k\u00f6t\u00fcl\u00fc\u011fe dal\u0131p onu asla telafi etmemek ise \u015feytanlar\u0131n \u00f6zelli\u011fidir; k\u00f6t\u00fcl\u00fck i\u015fledikten sonra onu iyilikle telafi etmekse insano\u011flunun zorunlu yoludur.\u201d   *** Asr\u0131n\u0131n m\u00fcceddidi H\u00fcccet\u00fc\u2019l-\u0130slam \u0130mam Gazal\u00ee bu kitab\u0131nda \u201ct\u00f6vbe etmenin manas\u0131n\u0131 ve g\u00fcnahlardan kurtulu\u015f yollar\u0131n\u0131\u201d merkeze al\u0131p anlat\u0131yor. <\/p>\n","protected":false},"excerpt":{"rendered":"<p>\u201cG\u00fcnahlardan t\u00f6vbe edip, ay\u0131plar\u0131 \u00f6rten ve gizlilikleri bilen Allah\u2019a d\u00f6n\u00fc\u015f yapmak, kurtulu\u015fa erenlerin sermayesi, irade sahiplerinin ilk ad\u0131m\u0131, e\u011frilenlerin do\u011frulma anahtar\u0131, Allah\u2019a yak\u0131n olanlar\u0131n se\u00e7kinli\u011fe ula\u015fma<span class=\"excerpt-hellip\"> [\u2026]<\/span><\/p>\n","protected":false},"featured_media":0,"template":"","meta":{"_monsterinsights_skip_tracking":false,"_monsterinsights_sitenote_active":false,"_monsterinsights_sitenote_note":"","_monsterinsights_sitenote_category":0},"product_brand":[],"product_cat":[12718],"product_tag":[],"class_list":{"0":"post-779335","1":"product","2":"type-product","3":"status-publish","5":"product_cat-din","6":"pa_cilt-ciltsiz","7":"pa_tur-kitap","8":"pa_yayinevi-nesil-yayinlari","9":"pa_yazar-imam-gazali","11":"first","12":"instock","13":"sale","14":"shipping-taxable","15":"purchasable","16":"product-type-simple"},"_links":{"self":[{"href":"https:\/\/roveyayinevi.com.tr\/index.php\/wp-json\/wp\/v2\/product\/779335","targetHints":{"allow":["GET"]}}],"collection":[{"href":"https:\/\/roveyayinevi.com.tr\/index.php\/wp-json\/wp\/v2\/product"}],"about":[{"href":"https:\/\/roveyayinevi.com.tr\/index.php\/wp-json\/wp\/v2\/types\/product"}],"wp:attachment":[{"href":"https:\/\/roveyayinevi.com.tr\/index.php\/wp-json\/wp\/v2\/media?parent=779335"}],"wp:term":[{"taxonomy":"product_brand","embeddable":true,"href":"https:\/\/roveyayinevi.com.tr\/index.php\/wp-json\/wp\/v2\/product_brand?post=779335"},{"taxonomy":"product_cat","embeddable":true,"href":"https:\/\/roveyayinevi.com.tr\/index.php\/wp-json\/wp\/v2\/product_cat?post=779335"},{"taxonomy":"product_tag","embeddable":true,"href":"https:\/\/roveyayinevi.com.tr\/index.php\/wp-json\/wp\/v2\/product_tag?post=779335"}],"curies":[{"name":"wp","href":"https:\/\/api.w.org\/{rel}","templated":true}]}}