{"id":779334,"date":"2025-12-30T11:46:21","date_gmt":"2025-12-30T08:46:21","guid":{"rendered":"https:\/\/roveyayinevi.com.tr\/index.php\/urun\/isigin-mirasi-yalniz-degiliz\/"},"modified":"2026-04-15T03:41:45","modified_gmt":"2026-04-15T00:41:45","slug":"isigin-mirasi-yalniz-degiliz","status":"publish","type":"product","link":"https:\/\/roveyayinevi.com.tr\/index.php\/urun\/isigin-mirasi-yalniz-degiliz\/","title":{"rendered":"I\u015f\u0131\u011f\u0131n Miras\u0131 \/ Yaln\u0131z De\u011filiz"},"content":{"rendered":"<p>SES\u201d ba\u015flad\u0131\u011f\u0131 gibi bir anda kayboldu. Ma\u011faran\u0131n duvarlar\u0131ndan s\u0131zan ve \u201cSES\u201d le birlikte titre\u015fen o garip jel s\u0131v\u0131n\u0131n ak\u0131\u015f\u0131 durdu. Ge\u00e7it bir anda karanl\u0131\u011fa g\u00f6m\u00fcld\u00fc. Ancak Dinah&#8217;\u0131n elindeki siyah ta\u015f, h\u00e2l\u00e2 parlamaya devam ediyordu\u2026Ruhun ve bilincin gizemini anlayabilmek, \u00e7ok uzun soluklu bir yolculuk gerektirir. Bu yolda epeyce ilerleme kaydetmi\u015f ancak katedilecek daha \u00e7ok mesafe oldu\u011funa inanan yazar, roman\u0131nda bir\u00e7ok bilinmeyenin kap\u0131s\u0131n\u0131 aral\u0131yor.Roman, arkeolojik ke\u015fifler, kadim s\u0131rlar, mistik semboller ve tarihsel ger\u00e7eklikler etraf\u0131nda \u015fekilleniyor, okuyucuya sadece bir hik\u00e2ye sunman\u0131n \u00f6tesinde, spirit\u00fcel ve felsefi bir ke\u015fif alan\u0131 a\u00e7\u0131yor.  Varolu\u015funun gizemini ve evrenin s\u0131rlar\u0131n\u0131 \u00e7\u00f6zme yolculu\u011funda olan pek \u00e7ok okuyucuya \u0131\u015f\u0131k tutacak bir eser\u2026<\/p>\n","protected":false},"excerpt":{"rendered":"<p>SES\u201d ba\u015flad\u0131\u011f\u0131 gibi bir anda kayboldu. Ma\u011faran\u0131n duvarlar\u0131ndan s\u0131zan ve \u201cSES\u201d le birlikte titre\u015fen o garip jel s\u0131v\u0131n\u0131n ak\u0131\u015f\u0131 durdu. Ge\u00e7it bir anda karanl\u0131\u011fa g\u00f6m\u00fcld\u00fc. Ancak<span class=\"excerpt-hellip\"> [\u2026]<\/span><\/p>\n","protected":false},"featured_media":0,"template":"","meta":{"_monsterinsights_skip_tracking":false,"_monsterinsights_sitenote_active":false,"_monsterinsights_sitenote_note":"","_monsterinsights_sitenote_category":0},"product_brand":[],"product_cat":[12291,12711],"product_tag":[],"class_list":{"0":"post-779334","1":"product","2":"type-product","3":"status-publish","5":"product_cat-edebiyat","6":"product_cat-roman-oyku","7":"pa_cilt-ciltsiz","8":"pa_tur-kitap","9":"pa_yayinevi-glomas-yayinevi","10":"pa_yazar-serpil-ipek-ozcelik","12":"first","13":"instock","14":"sale","15":"shipping-taxable","16":"purchasable","17":"product-type-simple"},"_links":{"self":[{"href":"https:\/\/roveyayinevi.com.tr\/index.php\/wp-json\/wp\/v2\/product\/779334","targetHints":{"allow":["GET"]}}],"collection":[{"href":"https:\/\/roveyayinevi.com.tr\/index.php\/wp-json\/wp\/v2\/product"}],"about":[{"href":"https:\/\/roveyayinevi.com.tr\/index.php\/wp-json\/wp\/v2\/types\/product"}],"wp:attachment":[{"href":"https:\/\/roveyayinevi.com.tr\/index.php\/wp-json\/wp\/v2\/media?parent=779334"}],"wp:term":[{"taxonomy":"product_brand","embeddable":true,"href":"https:\/\/roveyayinevi.com.tr\/index.php\/wp-json\/wp\/v2\/product_brand?post=779334"},{"taxonomy":"product_cat","embeddable":true,"href":"https:\/\/roveyayinevi.com.tr\/index.php\/wp-json\/wp\/v2\/product_cat?post=779334"},{"taxonomy":"product_tag","embeddable":true,"href":"https:\/\/roveyayinevi.com.tr\/index.php\/wp-json\/wp\/v2\/product_tag?post=779334"}],"curies":[{"name":"wp","href":"https:\/\/api.w.org\/{rel}","templated":true}]}}