{"id":779333,"date":"2025-12-30T11:46:19","date_gmt":"2025-12-30T08:46:19","guid":{"rendered":"https:\/\/roveyayinevi.com.tr\/index.php\/urun\/paranin-psikolojisi-2\/"},"modified":"2026-02-23T11:20:07","modified_gmt":"2026-02-23T08:20:07","slug":"paranin-psikolojisi-2","status":"publish","type":"product","link":"https:\/\/roveyayinevi.com.tr\/index.php\/urun\/paranin-psikolojisi-2\/","title":{"rendered":"Paran\u0131n Psikolojisi"},"content":{"rendered":"<p>\u201cFinans konusunda pek az ki\u015fi Morgan Housel kadar g\u00fczel, yal\u0131n ve a\u00e7\u0131k yazabilir.\u201d\u2013 DANIEL H. PINKNew York Times\u2019\u0131n en \u00e7ok satanlar listesindeki When, To Sell is Human, and Drive adl\u0131 kitab\u0131n yazar\u0131\u201cHousel\u2019\u0131n g\u00f6zlemleri genellikle bir ta\u015fla iki ku\u015f vuruyor: Hem daha \u00f6nce s\u00f6ylenmemi\u015f, hem de do\u011fru ve mant\u0131kl\u0131 \u015feyler s\u00f6yl\u00fcyor.\u201d\u2013 HOWARD MARKSOaktree Capital Management\u2019\u0131n kurucular\u0131ndan ve e\u015f ba\u015fkan\u0131\u201cKarma\u015f\u0131k kavramlar\u0131 s\u00fcr\u00fckleyici ve kolay anla\u015f\u0131l\u0131r bir anlat\u0131ya \u00e7evirebilen ender yazarlardan biri.\u201d\u2013 ANNIE DUKEThinking in Bets adl\u0131 kitab\u0131n yazar\u0131Para konusunda ba\u015far\u0131l\u0131 olmak, mutlaka bilgiyle ve bilgili olmakla ilgili bir mesele de\u011fildir. Nas\u0131l davrand\u0131\u011f\u0131n\u0131zla ilgilidir. \u00dcstelik davran\u0131\u015f\u0131 \u00f6\u011fretmek zordur; ger\u00e7ekten zeki insanlara bile. Para y\u00f6netimi, yat\u0131r\u0131m ve kurumsal karar alma s\u00fcre\u00e7lerinin genelde \u00e7ok say\u0131da matematik hesab\u0131 i\u00e7erdi\u011fi, ne yapaca\u011f\u0131n\u0131z\u0131 net bir bi\u00e7imde ortaya koyan veriler ve form\u00fcller temelinde hareket etmeyi gerektirdi\u011fi d\u00fc\u015f\u00fcn\u00fcl\u00fcr. Fakat ger\u00e7ek d\u00fcnyada insanlar finansla ilgili kararlar al\u0131rken sadece tablolara bakmaz. Finansal kararlar genellikle sofrada veya bir toplant\u0131 odas\u0131nda, ki\u015finin kendi hayat hik\u00e2yesinin, ona \u00f6zg\u00fc d\u00fcnya g\u00f6r\u00fc\u015f\u00fcn\u00fcn, egonun, kibirin, pazarlaman\u0131n ve baz\u0131 tuhaf motivasyon unsurlar\u0131n\u0131n bir araya geldi\u011fi ortamlarda al\u0131n\u0131r. \u00d6d\u00fcll\u00fc yazar Morgan Housel Paran\u0131n Psikolojisi\u2019nde, insanlar\u0131n paraya ili\u015fkin d\u00fc\u015f\u00fcnce bi\u00e7imlerini ele alan 19 k\u0131sa hik\u00e2yeye yer veriyor ve hayat\u0131n en \u00f6nemli y\u00f6nlerinden biri olan para konusunu nas\u0131l daha iyi anlayabilece\u011fimize dair \u00f6nemli dersler sunuyor.<\/p>\n","protected":false},"excerpt":{"rendered":"<p>\u201cFinans konusunda pek az ki\u015fi Morgan Housel kadar g\u00fczel, yal\u0131n ve a\u00e7\u0131k yazabilir.\u201d\u2013 DANIEL H. PINKNew York Times\u2019\u0131n en \u00e7ok satanlar listesindeki When, To Sell is<span class=\"excerpt-hellip\"> [\u2026]<\/span><\/p>\n","protected":false},"featured_media":0,"template":"","meta":{"_monsterinsights_skip_tracking":false,"_monsterinsights_sitenote_active":false,"_monsterinsights_sitenote_note":"","_monsterinsights_sitenote_category":0},"product_brand":[],"product_cat":[17249,13043],"product_tag":[],"class_list":{"0":"post-779333","1":"product","2":"type-product","3":"status-publish","5":"product_cat-borsa-finans","6":"product_cat-ekonomi","7":"pa_cilt-ciltsiz","8":"pa_tur-kitap","9":"pa_yayinevi-scala-yayincilik","10":"pa_yazar-morgan-housel","12":"first","13":"instock","14":"sale","15":"shipping-taxable","16":"purchasable","17":"product-type-simple"},"_links":{"self":[{"href":"https:\/\/roveyayinevi.com.tr\/index.php\/wp-json\/wp\/v2\/product\/779333","targetHints":{"allow":["GET"]}}],"collection":[{"href":"https:\/\/roveyayinevi.com.tr\/index.php\/wp-json\/wp\/v2\/product"}],"about":[{"href":"https:\/\/roveyayinevi.com.tr\/index.php\/wp-json\/wp\/v2\/types\/product"}],"wp:attachment":[{"href":"https:\/\/roveyayinevi.com.tr\/index.php\/wp-json\/wp\/v2\/media?parent=779333"}],"wp:term":[{"taxonomy":"product_brand","embeddable":true,"href":"https:\/\/roveyayinevi.com.tr\/index.php\/wp-json\/wp\/v2\/product_brand?post=779333"},{"taxonomy":"product_cat","embeddable":true,"href":"https:\/\/roveyayinevi.com.tr\/index.php\/wp-json\/wp\/v2\/product_cat?post=779333"},{"taxonomy":"product_tag","embeddable":true,"href":"https:\/\/roveyayinevi.com.tr\/index.php\/wp-json\/wp\/v2\/product_tag?post=779333"}],"curies":[{"name":"wp","href":"https:\/\/api.w.org\/{rel}","templated":true}]}}