{"id":779332,"date":"2025-12-30T11:46:16","date_gmt":"2025-12-30T08:46:16","guid":{"rendered":"https:\/\/roveyayinevi.com.tr\/index.php\/urun\/doga-etkinlikleri-kitabi\/"},"modified":"2026-04-15T03:41:45","modified_gmt":"2026-04-15T00:41:45","slug":"doga-etkinlikleri-kitabi","status":"publish","type":"product","link":"https:\/\/roveyayinevi.com.tr\/index.php\/urun\/doga-etkinlikleri-kitabi\/","title":{"rendered":"Do\u011fa Etkinlikleri Kitab\u0131"},"content":{"rendered":"<p>Do\u011fa Etkinlikleri Kitab\u0131, her t\u00fcrden do\u011fa temal\u0131 bulmaca ve etkinlikle dopdolu bir kitap. Bu etkinlikleri yaparken bah\u00e7edeki b\u00f6ceklerden, mercan kayal\u0131klar\u0131ndaki kaplumba\u011falara ve yunuslara kadar bir\u00e7ok farkl\u0131 hayvan hakk\u0131nda ilgin\u00e7 bilgiler de \u00f6\u011freneceksiniz.<\/p>\n","protected":false},"excerpt":{"rendered":"<p>Do\u011fa Etkinlikleri Kitab\u0131, her t\u00fcrden do\u011fa temal\u0131 bulmaca ve etkinlikle dopdolu bir kitap. Bu etkinlikleri yaparken bah\u00e7edeki b\u00f6ceklerden, mercan kayal\u0131klar\u0131ndaki kaplumba\u011falara ve yunuslara kadar bir\u00e7ok farkl\u0131<span class=\"excerpt-hellip\"> [\u2026]<\/span><\/p>\n","protected":false},"featured_media":0,"template":"","meta":{"_monsterinsights_skip_tracking":false,"_monsterinsights_sitenote_active":false,"_monsterinsights_sitenote_note":"","_monsterinsights_sitenote_category":0},"product_brand":[],"product_cat":[12274,15842],"product_tag":[],"class_list":{"0":"post-779332","1":"product","2":"type-product","3":"status-publish","5":"product_cat-cocuk-ve-genclik-kitaplari","6":"product_cat-egitici-kitaplar","7":"pa_cilt-ciltsiz","8":"pa_tur-kitap","9":"pa_yayinevi-tubitak-yayinlari","10":"pa_yazar-emily-bone","12":"first","13":"instock","14":"sale","15":"shipping-taxable","16":"purchasable","17":"product-type-simple"},"_links":{"self":[{"href":"https:\/\/roveyayinevi.com.tr\/index.php\/wp-json\/wp\/v2\/product\/779332","targetHints":{"allow":["GET"]}}],"collection":[{"href":"https:\/\/roveyayinevi.com.tr\/index.php\/wp-json\/wp\/v2\/product"}],"about":[{"href":"https:\/\/roveyayinevi.com.tr\/index.php\/wp-json\/wp\/v2\/types\/product"}],"wp:attachment":[{"href":"https:\/\/roveyayinevi.com.tr\/index.php\/wp-json\/wp\/v2\/media?parent=779332"}],"wp:term":[{"taxonomy":"product_brand","embeddable":true,"href":"https:\/\/roveyayinevi.com.tr\/index.php\/wp-json\/wp\/v2\/product_brand?post=779332"},{"taxonomy":"product_cat","embeddable":true,"href":"https:\/\/roveyayinevi.com.tr\/index.php\/wp-json\/wp\/v2\/product_cat?post=779332"},{"taxonomy":"product_tag","embeddable":true,"href":"https:\/\/roveyayinevi.com.tr\/index.php\/wp-json\/wp\/v2\/product_tag?post=779332"}],"curies":[{"name":"wp","href":"https:\/\/api.w.org\/{rel}","templated":true}]}}