{"id":779329,"date":"2025-12-30T11:45:12","date_gmt":"2025-12-30T08:45:12","guid":{"rendered":"https:\/\/roveyayinevi.com.tr\/index.php\/urun\/ferheng-kurtce-turkce-sozluk\/"},"modified":"2026-04-15T03:41:34","modified_gmt":"2026-04-15T00:41:34","slug":"ferheng-kurtce-turkce-sozluk","status":"publish","type":"product","link":"https:\/\/roveyayinevi.com.tr\/index.php\/urun\/ferheng-kurtce-turkce-sozluk\/","title":{"rendered":"Ferheng (K\u00fcrt\u00e7e T\u00fcrk\u00e7e S\u00f6zl\u00fck)"},"content":{"rendered":"<p>FERHENG (K\u00fcrtce-T\u00fcrk\u00e7e, T\u00fcrk\u00e7e-K\u00fcrtce S\u00f6zl\u00fck) D. \u0130zoli\u2019nin bu de\u011ferli eseri kendi alan\u0131nda \u00f6nemli bir ba\u015fvuru kitab\u0131d\u0131r. \u00d6zg\u00fcrl\u00fck Yolu Vakf\u0131 Yay\u0131nlar\u0131 aras\u0131nda yap\u0131lan bu bask\u0131 eserin geni\u015fletilmi\u015f 8. Bask\u0131s\u0131d\u0131r, 1321 sayfad\u0131r. * * * Ferhenga D. \u0130zoli di v\u00ee war\u00ee da berhemeke gelek h\u00eaja ye. Ew \u00e7apa teze ku di nav We\u015fan\u00ean Wakfa Riya Azad\u00ee da \u00e7\u00ea b\u00fbye, \u00e7apa 8\u2019an e \u00fb firehkir\u00ee ye; bi tevay\u00ee 1321 r\u00fbpel e. <\/p>\n","protected":false},"excerpt":{"rendered":"<p>FERHENG (K\u00fcrtce-T\u00fcrk\u00e7e, T\u00fcrk\u00e7e-K\u00fcrtce S\u00f6zl\u00fck) D. \u0130zoli\u2019nin bu de\u011ferli eseri kendi alan\u0131nda \u00f6nemli bir ba\u015fvuru kitab\u0131d\u0131r. \u00d6zg\u00fcrl\u00fck Yolu Vakf\u0131 Yay\u0131nlar\u0131 aras\u0131nda yap\u0131lan bu bask\u0131 eserin geni\u015fletilmi\u015f 8.<span class=\"excerpt-hellip\"> [\u2026]<\/span><\/p>\n","protected":false},"featured_media":0,"template":"","meta":{"_monsterinsights_skip_tracking":false,"_monsterinsights_sitenote_active":false,"_monsterinsights_sitenote_note":"","_monsterinsights_sitenote_category":0},"product_brand":[],"product_cat":[12566,13611],"product_tag":[],"class_list":{"0":"post-779329","1":"product","2":"type-product","3":"status-publish","5":"product_cat-egitim","6":"product_cat-sozlukler-ve-konusma-kilavuzlari","7":"pa_cilt-ciltli","8":"pa_tur-kitap","9":"pa_yayinevi-ozgurluk-yolu-vakfi-yayinlari","10":"pa_yazar-d-izoli","12":"first","13":"instock","14":"sale","15":"shipping-taxable","16":"purchasable","17":"product-type-simple"},"_links":{"self":[{"href":"https:\/\/roveyayinevi.com.tr\/index.php\/wp-json\/wp\/v2\/product\/779329","targetHints":{"allow":["GET"]}}],"collection":[{"href":"https:\/\/roveyayinevi.com.tr\/index.php\/wp-json\/wp\/v2\/product"}],"about":[{"href":"https:\/\/roveyayinevi.com.tr\/index.php\/wp-json\/wp\/v2\/types\/product"}],"wp:attachment":[{"href":"https:\/\/roveyayinevi.com.tr\/index.php\/wp-json\/wp\/v2\/media?parent=779329"}],"wp:term":[{"taxonomy":"product_brand","embeddable":true,"href":"https:\/\/roveyayinevi.com.tr\/index.php\/wp-json\/wp\/v2\/product_brand?post=779329"},{"taxonomy":"product_cat","embeddable":true,"href":"https:\/\/roveyayinevi.com.tr\/index.php\/wp-json\/wp\/v2\/product_cat?post=779329"},{"taxonomy":"product_tag","embeddable":true,"href":"https:\/\/roveyayinevi.com.tr\/index.php\/wp-json\/wp\/v2\/product_tag?post=779329"}],"curies":[{"name":"wp","href":"https:\/\/api.w.org\/{rel}","templated":true}]}}