{"id":779328,"date":"2025-12-30T11:45:09","date_gmt":"2025-12-30T08:45:09","guid":{"rendered":"https:\/\/roveyayinevi.com.tr\/index.php\/urun\/en-guzel-yolculuk\/"},"modified":"2026-04-15T03:41:34","modified_gmt":"2026-04-15T00:41:34","slug":"en-guzel-yolculuk","status":"publish","type":"product","link":"https:\/\/roveyayinevi.com.tr\/index.php\/urun\/en-guzel-yolculuk\/","title":{"rendered":"En g\u00fczel Yolculuk"},"content":{"rendered":"<p>EN G\u00dcZEL YOLCULUK Bu kitap yazar\u0131n gen\u00e7lik y\u0131llar\u0131ndan itibaren ya\u015fam felsefesinde etkili olan sosyal, siyasal, co\u011frafik ko\u015fullar\u0131n bir \u00fcr\u00fcn\u00fcd\u00fcr. Yazar, De\u011fi\u015fik gazete, dergi ve internet sitelerinde toplumsal geli\u015fmelere ili\u015fkin K\u00fcrt\u00e7e ve T\u00fcrk\u00e7e yazd\u0131\u011f\u0131 de\u011ferlendirmeler, makaleler, r\u00f6portaj ve \u00e7\u00f6z\u00fcm \u00f6nerileri bu kitapta toplam\u0131\u015ft\u0131r. Yazar tan\u0131kl\u0131\u011f\u0131 yapt\u0131\u011f\u0131 20 y\u0131ll\u0131k bir d\u00f6nemin ya\u015fam ve m\u00fccadelesinin de\u011ferlendirmesini ve el alt\u0131nda bulundurulacak ar\u015fivini okuyucuya sunmaktad\u0131r. <\/p>\n","protected":false},"excerpt":{"rendered":"<p>EN G\u00dcZEL YOLCULUK Bu kitap yazar\u0131n gen\u00e7lik y\u0131llar\u0131ndan itibaren ya\u015fam felsefesinde etkili olan sosyal, siyasal, co\u011frafik ko\u015fullar\u0131n bir \u00fcr\u00fcn\u00fcd\u00fcr. Yazar, De\u011fi\u015fik gazete, dergi ve internet sitelerinde<span class=\"excerpt-hellip\"> [\u2026]<\/span><\/p>\n","protected":false},"featured_media":0,"template":"","meta":{"_monsterinsights_skip_tracking":false,"_monsterinsights_sitenote_active":false,"_monsterinsights_sitenote_note":"","_monsterinsights_sitenote_category":0},"product_brand":[],"product_cat":[12291,104362],"product_tag":[],"class_list":{"0":"post-779328","1":"product","2":"type-product","3":"status-publish","5":"product_cat-edebiyat","6":"product_cat-makale","7":"pa_cilt-ciltsiz","8":"pa_tur-kitap","9":"pa_yayinevi-ozgurluk-yolu-vakfi-yayinlari","10":"pa_yazar-necle-camlibel","12":"first","13":"instock","14":"sale","15":"shipping-taxable","16":"purchasable","17":"product-type-simple"},"_links":{"self":[{"href":"https:\/\/roveyayinevi.com.tr\/index.php\/wp-json\/wp\/v2\/product\/779328","targetHints":{"allow":["GET"]}}],"collection":[{"href":"https:\/\/roveyayinevi.com.tr\/index.php\/wp-json\/wp\/v2\/product"}],"about":[{"href":"https:\/\/roveyayinevi.com.tr\/index.php\/wp-json\/wp\/v2\/types\/product"}],"wp:attachment":[{"href":"https:\/\/roveyayinevi.com.tr\/index.php\/wp-json\/wp\/v2\/media?parent=779328"}],"wp:term":[{"taxonomy":"product_brand","embeddable":true,"href":"https:\/\/roveyayinevi.com.tr\/index.php\/wp-json\/wp\/v2\/product_brand?post=779328"},{"taxonomy":"product_cat","embeddable":true,"href":"https:\/\/roveyayinevi.com.tr\/index.php\/wp-json\/wp\/v2\/product_cat?post=779328"},{"taxonomy":"product_tag","embeddable":true,"href":"https:\/\/roveyayinevi.com.tr\/index.php\/wp-json\/wp\/v2\/product_tag?post=779328"}],"curies":[{"name":"wp","href":"https:\/\/api.w.org\/{rel}","templated":true}]}}