{"id":779323,"date":"2025-12-30T11:43:39","date_gmt":"2025-12-30T08:43:39","guid":{"rendered":"https:\/\/roveyayinevi.com.tr\/index.php\/urun\/cenneti-yeryuzunde-yaratmak-sinifsiz-ve-somurusuz-bir-dunya-mucadelesi-tarihinden-sayfalar\/"},"modified":"2026-04-15T03:39:19","modified_gmt":"2026-04-15T00:39:19","slug":"cenneti-yeryuzunde-yaratmak-sinifsiz-ve-somurusuz-bir-dunya-mucadelesi-tarihinden-sayfalar","status":"publish","type":"product","link":"https:\/\/roveyayinevi.com.tr\/index.php\/urun\/cenneti-yeryuzunde-yaratmak-sinifsiz-ve-somurusuz-bir-dunya-mucadelesi-tarihinden-sayfalar\/","title":{"rendered":"Cenneti Yery\u00fcz\u00fcnde Yaratmak \u2013 S\u0131n\u0131fs\u0131z ve S\u00f6m\u00fcr\u00fcs\u00fcz Bir D\u00fcnya M\u00fccadelesi Tarihinden Sayfalar"},"content":{"rendered":"<p>Do\u011fan\u0131n kendisi d\u00fcalist bir yap\u0131da varl\u0131\u011f\u0131n\u0131 s\u00fcrd\u00fcr\u00fcyor. \u0130nsanl\u0131k tarihi ise bu d\u00fcalizmin bir sava\u015f\u0131 olarak ortaya \u00e7\u0131k\u0131yor. Hat\u0131rlad\u0131\u011f\u0131m\u0131z bin y\u0131llar; s\u00f6m\u00fcr\u00fc sisteminin farkl\u0131 formlardaki halini ve bu hale kar\u015f\u0131 amans\u0131z direni\u015fleri konu al\u0131yor. \u0130nsanl\u0131k tarihi i\u015fte bu sava\u015f\u0131n tarihidir. Yoksa ideal ve kusursuz olanlar, insanl\u0131\u011fa ait de\u011fil midir? \u00dctopyalar; ideali ve kusursuzlu\u011fu mu sistematize eder? Yery\u00fcz\u00fcnde bir cennetin m\u00fcmk\u00fcn olup olmayaca\u011f\u0131 insanl\u0131\u011f\u0131n akl\u0131nda bin y\u0131llard\u0131r s\u00fcregelen soru i\u015faretidir fakat yery\u00fcz\u00fcnde cehennemi yok etmek ise bu \u00fctopyaya giden en somut ve iradeli ad\u0131m de\u011fil midir? Halk nezdinde \u00fctopya denilince Platon, Thomas More ve Campanella d\u0131\u015f\u0131nda daha fazla isim saymak ya da onlara ait \u00fctopya \u00f6rne\u011fi sunabilmek pek m\u00fcmk\u00fcn olmuyor fakat kanla yaz\u0131lm\u0131\u015f bin y\u0131llar varsa m\u00fccadeleyle ta\u00e7lanm\u0131\u015f \u00fctopyalar da bir o kadar fazlad\u0131r. Farabi\u2019den \u0130smail Gasp\u0131ral\u0131\u2019ya, H\u00fcseyin Cahit Yal\u00e7\u0131n\u2019dan Eb\u00fb Zerr-i G\u0131f\u00e2r\u00ee\u2019ye, Thomas M\u00fcnzer\u2019den B\u00f6rkl\u00fcce Mustafa\u2019ya insanl\u0131\u011f\u0131n direni\u015f ve dirili\u015f hayallerini okuyacaks\u0131n\u0131z\u2026 &#8211;       \u00dctopya nedir? &#8211;       \u00dctopyalar bir ka\u00e7\u0131\u015f m\u0131d\u0131r yoksa devrimci bir at\u0131l\u0131m m\u0131d\u0131r? &#8211;       D\u00fcnya ihtilaller yuma\u011f\u0131nda \u00fctopyan\u0131n yeri &#8211;       \u00dctopyalarda i\u015ftirak\u00e7ili\u011fin yeri &#8211;       Her \u00fctopya s\u00f6m\u00fcr\u00fc sistemini ortadan kald\u0131rmay\u0131 m\u0131 hedefler? &#8211;       Bir ihtilalin \u00f6nder krizi: \u015eeyh Bedrettin mi yoksa B\u00f6rkl\u00fcce Mustafa m\u0131? &#8211;       Thomas More ve Campanella\u2019n\u0131n s\u00f6m\u00fcr\u00fc \u00fctopyalar\u0131 &#8211;       Emperyalizm sosuna bulanm\u0131\u015f \u00fctopyalar <\/p>\n","protected":false},"excerpt":{"rendered":"<p>Do\u011fan\u0131n kendisi d\u00fcalist bir yap\u0131da varl\u0131\u011f\u0131n\u0131 s\u00fcrd\u00fcr\u00fcyor. \u0130nsanl\u0131k tarihi ise bu d\u00fcalizmin bir sava\u015f\u0131 olarak ortaya \u00e7\u0131k\u0131yor. Hat\u0131rlad\u0131\u011f\u0131m\u0131z bin y\u0131llar; s\u00f6m\u00fcr\u00fc sisteminin farkl\u0131 formlardaki halini ve<span class=\"excerpt-hellip\"> [\u2026]<\/span><\/p>\n","protected":false},"featured_media":0,"template":"","meta":{"_monsterinsights_skip_tracking":false,"_monsterinsights_sitenote_active":false,"_monsterinsights_sitenote_note":"","_monsterinsights_sitenote_category":0},"product_brand":[],"product_cat":[12337],"product_tag":[],"class_list":{"0":"post-779323","1":"product","2":"type-product","3":"status-publish","5":"product_cat-politika-siyaset","6":"pa_cilt-ciltsiz","7":"pa_tur-kitap","8":"pa_yayinevi-pankus-yayinlari","9":"pa_yazar-yildirim-koc","11":"first","12":"instock","13":"sale","14":"shipping-taxable","15":"purchasable","16":"product-type-simple"},"_links":{"self":[{"href":"https:\/\/roveyayinevi.com.tr\/index.php\/wp-json\/wp\/v2\/product\/779323","targetHints":{"allow":["GET"]}}],"collection":[{"href":"https:\/\/roveyayinevi.com.tr\/index.php\/wp-json\/wp\/v2\/product"}],"about":[{"href":"https:\/\/roveyayinevi.com.tr\/index.php\/wp-json\/wp\/v2\/types\/product"}],"wp:attachment":[{"href":"https:\/\/roveyayinevi.com.tr\/index.php\/wp-json\/wp\/v2\/media?parent=779323"}],"wp:term":[{"taxonomy":"product_brand","embeddable":true,"href":"https:\/\/roveyayinevi.com.tr\/index.php\/wp-json\/wp\/v2\/product_brand?post=779323"},{"taxonomy":"product_cat","embeddable":true,"href":"https:\/\/roveyayinevi.com.tr\/index.php\/wp-json\/wp\/v2\/product_cat?post=779323"},{"taxonomy":"product_tag","embeddable":true,"href":"https:\/\/roveyayinevi.com.tr\/index.php\/wp-json\/wp\/v2\/product_tag?post=779323"}],"curies":[{"name":"wp","href":"https:\/\/api.w.org\/{rel}","templated":true}]}}