{"id":779320,"date":"2025-12-30T11:42:39","date_gmt":"2025-12-30T08:42:39","guid":{"rendered":"https:\/\/roveyayinevi.com.tr\/index.php\/urun\/montessori-yontemiyle-cocuk-egitimi\/"},"modified":"2026-04-15T03:38:56","modified_gmt":"2026-04-15T00:38:56","slug":"montessori-yontemiyle-cocuk-egitimi","status":"publish","type":"product","link":"https:\/\/roveyayinevi.com.tr\/index.php\/urun\/montessori-yontemiyle-cocuk-egitimi\/","title":{"rendered":"Montessori Y\u00f6ntemiyle \u00c7ocuk E\u011fitimi"},"content":{"rendered":"<p>Dr. Montessori\u2019nin \u00e7al\u0131\u015fmas\u0131na dikkate de\u011fer, yeni ve \u00f6nemli demek tamamen g\u00fcvenli muhakeme s\u0131n\u0131rlar\u0131 i\u00e7indedir. Herhangi bir nedenle olmasa da bir kad\u0131n\u0131n yap\u0131c\u0131 \u00e7abas\u0131n\u0131 temsil etti\u011fi i\u00e7in dikkat \u00e7ekicidir. Bu \u00e7al\u0131\u015fma d\u0131\u015f\u0131nda di\u015fil zihin taraf\u0131ndan geli\u015ftirilen ve ba\u015flat\u0131lan ba\u015fka bir e\u011fitim sistemi \u00f6rne\u011fine sahip de\u011filiz. Sistematik b\u00fct\u00fcnl\u00fc\u011f\u00fc ve pratik uygulamas\u0131 a\u00e7\u0131s\u0131ndan bu y\u00f6ntem olduk\u00e7a orijinal.   Ayr\u0131ca, kad\u0131ns\u0131 sempati ve sezgi, geni\u015f sosyal bak\u0131\u015f a\u00e7\u0131s\u0131, bilimsel e\u011fitim, e\u011fitim sorunlar\u0131n\u0131n yo\u011fun ve uzun s\u00fcreli incelenmesi ve hepsini ta\u00e7land\u0131rmak i\u00e7in, bir \u00f6\u011fretmen ve e\u011fitimci olarak \u00e7e\u015fitli ve s\u0131ra d\u0131\u015f\u0131 deneyimlerin birle\u015fiminden kaynakland\u0131\u011f\u0131 i\u00e7in dikkate de\u011ferdir. Montessori\u2019nin sorunu olan k\u00fc\u00e7\u00fck \u00e7ocuklar\u0131n e\u011fitimiyle ilgilenen ba\u015fka hi\u00e7bir kad\u0131n, onunki kadar zengin \u00e7e\u015fitlili\u011fe sahip ki\u015fisel kaynaklar\u0131n\u0131 bu soruna \u00e7\u00f6z\u00fcm i\u00e7in kullanmam\u0131\u015ft\u0131r. \u00dcstelik bu kaynaklar\u0131, Pestalozzi ve Froebel\u2019inki gibi bir \u015fevkle i\u015fine adad\u0131 ve inan\u00e7lar\u0131n\u0131 dikkat \u00e7eken bir apostolik \u015fevkle sunuyor.<\/p>\n","protected":false},"excerpt":{"rendered":"<p>Dr. Montessori\u2019nin \u00e7al\u0131\u015fmas\u0131na dikkate de\u011fer, yeni ve \u00f6nemli demek tamamen g\u00fcvenli muhakeme s\u0131n\u0131rlar\u0131 i\u00e7indedir. Herhangi bir nedenle olmasa da bir kad\u0131n\u0131n yap\u0131c\u0131 \u00e7abas\u0131n\u0131 temsil etti\u011fi i\u00e7in<span class=\"excerpt-hellip\"> [\u2026]<\/span><\/p>\n","protected":false},"featured_media":0,"template":"","meta":{"_monsterinsights_skip_tracking":false,"_monsterinsights_sitenote_active":false,"_monsterinsights_sitenote_note":"","_monsterinsights_sitenote_category":0},"product_brand":[],"product_cat":[12573,12566],"product_tag":[],"class_list":{"0":"post-779320","1":"product","2":"type-product","3":"status-publish","5":"product_cat-akademik-kitaplar","6":"product_cat-egitim","7":"pa_cilt-ciltsiz","8":"pa_tur-kitap","9":"pa_yayinevi-egiten-kitap","10":"pa_yazar-maria-montessori","12":"first","13":"instock","14":"sale","15":"shipping-taxable","16":"purchasable","17":"product-type-simple"},"_links":{"self":[{"href":"https:\/\/roveyayinevi.com.tr\/index.php\/wp-json\/wp\/v2\/product\/779320","targetHints":{"allow":["GET"]}}],"collection":[{"href":"https:\/\/roveyayinevi.com.tr\/index.php\/wp-json\/wp\/v2\/product"}],"about":[{"href":"https:\/\/roveyayinevi.com.tr\/index.php\/wp-json\/wp\/v2\/types\/product"}],"wp:attachment":[{"href":"https:\/\/roveyayinevi.com.tr\/index.php\/wp-json\/wp\/v2\/media?parent=779320"}],"wp:term":[{"taxonomy":"product_brand","embeddable":true,"href":"https:\/\/roveyayinevi.com.tr\/index.php\/wp-json\/wp\/v2\/product_brand?post=779320"},{"taxonomy":"product_cat","embeddable":true,"href":"https:\/\/roveyayinevi.com.tr\/index.php\/wp-json\/wp\/v2\/product_cat?post=779320"},{"taxonomy":"product_tag","embeddable":true,"href":"https:\/\/roveyayinevi.com.tr\/index.php\/wp-json\/wp\/v2\/product_tag?post=779320"}],"curies":[{"name":"wp","href":"https:\/\/api.w.org\/{rel}","templated":true}]}}