{"id":779319,"date":"2025-12-30T11:42:33","date_gmt":"2025-12-30T08:42:33","guid":{"rendered":"https:\/\/roveyayinevi.com.tr\/index.php\/urun\/seleucia-sayi-xv-2025\/"},"modified":"2026-04-15T03:38:53","modified_gmt":"2026-04-15T00:38:53","slug":"seleucia-sayi-xv-2025","status":"publish","type":"product","link":"https:\/\/roveyayinevi.com.tr\/index.php\/urun\/seleucia-sayi-xv-2025\/","title":{"rendered":"Seleucia \/Say\u0131 XV-2025"},"content":{"rendered":"<p>Seleucia Dergimizin XV. Say\u0131s\u0131 yay\u0131nland\u0131. Seleucia, ayn\u0131 zamanda bu y\u0131l XV. y\u0131l\u0131n\u0131  kutlamaktad\u0131r. Seleucia&#8217;n\u0131n bu say\u0131s\u0131nda birbirinden de\u011ferli yirmi bir makale yer almaktad\u0131r. Makaleler, Protohistorik \u00e7a\u011flardan \u0130sl\u00e2m\u00ee d\u00f6neme kadar geni\u015f bir zaman dilimi i\u00e7indeki konular\u0131, yaz\u0131l\u0131 kaynaklar ve arkeolojik verilerle  incelemektedir. Sosyal bilimler alan\u0131n\u0131n \u00f6nemli indekslerinden TR Dizin ve Erih Plus indekslerinde taranan Olba Kaz\u0131s\u0131 Yay\u0131n\u0131 Seleucia Dergisi, ayn\u0131 zamanda T\u00fcrkiye&#8217;nin ilk bilimsel kaz\u0131 dergisi olma \u00f6zelli\u011fini korumaktad\u0131r. Arkeoloji d\u00fcnyas\u0131nda Seleucia Dergisi, her ge\u00e7en y\u0131l yazar kitlesini \u00e7e\u015fitlendirmekte ve geni\u015f okur kitlesine ula\u015fmaktad\u0131r. <\/p>\n","protected":false},"excerpt":{"rendered":"<p>Seleucia Dergimizin XV. Say\u0131s\u0131 yay\u0131nland\u0131. Seleucia, ayn\u0131 zamanda bu y\u0131l XV. y\u0131l\u0131n\u0131 kutlamaktad\u0131r. Seleucia&#8217;n\u0131n bu say\u0131s\u0131nda birbirinden de\u011ferli yirmi bir makale yer almaktad\u0131r. Makaleler, Protohistorik \u00e7a\u011flardan<span class=\"excerpt-hellip\"> [\u2026]<\/span><\/p>\n","protected":false},"featured_media":0,"template":"","meta":{"_monsterinsights_skip_tracking":false,"_monsterinsights_sitenote_active":false,"_monsterinsights_sitenote_note":"","_monsterinsights_sitenote_category":0},"product_brand":[],"product_cat":[52477,52478],"product_tag":[],"class_list":{"0":"post-779319","1":"product","2":"type-product","3":"status-publish","5":"product_cat-arastirma","6":"product_cat-arkeoloji","7":"pa_cilt-ciltsiz","8":"pa_tur-kitap","9":"pa_yayinevi-bilgin-kultur-sanat","10":"pa_yazar-kolektif","12":"first","13":"instock","14":"sale","15":"shipping-taxable","16":"purchasable","17":"product-type-simple"},"_links":{"self":[{"href":"https:\/\/roveyayinevi.com.tr\/index.php\/wp-json\/wp\/v2\/product\/779319","targetHints":{"allow":["GET"]}}],"collection":[{"href":"https:\/\/roveyayinevi.com.tr\/index.php\/wp-json\/wp\/v2\/product"}],"about":[{"href":"https:\/\/roveyayinevi.com.tr\/index.php\/wp-json\/wp\/v2\/types\/product"}],"wp:attachment":[{"href":"https:\/\/roveyayinevi.com.tr\/index.php\/wp-json\/wp\/v2\/media?parent=779319"}],"wp:term":[{"taxonomy":"product_brand","embeddable":true,"href":"https:\/\/roveyayinevi.com.tr\/index.php\/wp-json\/wp\/v2\/product_brand?post=779319"},{"taxonomy":"product_cat","embeddable":true,"href":"https:\/\/roveyayinevi.com.tr\/index.php\/wp-json\/wp\/v2\/product_cat?post=779319"},{"taxonomy":"product_tag","embeddable":true,"href":"https:\/\/roveyayinevi.com.tr\/index.php\/wp-json\/wp\/v2\/product_tag?post=779319"}],"curies":[{"name":"wp","href":"https:\/\/api.w.org\/{rel}","templated":true}]}}