{"id":779316,"date":"2025-12-30T11:42:18","date_gmt":"2025-12-30T08:42:18","guid":{"rendered":"https:\/\/roveyayinevi.com.tr\/index.php\/urun\/ailede-sevgi-sohbetleri\/"},"modified":"2026-04-15T03:38:47","modified_gmt":"2026-04-15T00:38:47","slug":"ailede-sevgi-sohbetleri","status":"publish","type":"product","link":"https:\/\/roveyayinevi.com.tr\/index.php\/urun\/ailede-sevgi-sohbetleri\/","title":{"rendered":"Ailede Sevgi Sohbetleri"},"content":{"rendered":"<p>Sevgi ve sohbet&#8230;Unutmaya y\u00fcz tuttu\u011fumuz iki insani g\u00fczellik&#8230;Sohbet sevgiden do\u011far.Sevgi sohbetle devam eder, bereketlenir.Sevgisiz g\u00f6n\u00fcller sohbetsiz kal\u0131r.Sohbetsiz ortamlar, kurakla\u015f\u0131r, \u00e7orakla\u015f\u0131r, cans\u0131zla\u015f\u0131r.Sevgi ve sohbetin en uygun zemini ailedir.Aile, sevgi ve sohbetin son kalesidir.Evet, aile \u201cSon Kale\u201ddir&#8230; Onu kaybedersek b\u00fct\u00fcn insani \u00f6zellik ve g\u00fczelliklerimizi kaybederiz. Bu sebeplerdir ki, aileyi ayakta tutan sohbet ve muhabbeti, ne pahas\u0131na olursa olsun ya\u015fatmak ve s\u00fcrd\u00fcrmek; aileyi bir sevgi okulu h\u00e2line getirmek mecburiyetindeyiz.\u00dcmidimiz; bu eserin, sevgi merkezli insanlar\u0131 ilim ve irfana ula\u015ft\u0131rmaya vesile olmas\u0131d\u0131r. <\/p>\n","protected":false},"excerpt":{"rendered":"<p>Sevgi ve sohbet&#8230;Unutmaya y\u00fcz tuttu\u011fumuz iki insani g\u00fczellik&#8230;Sohbet sevgiden do\u011far.Sevgi sohbetle devam eder, bereketlenir.Sevgisiz g\u00f6n\u00fcller sohbetsiz kal\u0131r.Sohbetsiz ortamlar, kurakla\u015f\u0131r, \u00e7orakla\u015f\u0131r, cans\u0131zla\u015f\u0131r.Sevgi ve sohbetin en uygun zemini<span class=\"excerpt-hellip\"> [\u2026]<\/span><\/p>\n","protected":false},"featured_media":0,"template":"","meta":{"_monsterinsights_skip_tracking":false,"_monsterinsights_sitenote_active":false,"_monsterinsights_sitenote_note":"","_monsterinsights_sitenote_category":0},"product_brand":[],"product_cat":[14787,13488],"product_tag":[],"class_list":{"0":"post-779316","1":"product","2":"type-product","3":"status-publish","5":"product_cat-diger-toplum-ve-insan","6":"product_cat-toplum-ve-insan","7":"pa_cilt-ciltsiz","8":"pa_tur-kitap","9":"pa_yayinevi-nesil-yayinlari","10":"pa_yazar-vehbi-vakkasoglu","12":"first","13":"instock","14":"sale","15":"shipping-taxable","16":"purchasable","17":"product-type-simple"},"_links":{"self":[{"href":"https:\/\/roveyayinevi.com.tr\/index.php\/wp-json\/wp\/v2\/product\/779316","targetHints":{"allow":["GET"]}}],"collection":[{"href":"https:\/\/roveyayinevi.com.tr\/index.php\/wp-json\/wp\/v2\/product"}],"about":[{"href":"https:\/\/roveyayinevi.com.tr\/index.php\/wp-json\/wp\/v2\/types\/product"}],"wp:attachment":[{"href":"https:\/\/roveyayinevi.com.tr\/index.php\/wp-json\/wp\/v2\/media?parent=779316"}],"wp:term":[{"taxonomy":"product_brand","embeddable":true,"href":"https:\/\/roveyayinevi.com.tr\/index.php\/wp-json\/wp\/v2\/product_brand?post=779316"},{"taxonomy":"product_cat","embeddable":true,"href":"https:\/\/roveyayinevi.com.tr\/index.php\/wp-json\/wp\/v2\/product_cat?post=779316"},{"taxonomy":"product_tag","embeddable":true,"href":"https:\/\/roveyayinevi.com.tr\/index.php\/wp-json\/wp\/v2\/product_tag?post=779316"}],"curies":[{"name":"wp","href":"https:\/\/api.w.org\/{rel}","templated":true}]}}