{"id":779314,"date":"2025-12-30T11:41:31","date_gmt":"2025-12-30T08:41:31","guid":{"rendered":"https:\/\/roveyayinevi.com.tr\/index.php\/urun\/suyla-rengarenk-boyama-ciftlik-sihirli-fircasiyla\/"},"modified":"2026-04-15T03:38:46","modified_gmt":"2026-04-15T00:38:46","slug":"suyla-rengarenk-boyama-ciftlik-sihirli-fircasiyla","status":"publish","type":"product","link":"https:\/\/roveyayinevi.com.tr\/index.php\/urun\/suyla-rengarenk-boyama-ciftlik-sihirli-fircasiyla\/","title":{"rendered":"Suyla Rengarenk Boyama \u2013 \u00c7iftlik (Sihirli F\u0131r\u00e7as\u0131yla)"},"content":{"rendered":"<p>RENKLER\u0130N B\u00dcY\u00dcS\u00dcN\u00dc KE\u015eFET   Sihirli f\u0131r\u00e7a ve biraz su ile harikalar yaratabilirsin. Hem de s\u0131n\u0131rs\u0131z\u2026 Kendini s\u0131n\u0131rland\u0131rmadan boyama keyfi ya\u015farken hayal g\u00fcc\u00fcn\u00fcn ve \u00f6zg\u00fcrl\u00fc\u011f\u00fcn tad\u0131n\u0131 \u00e7\u0131karacaks\u0131n.   \u00d6\u011eREN-E\u011eLEN   Bu kitap, sanatsal ve bili\u015fsel geli\u015fimini destekleyecek, ince motor kas\u0131 geli\u015fimine katk\u0131 sa\u011flayacakt\u0131r. Sihirli f\u0131r\u00e7as\u0131yla renkleri tan\u0131yacak ve \u00f6\u011frenmeyi seveceksin.   \u00c7EVRE DOSTU VE GER\u0130 D\u00d6N\u00dc\u015eT\u00dcR\u00dcLEB\u0130L\u0130R   Bu kitab\u0131n bir sihri daha var, kendi kendine kuruyor ve tekrar tekrar boyayabilmeni sa\u011fl\u0131yor. Heyecan verici, defalarca kullan\u0131labilir ve saatlerce s\u00fcrecek m\u00fcthi\u015f bir e\u011flence kayna\u011f\u0131! <\/p>\n","protected":false},"excerpt":{"rendered":"<p>RENKLER\u0130N B\u00dcY\u00dcS\u00dcN\u00dc KE\u015eFET Sihirli f\u0131r\u00e7a ve biraz su ile harikalar yaratabilirsin. Hem de s\u0131n\u0131rs\u0131z\u2026 Kendini s\u0131n\u0131rland\u0131rmadan boyama keyfi ya\u015farken hayal g\u00fcc\u00fcn\u00fcn ve \u00f6zg\u00fcrl\u00fc\u011f\u00fcn tad\u0131n\u0131 \u00e7\u0131karacaks\u0131n. \u00d6\u011eREN-E\u011eLEN<span class=\"excerpt-hellip\"> [\u2026]<\/span><\/p>\n","protected":false},"featured_media":0,"template":"","meta":{"_monsterinsights_skip_tracking":false,"_monsterinsights_sitenote_active":false,"_monsterinsights_sitenote_note":"","_monsterinsights_sitenote_category":0},"product_brand":[],"product_cat":[12644,12274],"product_tag":[],"class_list":{"0":"post-779314","1":"product","2":"type-product","3":"status-publish","5":"product_cat-boyama-kitaplari","6":"product_cat-cocuk-ve-genclik-kitaplari","7":"pa_cilt-ciltli","8":"pa_tur-kitap","9":"pa_yayinevi-indigo-cocuk","10":"pa_yazar-kolektif","12":"first","13":"instock","14":"sale","15":"shipping-taxable","16":"purchasable","17":"product-type-simple"},"_links":{"self":[{"href":"https:\/\/roveyayinevi.com.tr\/index.php\/wp-json\/wp\/v2\/product\/779314","targetHints":{"allow":["GET"]}}],"collection":[{"href":"https:\/\/roveyayinevi.com.tr\/index.php\/wp-json\/wp\/v2\/product"}],"about":[{"href":"https:\/\/roveyayinevi.com.tr\/index.php\/wp-json\/wp\/v2\/types\/product"}],"wp:attachment":[{"href":"https:\/\/roveyayinevi.com.tr\/index.php\/wp-json\/wp\/v2\/media?parent=779314"}],"wp:term":[{"taxonomy":"product_brand","embeddable":true,"href":"https:\/\/roveyayinevi.com.tr\/index.php\/wp-json\/wp\/v2\/product_brand?post=779314"},{"taxonomy":"product_cat","embeddable":true,"href":"https:\/\/roveyayinevi.com.tr\/index.php\/wp-json\/wp\/v2\/product_cat?post=779314"},{"taxonomy":"product_tag","embeddable":true,"href":"https:\/\/roveyayinevi.com.tr\/index.php\/wp-json\/wp\/v2\/product_tag?post=779314"}],"curies":[{"name":"wp","href":"https:\/\/api.w.org\/{rel}","templated":true}]}}