{"id":779313,"date":"2025-12-30T11:41:28","date_gmt":"2025-12-30T08:41:28","guid":{"rendered":"https:\/\/roveyayinevi.com.tr\/index.php\/urun\/sefine-i\/"},"modified":"2026-04-15T03:38:45","modified_gmt":"2026-04-15T00:38:45","slug":"sefine-i","status":"publish","type":"product","link":"https:\/\/roveyayinevi.com.tr\/index.php\/urun\/sefine-i\/","title":{"rendered":"Sefine I"},"content":{"rendered":"<p>1950 y\u0131l\u0131nda Tav\u015fanl\u0131&#8217;da do\u011fdu. \u0130lkokulu ayn\u0131 il\u00e7ede tamamlad\u0131. O d\u00f6nemlerde say\u0131s\u0131 az olan \u0130mam Hatip okullar\u0131ndan Bal\u0131kesir \u0130mam Hatip Okulu&#8217;nda e\u011fitime ba\u015flad\u0131 ve 1969 y\u0131l\u0131nda birincilikle mezun oldu. Ayn\u0131 y\u0131l ba\u015flad\u0131\u011f\u0131 \u0130stanbul Y\u00fcksek \u0130slam Enstit\u00fcs\u00fc&#8217;n\u00fc 1973 y\u0131l\u0131nda pekiyi derece ile tamamlad\u0131. 1974 y\u0131l\u0131nda Diyanet \u0130\u015fleri Ba\u015fkanl\u0131\u011f\u0131&#8217;nda Kur\u2019an Kursu \u00d6\u011freticili\u011fi ile g\u00f6reve ba\u015flad\u0131. Yedek subay olarak Isparta&#8217;da askerli\u011fini tamamlad\u0131. Diyanet \u0130\u015fleri Ba\u015fkanl\u0131\u011f\u0131&#8217;nda a\u00e7\u0131lan Frans\u0131zca kursunda \u201cKur\u2019an-\u0131 Kerim, Din Sosyolojisi ve Frans\u0131zca\u201d sertifikas\u0131 ald\u0131. S\u0131ras\u0131yla \u015feflik, saymanl\u0131k ve Almanya&#8217;da yurtd\u0131\u015f\u0131 g\u00f6revlerinde bulundu. Din g\u00f6revlisi, Kur\u2019an kursu \u00f6\u011freticisi, m\u00fcft\u00fcl\u00fck ve di\u011fer hay\u0131r derneklerinde g\u00f6rev yapt\u0131. Emekli. \u0130ki \u00e7ocuk babas\u0131d\u0131r. Unutulmayan De\u011ferli Hocalar\u0131m\u0131za \u015e\u00fckran Borcumuz: Mahir \u0130z Haf\u0131z-\u0131 kurr\u00e2-Hac\u0131 Haf\u0131z \u00dcsk\u00fcdarl\u0131 Ali Efendi Haf\u0131z Rahmi \u015eenses Do. Dr. Nedim Urhan Dr. Sel\u00e7uk Erayd\u0131n Prof. Dr. Ali \u00d6zek. Bekir Sadak M\u00fcd\u00fcr\u00fcm\u00fcz Prof. Dr. Salih Tu\u011f, Arap\u00e7a Hocam\u0131z Ezher mezunu merhum Ahmet Davuto\u011flu Prof. Dr. Bekir Topalo\u011flu Mehmet Sofuo\u011flu Tunuslu Prof. Muhammed Tanc\u0131  Dr. Haf\u0131z M. Ali Sar\u0131 Mevlev\u00ee, \u00fcst\u00e2d Neyzen Halil Can Kemal Edib K\u00fcrk\u00e7\u00fco\u011flu \u00d6mer \u00c7am Prof.Dr. \u0130smail Kara\u00e7am Dr. Haf\u0131z Tayyar Alt\u0131kula\u00e7 Y\u00fcksek Mimar M\u00fchendis \u00d6mer Kirazo\u011flu Fars\u00e7a Hocam\u0131z Prof.Dr. Ali murad Daryal Ord.Prof. Recai Galib Okandan Frans\u0131zca Hocalar\u0131m\u0131z: A. \u00e7etin Ert\u00fcrk-Fikret G\u00f6kdemir Dr. Serdar Kurto\u011flu <\/p>\n","protected":false},"excerpt":{"rendered":"<p>1950 y\u0131l\u0131nda Tav\u015fanl\u0131&#8217;da do\u011fdu. \u0130lkokulu ayn\u0131 il\u00e7ede tamamlad\u0131. O d\u00f6nemlerde say\u0131s\u0131 az olan \u0130mam Hatip okullar\u0131ndan Bal\u0131kesir \u0130mam Hatip Okulu&#8217;nda e\u011fitime ba\u015flad\u0131 ve 1969 y\u0131l\u0131nda birincilikle<span class=\"excerpt-hellip\"> [\u2026]<\/span><\/p>\n","protected":false},"featured_media":0,"template":"","meta":{"_monsterinsights_skip_tracking":false,"_monsterinsights_sitenote_active":false,"_monsterinsights_sitenote_note":"","_monsterinsights_sitenote_category":0},"product_brand":[],"product_cat":[12777,12291],"product_tag":[],"class_list":{"0":"post-779313","1":"product","2":"type-product","3":"status-publish","5":"product_cat-deneme","6":"product_cat-edebiyat","7":"pa_cilt-ciltsiz","8":"pa_tur-kitap","9":"pa_yayinevi-gulnar-yayinlari","10":"pa_yazar-ahmet-yasar-cakmak","12":"first","13":"instock","14":"sale","15":"shipping-taxable","16":"purchasable","17":"product-type-simple"},"_links":{"self":[{"href":"https:\/\/roveyayinevi.com.tr\/index.php\/wp-json\/wp\/v2\/product\/779313","targetHints":{"allow":["GET"]}}],"collection":[{"href":"https:\/\/roveyayinevi.com.tr\/index.php\/wp-json\/wp\/v2\/product"}],"about":[{"href":"https:\/\/roveyayinevi.com.tr\/index.php\/wp-json\/wp\/v2\/types\/product"}],"wp:attachment":[{"href":"https:\/\/roveyayinevi.com.tr\/index.php\/wp-json\/wp\/v2\/media?parent=779313"}],"wp:term":[{"taxonomy":"product_brand","embeddable":true,"href":"https:\/\/roveyayinevi.com.tr\/index.php\/wp-json\/wp\/v2\/product_brand?post=779313"},{"taxonomy":"product_cat","embeddable":true,"href":"https:\/\/roveyayinevi.com.tr\/index.php\/wp-json\/wp\/v2\/product_cat?post=779313"},{"taxonomy":"product_tag","embeddable":true,"href":"https:\/\/roveyayinevi.com.tr\/index.php\/wp-json\/wp\/v2\/product_tag?post=779313"}],"curies":[{"name":"wp","href":"https:\/\/api.w.org\/{rel}","templated":true}]}}