{"id":779311,"date":"2025-12-30T11:41:14","date_gmt":"2025-12-30T08:41:14","guid":{"rendered":"https:\/\/roveyayinevi.com.tr\/index.php\/urun\/masuk\/"},"modified":"2026-01-30T04:10:36","modified_gmt":"2026-01-30T01:10:36","slug":"masuk","status":"publish","type":"product","link":"https:\/\/roveyayinevi.com.tr\/index.php\/urun\/masuk\/","title":{"rendered":"Ma\u015fuk"},"content":{"rendered":"<p>G\u00f6nl\u00fcm\u00fc ald\u0131n harap eyledin,  Beni diyar\u0131mda garip eyledin, Ate\u015flerde yakt\u0131n k\u00fcl eyledin,  Gel art\u0131k kalmad\u0131 takatim.   Sevdama \u00e2m\u00e2 m\u0131yd\u0131 g\u00f6nl\u00fcn  Ne oldu da beni bir t\u00fcrl\u00fc g\u00f6remedin G\u00f6\u011fs\u00fcmde volkanlar patlarken her g\u00fcn  Zehir\u2019i s\u00fckutunu \u015ferbet diye yudumlad\u0131m    Zemherinin ortas\u0131nda kanl\u0131 g\u00f6zlerim  Sevdana d\u00fc\u015f\u00fcnce l\u00e2l oldu dilim Leyla oldum ebediyetim sensin Sevdam sensin g\u00f6zlerin \u015fahidim <\/p>\n","protected":false},"excerpt":{"rendered":"<p>G\u00f6nl\u00fcm\u00fc ald\u0131n harap eyledin, Beni diyar\u0131mda garip eyledin, Ate\u015flerde yakt\u0131n k\u00fcl eyledin, Gel art\u0131k kalmad\u0131 takatim. Sevdama \u00e2m\u00e2 m\u0131yd\u0131 g\u00f6nl\u00fcn Ne oldu da beni bir t\u00fcrl\u00fc<span class=\"excerpt-hellip\"> [\u2026]<\/span><\/p>\n","protected":false},"featured_media":0,"template":"","meta":{"_monsterinsights_skip_tracking":false,"_monsterinsights_sitenote_active":false,"_monsterinsights_sitenote_note":"","_monsterinsights_sitenote_category":0},"product_brand":[],"product_cat":[12291,12509],"product_tag":[],"class_list":{"0":"post-779311","1":"product","2":"type-product","3":"status-publish","5":"product_cat-edebiyat","6":"product_cat-siir","7":"pa_cilt-ciltsiz","8":"pa_tur-kitap","9":"pa_yayinevi-vova-yayinlari","10":"pa_yazar-fatma-ceylan","12":"first","13":"instock","14":"sale","15":"shipping-taxable","16":"purchasable","17":"product-type-simple"},"_links":{"self":[{"href":"https:\/\/roveyayinevi.com.tr\/index.php\/wp-json\/wp\/v2\/product\/779311","targetHints":{"allow":["GET"]}}],"collection":[{"href":"https:\/\/roveyayinevi.com.tr\/index.php\/wp-json\/wp\/v2\/product"}],"about":[{"href":"https:\/\/roveyayinevi.com.tr\/index.php\/wp-json\/wp\/v2\/types\/product"}],"wp:attachment":[{"href":"https:\/\/roveyayinevi.com.tr\/index.php\/wp-json\/wp\/v2\/media?parent=779311"}],"wp:term":[{"taxonomy":"product_brand","embeddable":true,"href":"https:\/\/roveyayinevi.com.tr\/index.php\/wp-json\/wp\/v2\/product_brand?post=779311"},{"taxonomy":"product_cat","embeddable":true,"href":"https:\/\/roveyayinevi.com.tr\/index.php\/wp-json\/wp\/v2\/product_cat?post=779311"},{"taxonomy":"product_tag","embeddable":true,"href":"https:\/\/roveyayinevi.com.tr\/index.php\/wp-json\/wp\/v2\/product_tag?post=779311"}],"curies":[{"name":"wp","href":"https:\/\/api.w.org\/{rel}","templated":true}]}}