{"id":779308,"date":"2025-12-30T11:40:00","date_gmt":"2025-12-30T08:40:00","guid":{"rendered":"https:\/\/roveyayinevi.com.tr\/index.php\/urun\/turkiye-bataktan-nasil-cikar\/"},"modified":"2026-04-15T03:37:38","modified_gmt":"2026-04-15T00:37:38","slug":"turkiye-bataktan-nasil-cikar","status":"publish","type":"product","link":"https:\/\/roveyayinevi.com.tr\/index.php\/urun\/turkiye-bataktan-nasil-cikar\/","title":{"rendered":"T\u00fcrkiye Bataktan Nas\u0131l \u00c7\u0131kar?"},"content":{"rendered":"<p>Derleyen -Yazar: Prof. Dr. \u00d6vg\u00fcn Ahmet ERCAN   De\u011ferli okurlar, T\u00fcrkiye&#8217;miz hemen her konuda ard\u0131 kesilmeyen a\u00e7mazlara d\u00fc\u015fm\u00fc\u015ft\u00fcr.   Cumhuriyet ve kurucu ilkelerimiz g\u00fcn ge\u00e7tik\u00e7e t\u00f6rp\u00fclenmektedir. Elerkil (demokratik) y\u00f6netimimiz y\u0131pranm\u0131\u015f, toplumun istenci (iradesi) kilitlenmi\u015f, kurucu de\u011ferlerimiz ile T\u00fcrk devrimlerinin ad\u0131 olan Kemalizm sald\u0131r\u0131lara u\u011frarken, halk\u0131n belle\u011fi ile de\u011ferlendirme yetene\u011fi Osmanl\u0131c\u0131l\u0131k \u00f6vg\u00fcs\u00fc ile uyu\u015fturulmu\u015ftur.   Ayd\u0131nlar d\u00fc\u015f\u00fcnceleri i\u00e7in g\u00f6zalt\u0131na al\u0131nmakta, tutuklanmakta, g\u00f6zda\u011f\u0131 ile bask\u0131 alt\u0131nda kalmaktad\u0131rlar. Bu tek erkli bask\u0131 g\u00fcn ge\u00e7tik\u00e7e artarak toplumu ya\u015famdan bezdirmektedir. Bu k\u0131s\u0131tlamalara dur diyecek diren\u00e7ler s\u00fcre i\u00e7inde bir bir k\u0131r\u0131lmaktad\u0131r.   Toplum ge\u00e7im s\u0131k\u0131nt\u0131s\u0131 i\u00e7inde ezgin, kurtulu\u015f i\u00e7in bir i\u015fler yapamamak- tan bezgin, umudu k\u0131r\u0131k, \u00e7aresizdir. T\u00fcrkiye&#8217;miz bilinmeze do\u011fru s\u00fcr\u00fcklenmektedir. <\/p>\n","protected":false},"excerpt":{"rendered":"<p>Derleyen -Yazar: Prof. Dr. \u00d6vg\u00fcn Ahmet ERCAN De\u011ferli okurlar, T\u00fcrkiye&#8217;miz hemen her konuda ard\u0131 kesilmeyen a\u00e7mazlara d\u00fc\u015fm\u00fc\u015ft\u00fcr. Cumhuriyet ve kurucu ilkelerimiz g\u00fcn ge\u00e7tik\u00e7e t\u00f6rp\u00fclenmektedir. Elerkil (demokratik)<span class=\"excerpt-hellip\"> [\u2026]<\/span><\/p>\n","protected":false},"featured_media":0,"template":"","meta":{"_monsterinsights_skip_tracking":false,"_monsterinsights_sitenote_active":false,"_monsterinsights_sitenote_note":"","_monsterinsights_sitenote_category":0},"product_brand":[],"product_cat":[12337,14543],"product_tag":[],"class_list":{"0":"post-779308","1":"product","2":"type-product","3":"status-publish","5":"product_cat-politika-siyaset","6":"product_cat-turkiye-siyaseti-ve-politikasi","7":"pa_cilt-ciltsiz","8":"pa_tur-kitap","9":"pa_yayinevi-pankus-yayinlari","10":"pa_yazar-kolektif","12":"first","13":"instock","14":"sale","15":"shipping-taxable","16":"purchasable","17":"product-type-simple"},"_links":{"self":[{"href":"https:\/\/roveyayinevi.com.tr\/index.php\/wp-json\/wp\/v2\/product\/779308","targetHints":{"allow":["GET"]}}],"collection":[{"href":"https:\/\/roveyayinevi.com.tr\/index.php\/wp-json\/wp\/v2\/product"}],"about":[{"href":"https:\/\/roveyayinevi.com.tr\/index.php\/wp-json\/wp\/v2\/types\/product"}],"wp:attachment":[{"href":"https:\/\/roveyayinevi.com.tr\/index.php\/wp-json\/wp\/v2\/media?parent=779308"}],"wp:term":[{"taxonomy":"product_brand","embeddable":true,"href":"https:\/\/roveyayinevi.com.tr\/index.php\/wp-json\/wp\/v2\/product_brand?post=779308"},{"taxonomy":"product_cat","embeddable":true,"href":"https:\/\/roveyayinevi.com.tr\/index.php\/wp-json\/wp\/v2\/product_cat?post=779308"},{"taxonomy":"product_tag","embeddable":true,"href":"https:\/\/roveyayinevi.com.tr\/index.php\/wp-json\/wp\/v2\/product_tag?post=779308"}],"curies":[{"name":"wp","href":"https:\/\/api.w.org\/{rel}","templated":true}]}}