{"id":779300,"date":"2025-12-30T11:39:30","date_gmt":"2025-12-30T08:39:30","guid":{"rendered":"https:\/\/roveyayinevi.com.tr\/index.php\/urun\/cumhuriyetin-islami-temelleri-ve-karsitlari\/"},"modified":"2026-04-15T03:37:14","modified_gmt":"2026-04-15T00:37:14","slug":"cumhuriyetin-islami-temelleri-ve-karsitlari","status":"publish","type":"product","link":"https:\/\/roveyayinevi.com.tr\/index.php\/urun\/cumhuriyetin-islami-temelleri-ve-karsitlari\/","title":{"rendered":"Cumhuriyet&#8217;in \u0130slami Temelleri ve Kar\u015f\u0131tlar\u0131"},"content":{"rendered":"<p>T\u00fcrkiye Cumhuriyeti\u2019nin \u0130slam\u00ee temellere dayand\u0131\u011f\u0131n\u0131 ileri s\u00fcrmek; Cumhuriyet tarihinin olduk\u00e7a uzun bir s\u00fcreyi kapsayan b\u00f6l\u00fcm\u00fcnde Cumhuriyet\u2019i \u0130slam kar\u015f\u0131t\u0131 gibi sunmakta olan ilahiyat\u00e7\u0131 kavray\u0131\u015f ve politize edilen din\u00ee ortam ile elbette yaman bir \u00e7at\u0131\u015fmaya girmeyi g\u00f6ze almakt\u0131r.On y\u0131llar boyunca yayg\u0131nla\u015ft\u0131r\u0131lm\u0131\u015f olan genel kabul, alt\u0131 temel ilkesinden biri laiklik olan bu rejimin din\u00ee bir temele dayanmas\u0131n\u0131n m\u00fcmk\u00fcn olmayaca\u011f\u0131 \u00fczerinedir. Toplumun kutupla\u015ft\u0131r\u0131l\u0131p ikiye b\u00f6l\u00fcnd\u00fc\u011f\u00fc yak\u0131n tarihimiz boyunca, \u0130slamc\u0131 muhafazak\u00e2rl\u0131\u011f\u0131n kar\u015f\u0131s\u0131nda yer alan yetersiz Cumhuriyet savunmas\u0131 ise, yine genel kabul olarak \u201claiklik\u201d ilkesinin kavramsal tarihine bile de\u011finmeye tenezz\u00fcl etmeyecek \u015fekilde tezah\u00fcr etmi\u015ftir. Bat\u0131\u2019n\u0131n t\u00fcm y\u00f6nleriyle taklit edildi\u011fi iddias\u0131yla kar\u015f\u0131t\u0131n\u0131n s\u00f6ylem orta\u011f\u0131 olan ve laikli\u011fi Cumhuriyet\u2019in projesi olmayan sek\u00fclerle\u015fmeye indirgeyen bu kesimi de hesaba katt\u0131\u011f\u0131m\u0131zda, bu \u00e7al\u0131\u015fman\u0131n bir meydan okuma oldu\u011fu a\u015fik\u00e2rd\u0131r.B\u00fct\u00fcnc\u00fcl bir kavray\u0131\u015fla ele al\u0131nd\u0131\u011f\u0131nda ve T\u00fcrk tarihi i\u00e7erisinde \u0130slam dininin tecr\u00fcbe fazlar\u0131n\u0131n bilgisine sahip olundu\u011funda, \u00e7ok katmanl\u0131 Cumhuriyet projesinin \u0130slam\u2019\u0131n T\u00fcrk yorumunu kendisine ontolojik bir temelde kaynak olarak se\u00e7ti\u011fi ger\u00e7e\u011fi, bizlerden zannetti\u011fimiz kadar uzakta de\u011fildir. Buna ra\u011fmen ekseriyetle ara\u015ft\u0131rmac\u0131lar\u0131n konuyu \u201cdin siyaseti\u201d veya \u201cdin s\u00f6ylemi\u201d gibi indirgemeci bir tasavvur ile ele almalar\u0131ndan \u00f6t\u00fcr\u00fc bu hakikat maalesef g\u00f6z ard\u0131 edilmektedir.Bu kitap, hem T\u00fcrklerin \u0130slam tarihi i\u00e7erisindeki d\u00f6n\u00fc\u015f\u00fcmlerini ele alarak hem de Cumhuriyet\u2019in kurucu bilincinin \u00fczerine \u00e7ekilen \u00f6rt\u00fcy\u00fc kald\u0131rmaya azmederek bu politik ontolojiyi g\u00fcn \u0131\u015f\u0131\u011f\u0131na \u00e7\u0131karmay\u0131 hedeflemektedir.<\/p>\n","protected":false},"excerpt":{"rendered":"<p>T\u00fcrkiye Cumhuriyeti\u2019nin \u0130slam\u00ee temellere dayand\u0131\u011f\u0131n\u0131 ileri s\u00fcrmek; Cumhuriyet tarihinin olduk\u00e7a uzun bir s\u00fcreyi kapsayan b\u00f6l\u00fcm\u00fcnde Cumhuriyet\u2019i \u0130slam kar\u015f\u0131t\u0131 gibi sunmakta olan ilahiyat\u00e7\u0131 kavray\u0131\u015f ve politize edilen<span class=\"excerpt-hellip\"> [\u2026]<\/span><\/p>\n","protected":false},"featured_media":0,"template":"","meta":{"_monsterinsights_skip_tracking":false,"_monsterinsights_sitenote_active":false,"_monsterinsights_sitenote_note":"","_monsterinsights_sitenote_category":0},"product_brand":[],"product_cat":[13590,12337],"product_tag":[],"class_list":{"0":"post-779300","1":"product","2":"type-product","3":"status-publish","5":"product_cat-arastirma-inceleme-politika-siyaset","6":"product_cat-politika-siyaset","7":"pa_cilt-ciltsiz","8":"pa_tur-kitap","9":"pa_yayinevi-otuken-nesriyat","10":"pa_yazar-meryem-cagil","12":"first","13":"instock","14":"sale","15":"shipping-taxable","16":"purchasable","17":"product-type-simple"},"_links":{"self":[{"href":"https:\/\/roveyayinevi.com.tr\/index.php\/wp-json\/wp\/v2\/product\/779300","targetHints":{"allow":["GET"]}}],"collection":[{"href":"https:\/\/roveyayinevi.com.tr\/index.php\/wp-json\/wp\/v2\/product"}],"about":[{"href":"https:\/\/roveyayinevi.com.tr\/index.php\/wp-json\/wp\/v2\/types\/product"}],"wp:attachment":[{"href":"https:\/\/roveyayinevi.com.tr\/index.php\/wp-json\/wp\/v2\/media?parent=779300"}],"wp:term":[{"taxonomy":"product_brand","embeddable":true,"href":"https:\/\/roveyayinevi.com.tr\/index.php\/wp-json\/wp\/v2\/product_brand?post=779300"},{"taxonomy":"product_cat","embeddable":true,"href":"https:\/\/roveyayinevi.com.tr\/index.php\/wp-json\/wp\/v2\/product_cat?post=779300"},{"taxonomy":"product_tag","embeddable":true,"href":"https:\/\/roveyayinevi.com.tr\/index.php\/wp-json\/wp\/v2\/product_tag?post=779300"}],"curies":[{"name":"wp","href":"https:\/\/api.w.org\/{rel}","templated":true}]}}