{"id":779299,"date":"2025-12-30T11:39:26","date_gmt":"2025-12-30T08:39:26","guid":{"rendered":"https:\/\/roveyayinevi.com.tr\/index.php\/urun\/turkiye-tarimi\/"},"modified":"2026-04-15T03:37:13","modified_gmt":"2026-04-15T00:37:13","slug":"turkiye-tarimi","status":"publish","type":"product","link":"https:\/\/roveyayinevi.com.tr\/index.php\/urun\/turkiye-tarimi\/","title":{"rendered":"T\u00fcrkiye Tar\u0131m\u0131"},"content":{"rendered":"<p>Prof. Dr. Mustafa Kaymak\u00e7\u0131\u2019n\u0131n bu kitab\u0131nda iki \u00f6nemli \u00f6zellik \u00f6ne \u00e7\u0131k\u0131yor: 1.        Tar\u0131msal \u00fcretim akt\u00f6rlerinden aile i\u015fg\u00fcc\u00fc temelli k\u00fc\u00e7\u00fck ve orta \u00f6l\u00e7ekli tar\u0131m i\u015fletmelerinin sorunlar\u0131yla onlara y\u00f6nelik \u00e7\u00f6z\u00fcmler konusuna a\u011f\u0131rl\u0131k verilmektedir. 2.        B\u00fcy\u00fck bir \u00e7o\u011funlu\u011fun nitelikli ve yeterli g\u0131daya ula\u015famamas\u0131 sorununa y\u00f6nelik tespitler ve \u00e7\u00f6z\u00fcmlerden meydana gelmektedir.   T\u00fcrkiye Tar\u0131m\u0131 \u2013 Emperyalist Sald\u0131r\u0131 ve \u00c7\u00f6z\u00fcmler 1.        Do\u011frudan tar\u0131msal \u00fcretimle ilgili yaz\u0131lardan meydana gelmektedir. 2.        Tar\u0131msal \u00fcretimin bir kolu olan hayvansal \u00fcretimle ilgilidir. 3.        Tar\u0131msal \u00fcretimin en \u00f6nemli \u00e7\u0131kt\u0131s\u0131 olan g\u0131da sorunu hakk\u0131ndad\u0131r. 4.        Bu b\u00f6l\u00fcm, temelde do\u011fu sorunu olan K\u00fcrt sorunu, Mustafa Kemal Atat\u00fcrk\u2019\u00fcn \u201cT\u00fcrkiye Cumhuriyeti\u2019ni kuran T\u00fcrkiye ahalisine, T\u00fcrk milleti denir\u201d yakla\u015f\u0131m\u0131yla kaleme al\u0131nm\u0131\u015ft\u0131r. 5.        Tar\u0131m d\u0131\u015f\u0131 ekonomi-politik \u00e7\u00f6z\u00fcmlemeler yer almaktad\u0131r. 6.        Bilim ve gelece\u011fin planlanmas\u0131 hususundaki makaleden olu\u015fmaktad\u0131r. 7.        Atat\u00fcrk\u2019\u00fcn tar\u0131mla ilgili uygulama ve d\u00fc\u015f\u00fcnceleri g\u00fcn\u00fcm\u00fcze de \u0131\u015f\u0131k tutacak nitelikte oldu\u011fu i\u00e7in Atat\u00fcrk\u2019\u00fcn tar\u0131m uygulamalar\u0131yla ilgili makaleler yer almaktad\u0131r. <\/p>\n","protected":false},"excerpt":{"rendered":"<p>Prof. Dr. Mustafa Kaymak\u00e7\u0131\u2019n\u0131n bu kitab\u0131nda iki \u00f6nemli \u00f6zellik \u00f6ne \u00e7\u0131k\u0131yor: 1. Tar\u0131msal \u00fcretim akt\u00f6rlerinden aile i\u015fg\u00fcc\u00fc temelli k\u00fc\u00e7\u00fck ve orta \u00f6l\u00e7ekli tar\u0131m i\u015fletmelerinin sorunlar\u0131yla onlara<span class=\"excerpt-hellip\"> [\u2026]<\/span><\/p>\n","protected":false},"featured_media":0,"template":"","meta":{"_monsterinsights_skip_tracking":false,"_monsterinsights_sitenote_active":false,"_monsterinsights_sitenote_note":"","_monsterinsights_sitenote_category":0},"product_brand":[],"product_cat":[12337],"product_tag":[],"class_list":{"0":"post-779299","1":"product","2":"type-product","3":"status-publish","5":"product_cat-politika-siyaset","6":"pa_cilt-ciltsiz","7":"pa_tur-kitap","8":"pa_yayinevi-pankus-yayinlari","9":"pa_yazar-mustafa-kaymakci","11":"first","12":"instock","13":"sale","14":"shipping-taxable","15":"purchasable","16":"product-type-simple"},"_links":{"self":[{"href":"https:\/\/roveyayinevi.com.tr\/index.php\/wp-json\/wp\/v2\/product\/779299","targetHints":{"allow":["GET"]}}],"collection":[{"href":"https:\/\/roveyayinevi.com.tr\/index.php\/wp-json\/wp\/v2\/product"}],"about":[{"href":"https:\/\/roveyayinevi.com.tr\/index.php\/wp-json\/wp\/v2\/types\/product"}],"wp:attachment":[{"href":"https:\/\/roveyayinevi.com.tr\/index.php\/wp-json\/wp\/v2\/media?parent=779299"}],"wp:term":[{"taxonomy":"product_brand","embeddable":true,"href":"https:\/\/roveyayinevi.com.tr\/index.php\/wp-json\/wp\/v2\/product_brand?post=779299"},{"taxonomy":"product_cat","embeddable":true,"href":"https:\/\/roveyayinevi.com.tr\/index.php\/wp-json\/wp\/v2\/product_cat?post=779299"},{"taxonomy":"product_tag","embeddable":true,"href":"https:\/\/roveyayinevi.com.tr\/index.php\/wp-json\/wp\/v2\/product_tag?post=779299"}],"curies":[{"name":"wp","href":"https:\/\/api.w.org\/{rel}","templated":true}]}}