{"id":779298,"date":"2025-12-30T11:39:23","date_gmt":"2025-12-30T08:39:23","guid":{"rendered":"https:\/\/roveyayinevi.com.tr\/index.php\/urun\/turkce-ingilizce-yalin-turkce-insaat-muhendisligi-terimleri-sozlugu\/"},"modified":"2026-04-15T03:37:11","modified_gmt":"2026-04-15T00:37:11","slug":"turkce-ingilizce-yalin-turkce-insaat-muhendisligi-terimleri-sozlugu","status":"publish","type":"product","link":"https:\/\/roveyayinevi.com.tr\/index.php\/urun\/turkce-ingilizce-yalin-turkce-insaat-muhendisligi-terimleri-sozlugu\/","title":{"rendered":"T\u00fcrk\u00e7e &#8211; \u0130ngilizce-Yal\u0131n T\u00fcrk\u00e7e \u0130n\u015faat M\u00fchendisli\u011fi Terimleri S\u00f6zl\u00fc\u011f\u00fc"},"content":{"rendered":"<p>Bu s\u00f6zl\u00fck, in\u015faat m\u00fchendisli\u011finin   -H\u0130DROL\u0130K       -HYDRAULICS -KIYI VE L\u0130MAN M\u00dcHEND\u0130SL\u0130\u011e\u0130       -COASTAL AND HARBOUR ENGINEERING -SULAMA VE KURUTMA       -IRRIGATION &amp; DRAINAGE -ULA\u015eIM M\u00dcHEND\u0130SL\u0130\u011e\u0130       -TRANSPORTATION ENGINEERING -ZEM\u0130N MEKAN\u0130\u011e\u0130 VE TEMEL M\u00dcHEND\u0130SL\u0130\u011e\u0130       -SOIL MECHANICS &amp; FOUNDATION ENGINEERING -M\u00dcHEND\u0130SL\u0130K JEOLOJ\u0130S\u0130 VE KAYA MEKAN\u0130\u011e\u0130       -ENGINEERING GEOLOGY &amp; ROCK MECHANICS -YAPI M\u00dcHEND\u0130SL\u0130\u011e\u0130       -STRUCTURAL ENGINEERING -BARAJ M\u00dcHEND\u0130SL\u0130\u011e\u0130       -DAM ENGINEERING -IRMAK M\u00dcHEND\u0130SL\u0130\u011e\u0130       -RIVER ENGINEERING -SUGET\u0130RME VE KANAL\u0130ZASYON \u2013 ARITMA       -WATER SUPPLY &amp; WASTE WATER &#8211; TREATMENT -T\u00dcNEL M\u00dcHEND\u0130SL\u0130\u011e\u0130       -TUNNEL ENGINEERING -DEPREM M\u00dcHEND\u0130SL\u0130\u011e\u0130       -EARTHQUAKE ENGINEERING konular\u0131n\u0131 i\u00e7eren 30.000\u2019i a\u015fk\u0131n s\u00f6zc\u00fck ve deyimi i\u00e7ermektedir. Dil ayn\u0131 zamanda ba\u011f\u0131ms\u0131zl\u0131\u011f\u0131n da bir gere\u011fidir. Kendi dilini kullanan, kendi dilinde bilim yap\u0131p, bilim \u00fcreten toplumlar, uygar toplumlar aras\u0131nda hak ettikleri sayg\u0131n yeri mutlaka bulacaklard\u0131r.<\/p>\n","protected":false},"excerpt":{"rendered":"<p>Bu s\u00f6zl\u00fck, in\u015faat m\u00fchendisli\u011finin -H\u0130DROL\u0130K -HYDRAULICS -KIYI VE L\u0130MAN M\u00dcHEND\u0130SL\u0130\u011e\u0130 -COASTAL AND HARBOUR ENGINEERING -SULAMA VE KURUTMA -IRRIGATION &amp; DRAINAGE -ULA\u015eIM M\u00dcHEND\u0130SL\u0130\u011e\u0130 -TRANSPORTATION ENGINEERING -ZEM\u0130N MEKAN\u0130\u011e\u0130<span class=\"excerpt-hellip\"> [\u2026]<\/span><\/p>\n","protected":false},"featured_media":0,"template":"","meta":{"_monsterinsights_skip_tracking":false,"_monsterinsights_sitenote_active":false,"_monsterinsights_sitenote_note":"","_monsterinsights_sitenote_category":0},"product_brand":[],"product_cat":[12566,13611],"product_tag":[],"class_list":{"0":"post-779298","1":"product","2":"type-product","3":"status-publish","5":"product_cat-egitim","6":"product_cat-sozlukler-ve-konusma-kilavuzlari","7":"pa_cilt-ciltsiz","8":"pa_tur-kitap","9":"pa_yayinevi-luna-yayinlari","10":"pa_yazar-gokdal-okay","12":"first","13":"instock","14":"sale","15":"shipping-taxable","16":"purchasable","17":"product-type-simple"},"_links":{"self":[{"href":"https:\/\/roveyayinevi.com.tr\/index.php\/wp-json\/wp\/v2\/product\/779298","targetHints":{"allow":["GET"]}}],"collection":[{"href":"https:\/\/roveyayinevi.com.tr\/index.php\/wp-json\/wp\/v2\/product"}],"about":[{"href":"https:\/\/roveyayinevi.com.tr\/index.php\/wp-json\/wp\/v2\/types\/product"}],"wp:attachment":[{"href":"https:\/\/roveyayinevi.com.tr\/index.php\/wp-json\/wp\/v2\/media?parent=779298"}],"wp:term":[{"taxonomy":"product_brand","embeddable":true,"href":"https:\/\/roveyayinevi.com.tr\/index.php\/wp-json\/wp\/v2\/product_brand?post=779298"},{"taxonomy":"product_cat","embeddable":true,"href":"https:\/\/roveyayinevi.com.tr\/index.php\/wp-json\/wp\/v2\/product_cat?post=779298"},{"taxonomy":"product_tag","embeddable":true,"href":"https:\/\/roveyayinevi.com.tr\/index.php\/wp-json\/wp\/v2\/product_tag?post=779298"}],"curies":[{"name":"wp","href":"https:\/\/api.w.org\/{rel}","templated":true}]}}