{"id":779297,"date":"2025-12-30T11:38:48","date_gmt":"2025-12-30T08:38:48","guid":{"rendered":"https:\/\/roveyayinevi.com.tr\/index.php\/urun\/tango-kokusu\/"},"modified":"2026-04-15T03:36:37","modified_gmt":"2026-04-15T00:36:37","slug":"tango-kokusu","status":"publish","type":"product","link":"https:\/\/roveyayinevi.com.tr\/index.php\/urun\/tango-kokusu\/","title":{"rendered":"Tango Kokusu"},"content":{"rendered":"<p>\u201cB\u00f6ylece say\u0131n dinleyiciler yurt genelinde a\u011fustos ay\u0131n\u0131n ac\u0131 bilan\u00e7osu 358 \u00f6l\u00fc, 368 yaral\u0131 olarak i\u00e7imizi kanatmaya devam ediyor. 1980 y\u0131l\u0131n\u0131n A\u011fustos ay\u0131na kadar ki toplam faili me\u00e7hul ya da katili sabit cinayetler serisinde toplam \u00f6l\u00fc say\u0131s\u0131 1900 olarak kay\u0131tlara ge\u00e7ti.\u201dTRT Ankara radyosu, 11 Eyl\u00fcl 1980\u2019de b\u00f6yle duyurmu\u015ftu\u2026\u0130lahi Bir Komedya; cehennemden cennete uzanan bir yol olsa da insan\u0131n as\u0131l amac\u0131 unutamad\u0131\u011f\u0131 hat\u0131ralar i\u00e7in aranan \u201cKe\u015fke kelimesinin bir \u00e7aresi var m\u0131d\u0131r\u201d sorununa d\u00f6n\u00fc\u015ft\u00fcrme tela\u015f\u0131d\u0131r.\u00c7aresizli\u011fe y\u00fcr\u00fcyen ruhlar sava\u015flar i\u00e7inde kaybolurken eski bir evin k\u00fcflenmi\u015f \u00e7at\u0131 aras\u0131nda ya\u015fama sanki s\u0131rat\u0131n \u00fcst\u00fcnde tutunuyordu. Karanl\u0131k g\u00fcnlerin g\u00fcne\u015fi kovdu\u011fu, insanl\u0131\u011fa kement ge\u00e7irmi\u015f hayaletlerin kol gezdi\u011fi, duygular\u0131n parmakl\u0131klara as\u0131ld\u0131\u011f\u0131 korkular imparatorlu\u011funun ba\u015fkentinde umuda be\u015f kala\u2026Tebriz\u2019den Balat\u2019a uzayan yolculu\u011fun bat\u0131l kur\u015funlarla memnuniyetsiz tan\u0131\u015f\u0131kl\u0131\u011f\u0131, tango kokusunun buruk \u0131\u015f\u0131\u011f\u0131 ve evrene yay\u0131lan jurnalli bir keman \u00e7\u0131\u011fl\u0131\u011f\u0131\u2026Sepyan\u0131n her tonuyla tan\u0131\u015facak olan okurlara arma\u011fan.<\/p>\n","protected":false},"excerpt":{"rendered":"<p>\u201cB\u00f6ylece say\u0131n dinleyiciler yurt genelinde a\u011fustos ay\u0131n\u0131n ac\u0131 bilan\u00e7osu 358 \u00f6l\u00fc, 368 yaral\u0131 olarak i\u00e7imizi kanatmaya devam ediyor. 1980 y\u0131l\u0131n\u0131n A\u011fustos ay\u0131na kadar ki toplam faili<span class=\"excerpt-hellip\"> [\u2026]<\/span><\/p>\n","protected":false},"featured_media":0,"template":"","meta":{"_monsterinsights_skip_tracking":false,"_monsterinsights_sitenote_active":false,"_monsterinsights_sitenote_note":"","_monsterinsights_sitenote_category":0},"product_brand":[],"product_cat":[12540,12291],"product_tag":[],"class_list":{"0":"post-779297","1":"product","2":"type-product","3":"status-publish","5":"product_cat-bilim-kurgu","6":"product_cat-edebiyat","7":"pa_cilt-ciltsiz","8":"pa_tur-kitap","9":"pa_yayinevi-pankus-yayinlari","10":"pa_yazar-serkan-arslan","12":"first","13":"instock","14":"sale","15":"shipping-taxable","16":"purchasable","17":"product-type-simple"},"_links":{"self":[{"href":"https:\/\/roveyayinevi.com.tr\/index.php\/wp-json\/wp\/v2\/product\/779297","targetHints":{"allow":["GET"]}}],"collection":[{"href":"https:\/\/roveyayinevi.com.tr\/index.php\/wp-json\/wp\/v2\/product"}],"about":[{"href":"https:\/\/roveyayinevi.com.tr\/index.php\/wp-json\/wp\/v2\/types\/product"}],"wp:attachment":[{"href":"https:\/\/roveyayinevi.com.tr\/index.php\/wp-json\/wp\/v2\/media?parent=779297"}],"wp:term":[{"taxonomy":"product_brand","embeddable":true,"href":"https:\/\/roveyayinevi.com.tr\/index.php\/wp-json\/wp\/v2\/product_brand?post=779297"},{"taxonomy":"product_cat","embeddable":true,"href":"https:\/\/roveyayinevi.com.tr\/index.php\/wp-json\/wp\/v2\/product_cat?post=779297"},{"taxonomy":"product_tag","embeddable":true,"href":"https:\/\/roveyayinevi.com.tr\/index.php\/wp-json\/wp\/v2\/product_tag?post=779297"}],"curies":[{"name":"wp","href":"https:\/\/api.w.org\/{rel}","templated":true}]}}