{"id":779296,"date":"2025-12-30T11:38:42","date_gmt":"2025-12-30T08:38:42","guid":{"rendered":"https:\/\/roveyayinevi.com.tr\/index.php\/urun\/yeryuzu-esigi-2\/"},"modified":"2026-04-15T03:36:34","modified_gmt":"2026-04-15T00:36:34","slug":"yeryuzu-esigi-2","status":"publish","type":"product","link":"https:\/\/roveyayinevi.com.tr\/index.php\/urun\/yeryuzu-esigi-2\/","title":{"rendered":"Yery\u00fcz\u00fc E\u015fi\u011fi"},"content":{"rendered":"<p>E\u015fik s\u00f6z\u00fcn ve \u015fiirin hizas\u0131nda kendi varl\u0131k evrenine do\u011fru ad\u0131m atmak, y\u00fcr\u00fcmek isteyen insan\u0131n bu d\u00fcnyadaki berzah\u0131d\u0131r. E\u015fikte durmak, e\u015fikte beklemek o b\u00fcy\u00fck varl\u0131k evine \/ evrenine ad\u0131m atmadan \u00f6nceki tefekk\u00fcr ve teredd\u00fctlerimizin kaynama noktas\u0131d\u0131r. \u0130nsan d\u00fc\u015f\u00fcn\u00fcr, sorgular ve bu sorgular, hafakanlar e\u015fli\u011finde varl\u0131\u011f\u0131n aynas\u0131nda m\u00fctemadiyen kendini seyreder. E\u015fik ne i\u00e7erisi ne de d\u0131\u015far\u0131s\u0131d\u0131r. \u0130\u00e7 ve d\u0131\u015f tan\u0131mlar\u0131n\u0131n belirsizle\u015fti\u011fi bir yere denk d\u00fc\u015fer. Uykuyla uyan\u0131kl\u0131k aras\u0131nda bir yer. \u0130\u015fte \u015fiir, da\u011farc\u0131\u011f\u0131ndaki s\u2019\u00f6z varl\u0131\u011f\u0131yla bize bu e\u015fikten seslenir. \u00c7\u00fcnk\u00fc \u015fiir evin kendisi (varl\u0131\u011f\u0131n hakikati) de\u011fildir, evi ve evin i\u00e7ini (varl\u0131\u011f\u0131n hakikatini) anlamam\u0131z\u0131 sa\u011flayan dilsel bir imk\u00e2nd\u0131r. Yery\u00fcz\u00fc E\u015fi\u011fi, farkl\u0131 \u015fairler merkezinde bu dilsel imk\u00e2n\u0131n d\u00fc\u015f\u00fcnsel ve estetik kodlar\u0131na e\u011filen metinlerden olu\u015fmaktad\u0131r. <\/p>\n","protected":false},"excerpt":{"rendered":"<p>E\u015fik s\u00f6z\u00fcn ve \u015fiirin hizas\u0131nda kendi varl\u0131k evrenine do\u011fru ad\u0131m atmak, y\u00fcr\u00fcmek isteyen insan\u0131n bu d\u00fcnyadaki berzah\u0131d\u0131r. E\u015fikte durmak, e\u015fikte beklemek o b\u00fcy\u00fck varl\u0131k evine \/<span class=\"excerpt-hellip\"> [\u2026]<\/span><\/p>\n","protected":false},"featured_media":0,"template":"","meta":{"_monsterinsights_skip_tracking":false,"_monsterinsights_sitenote_active":false,"_monsterinsights_sitenote_note":"","_monsterinsights_sitenote_category":0},"product_brand":[],"product_cat":[12777,12291],"product_tag":[],"class_list":{"0":"post-779296","1":"product","2":"type-product","3":"status-publish","5":"product_cat-deneme","6":"product_cat-edebiyat","7":"pa_cilt-ciltsiz","8":"pa_tur-kitap","9":"pa_yayinevi-muhit-kitap","10":"pa_yazar-ahmet-edip-basaran","12":"first","13":"instock","14":"sale","15":"shipping-taxable","16":"purchasable","17":"product-type-simple"},"_links":{"self":[{"href":"https:\/\/roveyayinevi.com.tr\/index.php\/wp-json\/wp\/v2\/product\/779296","targetHints":{"allow":["GET"]}}],"collection":[{"href":"https:\/\/roveyayinevi.com.tr\/index.php\/wp-json\/wp\/v2\/product"}],"about":[{"href":"https:\/\/roveyayinevi.com.tr\/index.php\/wp-json\/wp\/v2\/types\/product"}],"wp:attachment":[{"href":"https:\/\/roveyayinevi.com.tr\/index.php\/wp-json\/wp\/v2\/media?parent=779296"}],"wp:term":[{"taxonomy":"product_brand","embeddable":true,"href":"https:\/\/roveyayinevi.com.tr\/index.php\/wp-json\/wp\/v2\/product_brand?post=779296"},{"taxonomy":"product_cat","embeddable":true,"href":"https:\/\/roveyayinevi.com.tr\/index.php\/wp-json\/wp\/v2\/product_cat?post=779296"},{"taxonomy":"product_tag","embeddable":true,"href":"https:\/\/roveyayinevi.com.tr\/index.php\/wp-json\/wp\/v2\/product_tag?post=779296"}],"curies":[{"name":"wp","href":"https:\/\/api.w.org\/{rel}","templated":true}]}}