{"id":779295,"date":"2025-12-30T11:37:40","date_gmt":"2025-12-30T08:37:40","guid":{"rendered":"https:\/\/roveyayinevi.com.tr\/index.php\/urun\/egitimde-etkilesimler-uzmanlar-icin-is-birligi-becerileri\/"},"modified":"2026-02-03T03:35:46","modified_gmt":"2026-02-03T00:35:46","slug":"egitimde-etkilesimler-uzmanlar-icin-is-birligi-becerileri","status":"publish","type":"product","link":"https:\/\/roveyayinevi.com.tr\/index.php\/urun\/egitimde-etkilesimler-uzmanlar-icin-is-birligi-becerileri\/","title":{"rendered":"E\u011fitimde Etkile\u015fimler &#8211; Uzmanlar \u0130\u00e7in \u0130\u015f Birli\u011fi Becerileri"},"content":{"rendered":"<p>\u00c7evirisini yapt\u0131\u011f\u0131m\u0131z E\u011fitimde Etkile\u015fimler kitab\u0131, uzmanlara, t\u00fcm \u00f6\u011frencilerle i\u015f birli\u011fi yoluyla nitelikli e\u011fitim ger\u00e7ekle\u015ftirebilmek i\u00e7in teoriler ve pratik uygulamalar sunmaktad\u0131r. Marilyn Friend, ba\u015far\u0131l\u0131 i\u015f birli\u011finin temelini olu\u015fturan temel ileti\u015fim becerilerini tan\u0131tmakta ve bununla birlikte problem \u00e7\u00f6zmeyi ve onun ortak i\u015f birlik\u00e7i uygulamalar\u0131n\u0131 vurgulamaktad\u0131r. Kitap; ekip olu\u015fturma, i\u015f birli\u011fi ile \u00f6\u011fretim, dan\u0131\u015fmanl\u0131k, ko\u00e7luk, mentorluk, \u00e7at\u0131\u015fma ve diren\u00e7 gibi kritik konular\u0131 incelemektedir. Ayr\u0131ca her b\u00f6l\u00fcm; yeni konular\u0131 \u00f6\u011frenmek, \u00f6\u011frenilenleri peki\u015ftirmek ve konular hakk\u0131nda ele\u015ftirel d\u00fc\u015f\u00fcnmek i\u00e7in say\u0131s\u0131z f\u0131rsat sunmaktad\u0131r. Etkile\u015fimlerimiz s\u0131ras\u0131nda neden i\u015f birli\u011fini bir tarz olarak kullanmam\u0131z gerekti\u011fini kuramsal ve uygulamal\u0131 bir \u015fekilde a\u00e7\u0131klayan Marilyn Friend&#8217;in bu kitab\u0131n\u0131n; \u00fclkemizde \u00f6\u011fretmen adaylar\u0131na, \u00f6\u011fretmenler ve akademisyenlere yol g\u00f6sterici olaca\u011f\u0131 d\u00fc\u015f\u00fcn\u00fclmektedir.<\/p>\n","protected":false},"excerpt":{"rendered":"<p>\u00c7evirisini yapt\u0131\u011f\u0131m\u0131z E\u011fitimde Etkile\u015fimler kitab\u0131, uzmanlara, t\u00fcm \u00f6\u011frencilerle i\u015f birli\u011fi yoluyla nitelikli e\u011fitim ger\u00e7ekle\u015ftirebilmek i\u00e7in teoriler ve pratik uygulamalar sunmaktad\u0131r. Marilyn Friend, ba\u015far\u0131l\u0131 i\u015f birli\u011finin temelini<span class=\"excerpt-hellip\"> [\u2026]<\/span><\/p>\n","protected":false},"featured_media":0,"template":"","meta":{"_monsterinsights_skip_tracking":false,"_monsterinsights_sitenote_active":false,"_monsterinsights_sitenote_note":"","_monsterinsights_sitenote_category":0},"product_brand":[],"product_cat":[12573,12566],"product_tag":[],"class_list":{"0":"post-779295","1":"product","2":"type-product","3":"status-publish","5":"product_cat-akademik-kitaplar","6":"product_cat-egitim","7":"pa_cilt-ciltsiz","8":"pa_tur-kitap","9":"pa_yayinevi-nobel-akademi","10":"pa_yazar-marilyn-friend","12":"first","13":"instock","14":"sale","15":"shipping-taxable","16":"purchasable","17":"product-type-simple"},"_links":{"self":[{"href":"https:\/\/roveyayinevi.com.tr\/index.php\/wp-json\/wp\/v2\/product\/779295","targetHints":{"allow":["GET"]}}],"collection":[{"href":"https:\/\/roveyayinevi.com.tr\/index.php\/wp-json\/wp\/v2\/product"}],"about":[{"href":"https:\/\/roveyayinevi.com.tr\/index.php\/wp-json\/wp\/v2\/types\/product"}],"wp:attachment":[{"href":"https:\/\/roveyayinevi.com.tr\/index.php\/wp-json\/wp\/v2\/media?parent=779295"}],"wp:term":[{"taxonomy":"product_brand","embeddable":true,"href":"https:\/\/roveyayinevi.com.tr\/index.php\/wp-json\/wp\/v2\/product_brand?post=779295"},{"taxonomy":"product_cat","embeddable":true,"href":"https:\/\/roveyayinevi.com.tr\/index.php\/wp-json\/wp\/v2\/product_cat?post=779295"},{"taxonomy":"product_tag","embeddable":true,"href":"https:\/\/roveyayinevi.com.tr\/index.php\/wp-json\/wp\/v2\/product_tag?post=779295"}],"curies":[{"name":"wp","href":"https:\/\/api.w.org\/{rel}","templated":true}]}}