{"id":779293,"date":"2025-12-30T11:37:29","date_gmt":"2025-12-30T08:37:29","guid":{"rendered":"https:\/\/roveyayinevi.com.tr\/index.php\/urun\/risale-i-nur-kulliyatindan-muhakemat-serh-ve-izahi\/"},"modified":"2026-04-15T03:34:58","modified_gmt":"2026-04-15T00:34:58","slug":"risale-i-nur-kulliyatindan-muhakemat-serh-ve-izahi","status":"publish","type":"product","link":"https:\/\/roveyayinevi.com.tr\/index.php\/urun\/risale-i-nur-kulliyatindan-muhakemat-serh-ve-izahi\/","title":{"rendered":"Risale-i Nur K\u00fclliyat\u0131ndan MUHAKEMAT \u015eerh ve \u0130zah\u0131"},"content":{"rendered":"<p>Us\u00fbl-i m\u00fcsellemedendir ki (kabul edilmi\u015f kurallardan biri de): \u015eerr-i c\u00fcz\u2019\u00ee (k\u00fc\u00e7\u00fck k\u00f6t\u00fcl\u00fck) i\u00e7in hayr-\u0131 kesiri (b\u00fcy\u00fck yarar\u0131) tazammun eden emri (i\u00e7eren bir i\u015fi) terk etmek, \u015ferr-i kesiri (b\u00fcy\u00fck k\u00f6t\u00fcl\u00fc\u011f\u00fc) i\u015flemek demektir. Ehven\u00fc\u2019\u015f-\u015ferri (daha az zararl\u0131y\u0131) ihtiyar etmek (se\u00e7mek) elzemdir (\u00e7ok laz\u0131md\u0131r.). Evet, eski hikmetin (Antik felsefe ve bilimin) hayr\u0131 az, hurafat\u0131 (temelsiz bilgileri) \u00e7ok, ezhan (zihinler) istidads\u0131z (haz\u0131rl\u0131ks\u0131z), efk\u00e2r taklid ile mukayyed (d\u00fc\u015f\u00fcnceler k\u00f6r\u00fc k\u00f6r\u00fcne uymakla kilitli), cehil avamda h\u00fck\u00fcmferma (cehalet halkta egemen) olduklar\u0131ndan, selef (\u00d6nc\u00fc Alimler) bir derece hikmetten nehyettiler (o felsefeyi yasaklad\u0131lar.). Fakat \u015fimdiki hikmet (fen bilimleri), ona nispeten madd\u00ee cihetinde hayr\u0131 \u00e7ok, yalan\u0131 az; efk\u00e2r (d\u00fc\u015f\u00fcnceler) dahi h\u00fcr (\u00f6zg\u00fcr), marifet (e\u011fitim) h\u00fck\u00fcmfermad\u0131r (egemendir). Zaten her zaman\u0131n bir h\u00fckm\u00fc (yarg\u0131s\u0131) olmak gerektir. [\u0130\u015fte Bedi\u00fczzaman\u2019\u0131n as\u0131l Epistemolojisi ve bilgi felsefesi budur. Kendisi ancak 1920\u2019lere kadar bilimleri takip etti\u011finden ve ondan sonra ba\u015fta Astro-fizik, DNA, Beyin yap\u0131s\u0131 ve Yaz\u0131l\u0131m olmak \u00fczere y\u00fczlerce bilimsel geli\u015fme oldu\u011fundan onun kitaplar\u0131n\u0131 bu terazi ile tartmak laz\u0131md\u0131r. Ehl-i ilmi \u00f6zellikle ehl-i fen ve tabipleri, Risalelerinden ve \u0130slam\u2019\u0131n temel konular\u0131ndan so\u011futmamak gerekir. Yoksa o da Risaleleri de zaman nehri i\u00e7inde kaybolup gideceklerdir. Bir Not: Hikmet Osmanl\u0131cada d\u00f6rt manaya geliyor. 1) Allah\u2019\u0131n hikmet ismi yani her \u015feyi bilimlere uygun ve yararlarla donanm\u0131\u015f olarak yaratmas\u0131. 2) Felsefe. 3)Fen bilimleri. 4) ve Yarar. Felsefe ve bilimler, varl\u0131klar\u0131n yararlar\u0131n\u0131 ve bilimsel y\u00f6nlerini ara\u015ft\u0131rd\u0131\u011f\u0131 i\u00e7in o ismi alm\u0131\u015flard\u0131r. Felsefe kelimesi Yunanca olup, hikmet sevgisi demektir.]   ****   \u0130nsanl\u0131k soyut de\u011ferleri bildi\u011finden beri din-bilim sava\u015f\u0131 ba\u015fka bir deyimle \u00fcst korteks ile bilin\u00e7alt\u0131 yani ak\u0131l ve kalp \u00e7at\u0131\u015fmas\u0131 hep var olmu\u015ftur. Fakat son iki y\u00fczy\u0131l i\u00e7inde bu din-bilim \u00e7at\u0131\u015fmas\u0131 onlarca alana ta\u015f\u0131nd\u0131. Ve d\u00fcnya \u00e7ap\u0131nda milyonlarca kitap ve yay\u0131n ile b\u00fct\u00fcn her yeri sard\u0131. Bu Muhakemat kitab\u0131, birka\u00e7 eksi\u011fi olmakla beraber, 114 y\u0131l \u00f6nce yaz\u0131l\u0131p yay\u0131nland\u0131\u011f\u0131 halde bu sahada en ciddi ve en yararl\u0131 bir \u00e7al\u0131\u015fmad\u0131r. Maalesef gerek Kilise ve gerek Diyanet bundan ba\u015fka bir \u00e7\u00f6z\u00fcm bulmu\u015f de\u011filler. Bu kitap Diyanet taraf\u0131ndan da yay\u0131nland\u0131. Ama kitap \u00e7ok zor ve dili, 120 y\u0131l \u00f6nceki dil oldu\u011fundan ve 114 y\u0131l \u00f6nce bilimler \u00e7ok geli\u015fmedi\u011finden istifade tam olmuyor. Onun i\u00e7in \u015eerh ve izah ile tam tekmil ve ekleri ile beraber siz de\u011ferli okuyucular\u0131mla payla\u015f\u0131yorum. Umar\u0131m tam dengeli, mutlu ve ilmi bir hayata altyap\u0131 olur. <\/p>\n","protected":false},"excerpt":{"rendered":"<p>Us\u00fbl-i m\u00fcsellemedendir ki (kabul edilmi\u015f kurallardan biri de): \u015eerr-i c\u00fcz\u2019\u00ee (k\u00fc\u00e7\u00fck k\u00f6t\u00fcl\u00fck) i\u00e7in hayr-\u0131 kesiri (b\u00fcy\u00fck yarar\u0131) tazammun eden emri (i\u00e7eren bir i\u015fi) terk etmek, \u015ferr-i<span class=\"excerpt-hellip\"> [\u2026]<\/span><\/p>\n","protected":false},"featured_media":0,"template":"","meta":{"_monsterinsights_skip_tracking":false,"_monsterinsights_sitenote_active":false,"_monsterinsights_sitenote_note":"","_monsterinsights_sitenote_category":0},"product_brand":[],"product_cat":[13036,12718,12719],"product_tag":[],"class_list":{"0":"post-779293","1":"product","2":"type-product","3":"status-publish","5":"product_cat-arastirma-inceleme-islam","6":"product_cat-din","7":"product_cat-islam","8":"pa_cilt-ciltsiz","9":"pa_tur-kitap","10":"pa_yayinevi-gulnar-yayinlari","11":"pa_yazar-bahaeddin-saglam","13":"first","14":"instock","15":"sale","16":"shipping-taxable","17":"purchasable","18":"product-type-simple"},"_links":{"self":[{"href":"https:\/\/roveyayinevi.com.tr\/index.php\/wp-json\/wp\/v2\/product\/779293","targetHints":{"allow":["GET"]}}],"collection":[{"href":"https:\/\/roveyayinevi.com.tr\/index.php\/wp-json\/wp\/v2\/product"}],"about":[{"href":"https:\/\/roveyayinevi.com.tr\/index.php\/wp-json\/wp\/v2\/types\/product"}],"wp:attachment":[{"href":"https:\/\/roveyayinevi.com.tr\/index.php\/wp-json\/wp\/v2\/media?parent=779293"}],"wp:term":[{"taxonomy":"product_brand","embeddable":true,"href":"https:\/\/roveyayinevi.com.tr\/index.php\/wp-json\/wp\/v2\/product_brand?post=779293"},{"taxonomy":"product_cat","embeddable":true,"href":"https:\/\/roveyayinevi.com.tr\/index.php\/wp-json\/wp\/v2\/product_cat?post=779293"},{"taxonomy":"product_tag","embeddable":true,"href":"https:\/\/roveyayinevi.com.tr\/index.php\/wp-json\/wp\/v2\/product_tag?post=779293"}],"curies":[{"name":"wp","href":"https:\/\/api.w.org\/{rel}","templated":true}]}}