{"id":779292,"date":"2025-12-30T11:37:19","date_gmt":"2025-12-30T08:37:19","guid":{"rendered":"https:\/\/roveyayinevi.com.tr\/index.php\/urun\/hemsinli-kara-ahmet\/"},"modified":"2026-01-30T04:05:46","modified_gmt":"2026-01-30T01:05:46","slug":"hemsinli-kara-ahmet","status":"publish","type":"product","link":"https:\/\/roveyayinevi.com.tr\/index.php\/urun\/hemsinli-kara-ahmet\/","title":{"rendered":"Hem\u015finli Kara Ahmet"},"content":{"rendered":"<p>1916 y\u0131l\u0131 mart ay\u0131n\u0131n ba\u015flar\u0131yd\u0131. Karlar erimi\u015f, a\u011fa\u00e7lar tomurcuklanmaya durmu\u015f, toprak uyanmaya, ortal\u0131k ye\u015fermeye ba\u015flam\u0131\u015ft\u0131. \u00c7oluk \u00e7ocuk herkes tarlalarda \u00e7al\u0131\u015f\u0131yor, toprak \u00e7apalanmak i\u00e7in haz\u0131rlan\u0131yordu. Reng\u00e2renk kelebekler \u00e7i\u00e7eklerle dans ederken, t\u00fcrl\u00fc t\u00fcrl\u00fc b\u00f6cekler topraktan g\u00fcn y\u00fcz\u00fcne \u00e7\u0131k\u0131p neslinin devam\u0131 i\u00e7in \u00e7abal\u0131yordu. D\u00fcnya sava\u015fa durmu\u015ftu ama bahar\u0131n gelmesine hi\u00e7bir \u015fey engel olam\u0131yordu.<\/p>\n","protected":false},"excerpt":{"rendered":"<p>1916 y\u0131l\u0131 mart ay\u0131n\u0131n ba\u015flar\u0131yd\u0131. Karlar erimi\u015f, a\u011fa\u00e7lar tomurcuklanmaya durmu\u015f, toprak uyanmaya, ortal\u0131k ye\u015fermeye ba\u015flam\u0131\u015ft\u0131. \u00c7oluk \u00e7ocuk herkes tarlalarda \u00e7al\u0131\u015f\u0131yor, toprak \u00e7apalanmak i\u00e7in haz\u0131rlan\u0131yordu. Reng\u00e2renk kelebekler<span class=\"excerpt-hellip\"> [\u2026]<\/span><\/p>\n","protected":false},"featured_media":0,"template":"","meta":{"_monsterinsights_skip_tracking":false,"_monsterinsights_sitenote_active":false,"_monsterinsights_sitenote_note":"","_monsterinsights_sitenote_category":0},"product_brand":[],"product_cat":[12291,12711],"product_tag":[],"class_list":{"0":"post-779292","1":"product","2":"type-product","3":"status-publish","5":"product_cat-edebiyat","6":"product_cat-roman-oyku","7":"pa_cilt-ciltsiz","8":"pa_tur-kitap","9":"pa_yayinevi-vova-yayinlari","10":"pa_yazar-habip-baltaci","12":"first","13":"instock","14":"sale","15":"shipping-taxable","16":"purchasable","17":"product-type-simple"},"_links":{"self":[{"href":"https:\/\/roveyayinevi.com.tr\/index.php\/wp-json\/wp\/v2\/product\/779292","targetHints":{"allow":["GET"]}}],"collection":[{"href":"https:\/\/roveyayinevi.com.tr\/index.php\/wp-json\/wp\/v2\/product"}],"about":[{"href":"https:\/\/roveyayinevi.com.tr\/index.php\/wp-json\/wp\/v2\/types\/product"}],"wp:attachment":[{"href":"https:\/\/roveyayinevi.com.tr\/index.php\/wp-json\/wp\/v2\/media?parent=779292"}],"wp:term":[{"taxonomy":"product_brand","embeddable":true,"href":"https:\/\/roveyayinevi.com.tr\/index.php\/wp-json\/wp\/v2\/product_brand?post=779292"},{"taxonomy":"product_cat","embeddable":true,"href":"https:\/\/roveyayinevi.com.tr\/index.php\/wp-json\/wp\/v2\/product_cat?post=779292"},{"taxonomy":"product_tag","embeddable":true,"href":"https:\/\/roveyayinevi.com.tr\/index.php\/wp-json\/wp\/v2\/product_tag?post=779292"}],"curies":[{"name":"wp","href":"https:\/\/api.w.org\/{rel}","templated":true}]}}