{"id":779291,"date":"2025-12-30T11:37:14","date_gmt":"2025-12-30T08:37:14","guid":{"rendered":"https:\/\/roveyayinevi.com.tr\/index.php\/urun\/korkma-akif-romani\/"},"modified":"2026-04-15T03:34:51","modified_gmt":"2026-04-15T00:34:51","slug":"korkma-akif-romani","status":"publish","type":"product","link":"https:\/\/roveyayinevi.com.tr\/index.php\/urun\/korkma-akif-romani\/","title":{"rendered":"Korkma &#8211; Akif Roman\u0131"},"content":{"rendered":"<p>Ahmet Hamdi Tanp\u0131nar \u00f6d\u00fcll\u00fc yazar\u0131m\u0131z Kemalettin \u00c7al\u0131k\u2019tan; Akif\u2019in hayat\u0131n\u0131 kaleme alan bu sat\u0131rlarda bamba\u015fka bir sesle kar\u015f\u0131la\u015facak okur. Ya\u015fad\u0131\u011f\u0131 d\u00f6nemin de nabz\u0131n\u0131 tutan sat\u0131rlara tan\u0131kl\u0131k edece\u011finiz gerilimli, co\u015fkulu, ini\u015f ve \u00e7\u0131k\u0131\u015flar\u0131 olan bir romanla kar\u015f\u0131 kar\u015f\u0131ya getiriyor yazar okuyucuyu. Akif\u2019in g\u00f6zleri kapal\u0131yken bir faytonla karanl\u0131k sokaklar ge\u00e7ilir, Akif\u2019i hi\u00e7 b\u00f6yle g\u00f6rmemi\u015fsinizdir. \u0130zbe, kuytu bir evdir geldikleri yer. Bayrak \u00fczerine silah ve kitap vard\u0131r, \u00fczerine konulan bir el ve yemin t\u00f6reni\u2026 Art\u0131k Akif Te\u015fkilat\u0131 Mahsusa\u2019dad\u0131r. Kalbi vatan millet a\u015fk\u0131 ile yan\u0131p tutu\u015fmaktad\u0131r. Hafiyelerin takibine u\u011frad\u0131\u011f\u0131 ac\u0131l\u0131 y\u0131llarda, \u0130stanbul onun i\u00e7in ya\u015fanmaz bir yer haline gelmi\u015ftir. \u0130stiklal Mar\u015f\u0131 \u015fairine bunu reva g\u00f6rm\u00fc\u015flerdir. \u0130ki sivil hafiye takibinde dergiye geldi\u011finde i\u015ftah\u0131 iyice ka\u00e7ar. Dergi sahibi burada duramayaca\u011f\u0131n\u0131 gitmesi gerekti\u011fini s\u00f6ylerken; Akif i\u00e7in zorlu bir d\u00f6nem bir kere daha ba\u015flam\u0131\u015ft\u0131r. Ankara Gar\u0131\u2019nda Atat\u00fcrk Akif\u2019i kar\u015f\u0131larken, art\u0131k Kurtulu\u015f Sava\u015f\u0131\u2019n\u0131n manevi mimar\u0131 gitmi\u015f, yerine s\u00fcrg\u00fcndeki Akif gelmi\u015ftir. Ne de\u011fi\u015fmi\u015ftir, neler gitmi\u015ftir de Akif\u2019i bir anda g\u00f6zden d\u00fc\u015f\u00fcrmek gibi bir gaflete d\u00fc\u015f\u00fclm\u00fc\u015ft\u00fcr; bilen yoktur. El \u00fcst\u00fcnde tutulan bir Akif ile kar\u015f\u0131la\u015facaks\u0131n\u0131z romanda. Yazd\u0131\u011f\u0131 bro\u015f\u00fcr kitap\u00e7\u0131k haline getirilerek cephelerde da\u011f\u0131t\u0131l\u0131rken co\u015fan, cepheye ko\u015fan insanlara ruh timsali olmu\u015f bir \u015fahsiyet\u2026 Roman kurgusu ve diliyle insan\u0131 al\u0131p s\u00fcr\u00fckl\u00fcyor, d\u00fc\u015f\u00fcnd\u00fcr\u00fcyor, sorgulat\u0131yor\u2026<\/p>\n","protected":false},"excerpt":{"rendered":"<p>Ahmet Hamdi Tanp\u0131nar \u00f6d\u00fcll\u00fc yazar\u0131m\u0131z Kemalettin \u00c7al\u0131k\u2019tan; Akif\u2019in hayat\u0131n\u0131 kaleme alan bu sat\u0131rlarda bamba\u015fka bir sesle kar\u015f\u0131la\u015facak okur. Ya\u015fad\u0131\u011f\u0131 d\u00f6nemin de nabz\u0131n\u0131 tutan sat\u0131rlara tan\u0131kl\u0131k edece\u011finiz<span class=\"excerpt-hellip\"> [\u2026]<\/span><\/p>\n","protected":false},"featured_media":0,"template":"","meta":{"_monsterinsights_skip_tracking":false,"_monsterinsights_sitenote_active":false,"_monsterinsights_sitenote_note":"","_monsterinsights_sitenote_category":0},"product_brand":[],"product_cat":[12291,12711],"product_tag":[],"class_list":{"0":"post-779291","1":"product","2":"type-product","3":"status-publish","5":"product_cat-edebiyat","6":"product_cat-roman-oyku","7":"pa_cilt-ciltsiz","8":"pa_tur-kitap","9":"pa_yayinevi-panama-yayincilik","10":"pa_yazar-kemalettin-calik","12":"first","13":"instock","14":"sale","15":"shipping-taxable","16":"purchasable","17":"product-type-simple"},"_links":{"self":[{"href":"https:\/\/roveyayinevi.com.tr\/index.php\/wp-json\/wp\/v2\/product\/779291","targetHints":{"allow":["GET"]}}],"collection":[{"href":"https:\/\/roveyayinevi.com.tr\/index.php\/wp-json\/wp\/v2\/product"}],"about":[{"href":"https:\/\/roveyayinevi.com.tr\/index.php\/wp-json\/wp\/v2\/types\/product"}],"wp:attachment":[{"href":"https:\/\/roveyayinevi.com.tr\/index.php\/wp-json\/wp\/v2\/media?parent=779291"}],"wp:term":[{"taxonomy":"product_brand","embeddable":true,"href":"https:\/\/roveyayinevi.com.tr\/index.php\/wp-json\/wp\/v2\/product_brand?post=779291"},{"taxonomy":"product_cat","embeddable":true,"href":"https:\/\/roveyayinevi.com.tr\/index.php\/wp-json\/wp\/v2\/product_cat?post=779291"},{"taxonomy":"product_tag","embeddable":true,"href":"https:\/\/roveyayinevi.com.tr\/index.php\/wp-json\/wp\/v2\/product_tag?post=779291"}],"curies":[{"name":"wp","href":"https:\/\/api.w.org\/{rel}","templated":true}]}}