{"id":779289,"date":"2025-12-30T11:36:34","date_gmt":"2025-12-30T08:36:34","guid":{"rendered":"https:\/\/roveyayinevi.com.tr\/index.php\/urun\/sscbnin-turkiyeyi-isgal-girisimleri-eski-tkp-ve-anti-kemalist-faaliyet\/"},"modified":"2026-04-15T03:34:06","modified_gmt":"2026-04-15T00:34:06","slug":"sscbnin-turkiyeyi-isgal-girisimleri-eski-tkp-ve-anti-kemalist-faaliyet","status":"publish","type":"product","link":"https:\/\/roveyayinevi.com.tr\/index.php\/urun\/sscbnin-turkiyeyi-isgal-girisimleri-eski-tkp-ve-anti-kemalist-faaliyet\/","title":{"rendered":"SSCB\u2019nin T\u00fcrkiye\u2019yi \u0130\u015fgal Giri\u015fimleri \u2013 Eski TKP ve Anti Kemalist Faaliyet"},"content":{"rendered":"<p>Kom\u00fcnist bir T\u00fcrkiye mi yoksa Sovyet Rusya mandas\u0131 bir T\u00fcrkiye mi? Milli M\u00fccadele\u2019ye kom\u00fcnistlerin katk\u0131s\u0131 \u00fczerine in\u015fa edilen efsanenin miad\u0131 doldu\u2026 Cumhuriyet, emperyalizme kar\u015f\u0131 b\u00fcy\u00fck bir direni\u015fin ard\u0131ndan T\u00fcrk milletinin iradesiyle ger\u00e7ekle\u015fmi\u015f kutsal bir devrimdir. Cumhuriyet\u2019e giden s\u00fcre\u00e7, Mustafa Kemal Atat\u00fcrk\u2019\u00fcn dehas\u0131 sayesinde kusursuz \u015fekilde i\u015fletilmi\u015f, vatan topraklar\u0131na giren i\u015fgal ordusu haricinde emperyalizmin muhtelif versiyonlar\u0131n\u0131 destekleyen kadrolar\u0131n da tasfiyesiyle ba\u015far\u0131ya ula\u015fm\u0131\u015ft\u0131r. Bat\u0131 emperyalizminin ezici g\u00fcc\u00fcne kar\u015f\u0131 isyan bayra\u011f\u0131 T\u00fcrk topraklar\u0131ndan yeri-g\u00f6\u011f\u00fc sarsan bir kurtulu\u015f \u00e7\u0131\u011fl\u0131\u011f\u0131 misali y\u00fckselmi\u015ftir. Peki, emperyalizm sadece Bat\u0131\u2019dan m\u0131 geldi? Anadolu\u2019daki T\u00fcrk kom\u00fcnistleri g\u00f6bekten ba\u011fl\u0131 olduklar\u0131 Sovyet Rusya i\u00e7in faaliyetlerini y\u00fcr\u00fct\u00fcrken bilin\u00e7li ya da bilin\u00e7siz olarak Milli M\u00fccadele\u2019ye ve sosyalist bir gelece\u011fe b\u00fcy\u00fck zarar verdi.   &#8211; T\u00fcrk kom\u00fcnistleri Milli M\u00fccadele\u2019ye ihanet etti mi? &#8211; Sovyet Rusya, T\u00fcrkiye\u2019yi i\u015fgal edebilmek i\u00e7in T\u00fcrk kom\u00fcnistlerini nas\u0131l kulland\u0131? &#8211; Mustafa Suphi ve yolda\u015flar\u0131 nas\u0131l ve neden \u00f6ld\u00fcr\u00fcld\u00fc? &#8211; \u015eefik H\u00fcsn\u00fc, Sovyet Rusya taraf\u0131ndan bo\u011fazlar\u0131n i\u015fgali i\u00e7in \u0130stanbul\u2019da bekletilen bir ajan m\u0131yd\u0131? &#8211; S\u00fcng\u00fcn\u00fcn ucundaki Bol\u015fevikli\u011fe Anadolu\u2019da biat edenler kimler? &#8211; Ye\u015fil Ordu\u2019dan medet uman Sovyet Rusya ikili mi oynad\u0131? <\/p>\n","protected":false},"excerpt":{"rendered":"<p>Kom\u00fcnist bir T\u00fcrkiye mi yoksa Sovyet Rusya mandas\u0131 bir T\u00fcrkiye mi? Milli M\u00fccadele\u2019ye kom\u00fcnistlerin katk\u0131s\u0131 \u00fczerine in\u015fa edilen efsanenin miad\u0131 doldu\u2026 Cumhuriyet, emperyalizme kar\u015f\u0131 b\u00fcy\u00fck bir<span class=\"excerpt-hellip\"> [\u2026]<\/span><\/p>\n","protected":false},"featured_media":0,"template":"","meta":{"_monsterinsights_skip_tracking":false,"_monsterinsights_sitenote_active":false,"_monsterinsights_sitenote_note":"","_monsterinsights_sitenote_category":0},"product_brand":[],"product_cat":[13590,12337],"product_tag":[],"class_list":{"0":"post-779289","1":"product","2":"type-product","3":"status-publish","5":"product_cat-arastirma-inceleme-politika-siyaset","6":"product_cat-politika-siyaset","7":"pa_cilt-ciltsiz","8":"pa_tur-kitap","9":"pa_yayinevi-pankus-yayinlari","10":"pa_yazar-yildirim-koc","12":"first","13":"instock","14":"sale","15":"shipping-taxable","16":"purchasable","17":"product-type-simple"},"_links":{"self":[{"href":"https:\/\/roveyayinevi.com.tr\/index.php\/wp-json\/wp\/v2\/product\/779289","targetHints":{"allow":["GET"]}}],"collection":[{"href":"https:\/\/roveyayinevi.com.tr\/index.php\/wp-json\/wp\/v2\/product"}],"about":[{"href":"https:\/\/roveyayinevi.com.tr\/index.php\/wp-json\/wp\/v2\/types\/product"}],"wp:attachment":[{"href":"https:\/\/roveyayinevi.com.tr\/index.php\/wp-json\/wp\/v2\/media?parent=779289"}],"wp:term":[{"taxonomy":"product_brand","embeddable":true,"href":"https:\/\/roveyayinevi.com.tr\/index.php\/wp-json\/wp\/v2\/product_brand?post=779289"},{"taxonomy":"product_cat","embeddable":true,"href":"https:\/\/roveyayinevi.com.tr\/index.php\/wp-json\/wp\/v2\/product_cat?post=779289"},{"taxonomy":"product_tag","embeddable":true,"href":"https:\/\/roveyayinevi.com.tr\/index.php\/wp-json\/wp\/v2\/product_tag?post=779289"}],"curies":[{"name":"wp","href":"https:\/\/api.w.org\/{rel}","templated":true}]}}