{"id":779288,"date":"2025-12-30T11:36:28","date_gmt":"2025-12-30T08:36:28","guid":{"rendered":"https:\/\/roveyayinevi.com.tr\/index.php\/urun\/deliler-tiyatrosu\/"},"modified":"2026-04-15T03:34:04","modified_gmt":"2026-04-15T00:34:04","slug":"deliler-tiyatrosu","status":"publish","type":"product","link":"https:\/\/roveyayinevi.com.tr\/index.php\/urun\/deliler-tiyatrosu\/","title":{"rendered":"Deliler Tiyatrosu"},"content":{"rendered":"<p>\u201cUmudun gri oldu\u011funa ikna edilmi\u015f yaln\u0131zlar r\u0131ht\u0131m\u0131 sakinlerden bir adam\u0131 asm\u0131\u015flar \u00e7ileli bir ipe. Mazeretsiz \u00e7eki\u015ftirmi\u015fler talihinin her bir yan\u0131n\u0131 uydurmu\u015flar \u00fcst\u00fcne. Sefalet sandal\u0131nda k\u00fcrek \u00e7ekiyor bilinmezli\u011fin deryas\u0131na. Dili l\u00e2l, kulaklar\u0131 sa\u011f\u0131r ve g\u00f6zleri k\u00f6r. Duymuyor yan\u0131 ba\u015f\u0131nda \u015f\u0131r\u0131l \u015f\u0131r\u0131l akan berrak bir nehrin dalga seslerini. \u0130\u015fitmiyor Saka\u2019n\u0131n, B\u00fclb\u00fcl\u2019\u00fcn ya da bir keman\u0131n na\u011fmelerini. G\u00f6rm\u00fcyor g\u00fcn\u00fcn bat\u0131\u015f\u0131n\u0131-do\u011fu\u015funu, hissetmiyor r\u00fczg\u00e2r\u0131 teninde, \u00fcrpermiyor tatl\u0131 bir heyecan\u0131n hissiyle t\u00fcyleri. G\u00fczelli\u011fin g\u00fczelli\u011fini unutturmu\u015flar a\u015fk ma\u011frur bir edad\u0131r palavras\u0131yla. Korkunun \u00f6rs sesiyle \u00fcrk\u00fctm\u00fc\u015fler en saf duygular\u0131n\u0131. \u00d6ld\u00fcrmeden \u00f6ld\u00fcrm\u00fc\u015fler \u00e7i\u00e7ekli bir a\u011f\u0131z ile\u2026\u201d             \u201dBir m\u00fcddet kahvede \u00f6ylece k\u00f6s k\u00f6s oturdum. Kahvenin fokur fokur kaynayan semaveri ben oldum, \u00e7\u0131lg\u0131nca kaynayan su a\u015fk\u0131m. \u00c7ay\u0131mda eriyen \u015feker Aysel\u2019in tatl\u0131 dili, t\u0131ng\u0131rdayan ka\u015f\u0131k sesleri ise d\u00fc\u011f\u00fcn\u00fcm\u00fczde \u00e7alan \u015fark\u0131\u2026 Aysel\u2019in hayali avu\u00e7lar\u0131m\u0131n aras\u0131nda s\u0131cac\u0131k bir bardak \u00e7ay oluverdi. Kana kana i\u00e7tim, i\u00e7tim de i\u00e7tim. Aysel\u2019in \u015fefkatli sevgisi dolmu\u015ftu her h\u00fccreme. Tiryakisi olmu\u015fum ki her yudumuna muhta\u00e7t\u0131m. Aysel\u2019im her an akl\u0131mdayd\u0131, y\u00fcre\u011fimdeydi. \u00c2deta ilmek ilmek i\u015flenmi\u015fti benli\u011fime. Y\u00fcre\u011fimi o kadar me\u015fgul ediyordu ki akl\u0131m\u0131 ziyan edecekti. Ama hat\u0131r\u0131n\u0131 k\u0131r\u0131p da \u201cbiraz rahat ver\u201d diyemiyordum. \u00c7\u00fcnk\u00fc belli ki Aysel\u2019imin benden ba\u015fka gidecek yeri yoktu\u201d             \u201cB\u00fct\u00fcn burunlar\u0131n birbirine benzedi\u011fi bir d\u00fcnyada adalet dilenilir mi?\u201d             \u201cToprak \u00e7\u00fcr\u00fcr m\u00fc be ana? Ben \u00e7\u00fcr\u00fcd\u00fcm,\u201d diyor.   \u2022Sar\u0131 Odadaki Saka \u2022Hasreti G\u00fcze B\u0131rakt\u0131k  \u2022\u015e\u0131ll\u0131k Huriye \u2022Arzuhalci \u2022Kral Sakaryus \u2022\u0130ki G\u00f6n\u00fcl Bir Seyran \u2022Veli Kul \u2022\u00c7eyrek Mecnun \u2022Kara G\u00f6zl\u00fcm Fiyakal\u0131m \u2022A\u015fk Fedaisi Beberuhi <\/p>\n","protected":false},"excerpt":{"rendered":"<p>\u201cUmudun gri oldu\u011funa ikna edilmi\u015f yaln\u0131zlar r\u0131ht\u0131m\u0131 sakinlerden bir adam\u0131 asm\u0131\u015flar \u00e7ileli bir ipe. Mazeretsiz \u00e7eki\u015ftirmi\u015fler talihinin her bir yan\u0131n\u0131 uydurmu\u015flar \u00fcst\u00fcne. Sefalet sandal\u0131nda k\u00fcrek \u00e7ekiyor<span class=\"excerpt-hellip\"> [\u2026]<\/span><\/p>\n","protected":false},"featured_media":0,"template":"","meta":{"_monsterinsights_skip_tracking":false,"_monsterinsights_sitenote_active":false,"_monsterinsights_sitenote_note":"","_monsterinsights_sitenote_category":0},"product_brand":[],"product_cat":[12291,14272],"product_tag":[],"class_list":{"0":"post-779288","1":"product","2":"type-product","3":"status-publish","5":"product_cat-edebiyat","6":"product_cat-tiyatro","7":"pa_cilt-ciltsiz","8":"pa_tur-kitap","9":"pa_yayinevi-zet-yayinlari","10":"pa_yazar-muhsin-aygun","12":"first","13":"instock","14":"sale","15":"shipping-taxable","16":"purchasable","17":"product-type-simple"},"_links":{"self":[{"href":"https:\/\/roveyayinevi.com.tr\/index.php\/wp-json\/wp\/v2\/product\/779288","targetHints":{"allow":["GET"]}}],"collection":[{"href":"https:\/\/roveyayinevi.com.tr\/index.php\/wp-json\/wp\/v2\/product"}],"about":[{"href":"https:\/\/roveyayinevi.com.tr\/index.php\/wp-json\/wp\/v2\/types\/product"}],"wp:attachment":[{"href":"https:\/\/roveyayinevi.com.tr\/index.php\/wp-json\/wp\/v2\/media?parent=779288"}],"wp:term":[{"taxonomy":"product_brand","embeddable":true,"href":"https:\/\/roveyayinevi.com.tr\/index.php\/wp-json\/wp\/v2\/product_brand?post=779288"},{"taxonomy":"product_cat","embeddable":true,"href":"https:\/\/roveyayinevi.com.tr\/index.php\/wp-json\/wp\/v2\/product_cat?post=779288"},{"taxonomy":"product_tag","embeddable":true,"href":"https:\/\/roveyayinevi.com.tr\/index.php\/wp-json\/wp\/v2\/product_tag?post=779288"}],"curies":[{"name":"wp","href":"https:\/\/api.w.org\/{rel}","templated":true}]}}