{"id":779287,"date":"2025-12-30T11:36:03","date_gmt":"2025-12-30T08:36:03","guid":{"rendered":"https:\/\/roveyayinevi.com.tr\/index.php\/urun\/ihvan-i-safa-risaleleri-cilt-5-idea\/"},"modified":"2026-04-15T03:34:02","modified_gmt":"2026-04-15T00:34:02","slug":"ihvan-i-safa-risaleleri-cilt-5-idea","status":"publish","type":"product","link":"https:\/\/roveyayinevi.com.tr\/index.php\/urun\/ihvan-i-safa-risaleleri-cilt-5-idea\/","title":{"rendered":"\u0130hvan-I Safa Risaleleri Cilt 5 (\u0130dea)"},"content":{"rendered":"<p>\u0130hv\u00e2n-\u0131 Saf\u00e2 grubundan bir d\u00fc\u015f\u00fcn\u00fcr\u00fcn \u015f\u00f6yle dedi\u011fi rivayet edilir: \u201cDin hastalar\u0131n, felsefe ise sa\u011fl\u0131kl\u0131 insanlar\u0131n tedavisiyle ilgilenir. Peygamberler hastalar\u0131, hastal\u0131klar\u0131n\u0131n artmamas\u0131, hatta onlar\u0131n b\u00fct\u00fcn\u00fcyle iyile\u015fmesi i\u00e7in tedavi eder. Filozoflar ise herhangi bir hastal\u0131k bula\u015fmamas\u0131 i\u00e7in, sa\u011fl\u0131kl\u0131 insanlar\u0131n sa\u011fl\u0131\u011f\u0131n\u0131 korur.\u201d \u0130hv\u00e2n-\u0131 Saf\u00e2, onuncu y\u00fczy\u0131lda ortaya \u00e7\u0131km\u0131\u015f bir grubun ad\u0131d\u0131r. Ansiklopedi niteli\u011finde 52 risale yazarak, matematikten m\u00fczi\u011fe, felsefeden g\u00f6kbilimine ve sihirden a\u015fka kadar pek \u00e7ok konuyu \u015fiirsel bir dille incelerler. \u0130slam tarihinin toplumsal ve d\u00fc\u015f\u00fcnsel yar\u0131lmalar ya\u015fanan bir d\u00f6neminde, akl\u0131n rehberli\u011finde, kalbi ar\u0131nd\u0131rmaya ve insan\u0131 y\u00fckseltmeye gayret ederler. Hi\u00e7bir bilime d\u00fc\u015fman olunmamal\u0131, hi\u00e7bir kitaptan uzak durulmamal\u0131d\u0131r onlara g\u00f6re. \u00d6teki d\u00fc\u015f\u00fcnce ve inan\u00e7lara kar\u015f\u0131 ho\u015fg\u00f6r\u00fcye vurgu yaparlar. Kim olduklar\u0131 konusunda de\u011fi\u015fik teori ve s\u00f6ylentiler vard\u0131r. Etraflar\u0131ndaki s\u0131r halesi bin y\u0131ld\u0131r kalkmam\u0131\u015ft\u0131r. Ris\u00e2leler\u2019i, \u00fc\u00e7 \u201cgizli imam\u201ddan ikincisinin yazd\u0131\u011f\u0131 iddia edildi\u011fi gibi, \u0130hv\u00e2n-\u0131 Saf\u00e2\u2019y\u0131 \u0130smaililer\u2019den Nusayriler\u2019e ve D\u00fcrziler\u2019e kadar de\u011fi\u015fik yap\u0131lara atfedenler de olur. Abbasi halifesinin emriyle 1050 y\u0131l\u0131nda \u0130hv\u00e2n-\u0131 Saf\u00e2 Ris\u00e2leleri\u2019nin (\u0130bni Sina\u2019n\u0131n eserleriyle birlikte) b\u00fct\u00fcn k\u00fct\u00fcphanelerden toplanarak yak\u0131ld\u0131\u011f\u0131 bilinir. Ancak End\u00fcl\u00fcsl\u00fc d\u00fc\u015f\u00fcn\u00fcr M\u00fcslime, Do\u011fu\u2019ya seyahati s\u0131ras\u0131nda risaleleri toplayarak, yok olmaktan kurtar\u0131r. \u201c(Bu) risaleler, cil\u00e2, \u015fifa, nur ve \u0131\u015f\u0131kt\u0131r. Hatta onlar ila\u00e7 olamam\u0131\u015fsa, hastal\u0131k gibidir. \u0130yile\u015ftiremezse hasta eder, \u0131slah etmezse ifsat eder; kurtulu\u015fa erdirmezse hel\u00e2k eder. Tedavi eder; ama bazen hasta da edebilir. \u00d6ld\u00fcr\u00fcr de, diriltir de.\u201d Nihayet T\u00fcrk\u00e7eye \u00e7evrilen Ris\u00e2leler be\u015f ciltte toplanm\u0131\u015ft\u0131r. Bin y\u0131ld\u0131r Do\u011fu\u2019dan Bat\u0131\u2019ya geni\u015f bir k\u00fclt\u00fcr ve d\u00fc\u015f\u00fcn co\u011frafyas\u0131nda \u00f6nceleri nefesi sonralar\u0131 ise hayaletiyle dola\u015fan bu eser, \u015fimdi okunup, ar\u0131nm\u0131\u015f kalplerde yer edinmeyi bekler, yeniden. <\/p>\n","protected":false},"excerpt":{"rendered":"<p>\u0130hv\u00e2n-\u0131 Saf\u00e2 grubundan bir d\u00fc\u015f\u00fcn\u00fcr\u00fcn \u015f\u00f6yle dedi\u011fi rivayet edilir: \u201cDin hastalar\u0131n, felsefe ise sa\u011fl\u0131kl\u0131 insanlar\u0131n tedavisiyle ilgilenir. Peygamberler hastalar\u0131, hastal\u0131klar\u0131n\u0131n artmamas\u0131, hatta onlar\u0131n b\u00fct\u00fcn\u00fcyle iyile\u015fmesi i\u00e7in<span class=\"excerpt-hellip\"> [\u2026]<\/span><\/p>\n","protected":false},"featured_media":0,"template":"","meta":{"_monsterinsights_skip_tracking":false,"_monsterinsights_sitenote_active":false,"_monsterinsights_sitenote_note":"","_monsterinsights_sitenote_category":0},"product_brand":[],"product_cat":[19998,12388],"product_tag":[],"class_list":{"0":"post-779287","1":"product","2":"type-product","3":"status-publish","5":"product_cat-din-felsefesi","6":"product_cat-felsefe","7":"pa_cilt-ciltsiz","8":"pa_tur-kitap","9":"pa_yayinevi-ayrinti-yayinlari","10":"pa_yazar-kolektif","12":"first","13":"instock","14":"sale","15":"shipping-taxable","16":"purchasable","17":"product-type-simple"},"_links":{"self":[{"href":"https:\/\/roveyayinevi.com.tr\/index.php\/wp-json\/wp\/v2\/product\/779287","targetHints":{"allow":["GET"]}}],"collection":[{"href":"https:\/\/roveyayinevi.com.tr\/index.php\/wp-json\/wp\/v2\/product"}],"about":[{"href":"https:\/\/roveyayinevi.com.tr\/index.php\/wp-json\/wp\/v2\/types\/product"}],"wp:attachment":[{"href":"https:\/\/roveyayinevi.com.tr\/index.php\/wp-json\/wp\/v2\/media?parent=779287"}],"wp:term":[{"taxonomy":"product_brand","embeddable":true,"href":"https:\/\/roveyayinevi.com.tr\/index.php\/wp-json\/wp\/v2\/product_brand?post=779287"},{"taxonomy":"product_cat","embeddable":true,"href":"https:\/\/roveyayinevi.com.tr\/index.php\/wp-json\/wp\/v2\/product_cat?post=779287"},{"taxonomy":"product_tag","embeddable":true,"href":"https:\/\/roveyayinevi.com.tr\/index.php\/wp-json\/wp\/v2\/product_tag?post=779287"}],"curies":[{"name":"wp","href":"https:\/\/api.w.org\/{rel}","templated":true}]}}