{"id":779285,"date":"2025-12-30T11:35:44","date_gmt":"2025-12-30T08:35:44","guid":{"rendered":"https:\/\/roveyayinevi.com.tr\/index.php\/urun\/dolayimlar\/"},"modified":"2026-04-15T03:33:30","modified_gmt":"2026-04-15T00:33:30","slug":"dolayimlar","status":"publish","type":"product","link":"https:\/\/roveyayinevi.com.tr\/index.php\/urun\/dolayimlar\/","title":{"rendered":"Dolay\u0131mlar"},"content":{"rendered":"<p>\u201cbir y\u00fczde iki g\u00f6z\u00fcn aras\u0131                 \u00f6m\u00fcr kadard\u0131r yak\u0131nl\u0131k birlik getirmez baz\u0131 yerde oturdu\u011fun ta\u015f\u0131 al\u0131p g\u00f6t\u00fcremezsin s\u00f6z tohum diye d\u00fc\u015fer de topra\u011fa iki g\u00f6z\u00fcn bir g\u00f6rd\u00fc\u011f\u00fcn\u00fc di\u011feri                 inkar eder b\u00fct\u00fcn ortas\u0131ndan nehir ge\u00e7en \u015fehirler ba\u015f geyi\u011fin bilgisindedir \u00e7ift iri g\u00f6z\u00fcn\u00fc birden suda birle\u015ftirir ba\u015f geyik \u00fcrkmesi t\u00fcfek teti\u011finden de\u011fil \u0131ss\u0131z ya\u011fan kar misali \u00f6l\u00fcm\u00fcn \u0131ss\u0131z b\u0131rakan h\u00fckm\u00fcndendir\u201d <\/p>\n","protected":false},"excerpt":{"rendered":"<p>\u201cbir y\u00fczde iki g\u00f6z\u00fcn aras\u0131 \u00f6m\u00fcr kadard\u0131r yak\u0131nl\u0131k birlik getirmez baz\u0131 yerde oturdu\u011fun ta\u015f\u0131 al\u0131p g\u00f6t\u00fcremezsin s\u00f6z tohum diye d\u00fc\u015fer de topra\u011fa iki g\u00f6z\u00fcn bir g\u00f6rd\u00fc\u011f\u00fcn\u00fc<span class=\"excerpt-hellip\"> [\u2026]<\/span><\/p>\n","protected":false},"featured_media":0,"template":"","meta":{"_monsterinsights_skip_tracking":false,"_monsterinsights_sitenote_active":false,"_monsterinsights_sitenote_note":"","_monsterinsights_sitenote_category":0},"product_brand":[],"product_cat":[12291,12509],"product_tag":[],"class_list":{"0":"post-779285","1":"product","2":"type-product","3":"status-publish","5":"product_cat-edebiyat","6":"product_cat-siir","7":"pa_cilt-ciltsiz","8":"pa_tur-kitap","9":"pa_yayinevi-everest-yayinlari","10":"pa_yazar-omer-erdem","12":"first","13":"instock","14":"sale","15":"shipping-taxable","16":"purchasable","17":"product-type-simple"},"_links":{"self":[{"href":"https:\/\/roveyayinevi.com.tr\/index.php\/wp-json\/wp\/v2\/product\/779285","targetHints":{"allow":["GET"]}}],"collection":[{"href":"https:\/\/roveyayinevi.com.tr\/index.php\/wp-json\/wp\/v2\/product"}],"about":[{"href":"https:\/\/roveyayinevi.com.tr\/index.php\/wp-json\/wp\/v2\/types\/product"}],"wp:attachment":[{"href":"https:\/\/roveyayinevi.com.tr\/index.php\/wp-json\/wp\/v2\/media?parent=779285"}],"wp:term":[{"taxonomy":"product_brand","embeddable":true,"href":"https:\/\/roveyayinevi.com.tr\/index.php\/wp-json\/wp\/v2\/product_brand?post=779285"},{"taxonomy":"product_cat","embeddable":true,"href":"https:\/\/roveyayinevi.com.tr\/index.php\/wp-json\/wp\/v2\/product_cat?post=779285"},{"taxonomy":"product_tag","embeddable":true,"href":"https:\/\/roveyayinevi.com.tr\/index.php\/wp-json\/wp\/v2\/product_tag?post=779285"}],"curies":[{"name":"wp","href":"https:\/\/api.w.org\/{rel}","templated":true}]}}