{"id":779284,"date":"2025-12-30T11:35:40","date_gmt":"2025-12-30T08:35:40","guid":{"rendered":"https:\/\/roveyayinevi.com.tr\/index.php\/urun\/islam-hukukunda-aile\/"},"modified":"2026-04-15T03:33:29","modified_gmt":"2026-04-15T00:33:29","slug":"islam-hukukunda-aile","status":"publish","type":"product","link":"https:\/\/roveyayinevi.com.tr\/index.php\/urun\/islam-hukukunda-aile\/","title":{"rendered":"\u0130slam Hukukunda Aile"},"content":{"rendered":"<p>Allah kime hidayet ederse O ki\u015fiyi satt\u0131racak kimse olmad\u0131\u011f\u0131 gibi , onun sapt\u0131rd\u0131\u011f\u0131n\u0131 da hi\u00e7 kimse hidayete erdiremez. ya\u015fad\u0131\u011f\u0131m\u0131z toplumdaki insanlar\u0131n b\u00fcy\u00fck bir \u00e7o\u011funlu\u011funun i\u00e7inde bulundu\u011fu gaflet, Kur\u2019an-\u0131 Kerim \u2018 den haberdar olan her insan\u0131n malumdur. Bizler de malik olan\u0131ndan habersiz, gaflet i\u00e7inde s\u00fcrd\u00fcr\u00fclen bu ya\u015fam\u0131 ve varl\u0131\u011f\u0131n\u0131 s\u00fcrd\u00fcrmekte olan cahile inan\u0131\u015flar\u0131n\u0131 kalem imizin g\u00f6lgesinde olu\u015fan kelimelerle haber verme gayreti i\u00e7erisine girmi\u015f bulunmaktay\u0131z.  bu yolda izleyebilece\u011fimiz en etkili y\u00f6ntemin kendimize soru sormak ve cevaplar\u0131 Kur\u2019an-\u0131 Kerim den ve sahih hadislerden aktarmak oldu\u011funa karar vererek, \u00e7al\u0131\u015fmam\u0131z\u0131 bu fikir ile kaleme ald\u0131k.. Neyi , niye, ni\u00e7in, nas\u0131l ve neden yapt\u0131\u011f\u0131n\u0131 bilmeyen M\u00fcsl\u00fcman\u0131n muhakkak gaflete d\u00fc\u015fece\u011fine tarih sayfalar\u0131na da ba\u015fvurarak defalarca tan\u0131kl\u0131k ediyoruz. Gayemiz kimseye hidayet vermek de\u011fil, \u00e7\u00fcnk\u00fc bu mutlak anlamda yaln\u0131zca Allah\u2019a mahsustur. Hedefimiz ise m\u00fcsl\u00fcmanlar\u0131n bir an \u00f6nce kendilerine gelmeleri, s\u0131n\u0131rlar\u0131 \u00e7izilmi\u015f bir \u00fclke gibi kabul ve reddlerini olu\u015fturarak, Allah\u0131n r\u0131zas\u0131n\u0131 kazanmaya y\u00f6nelik ya\u015fam s\u00fcrmeye ba\u015flamalar\u0131 y\u00f6n\u00fcndedir.<\/p>\n","protected":false},"excerpt":{"rendered":"<p>Allah kime hidayet ederse O ki\u015fiyi satt\u0131racak kimse olmad\u0131\u011f\u0131 gibi , onun sapt\u0131rd\u0131\u011f\u0131n\u0131 da hi\u00e7 kimse hidayete erdiremez. ya\u015fad\u0131\u011f\u0131m\u0131z toplumdaki insanlar\u0131n b\u00fcy\u00fck bir \u00e7o\u011funlu\u011funun i\u00e7inde bulundu\u011fu<span class=\"excerpt-hellip\"> [\u2026]<\/span><\/p>\n","protected":false},"featured_media":0,"template":"","meta":{"_monsterinsights_skip_tracking":false,"_monsterinsights_sitenote_active":false,"_monsterinsights_sitenote_note":"","_monsterinsights_sitenote_category":0},"product_brand":[],"product_cat":[12718,12719,45552],"product_tag":[],"class_list":{"0":"post-779284","1":"product","2":"type-product","3":"status-publish","5":"product_cat-din","6":"product_cat-islam","7":"product_cat-meal-tefsir-hadis","8":"pa_cilt-ciltsiz","9":"pa_tur-kitap","10":"pa_yayinevi-kalem-lugat-yayincilik","11":"pa_yazar-zubeyt-bozkurt","13":"first","14":"instock","15":"sale","16":"shipping-taxable","17":"purchasable","18":"product-type-simple"},"_links":{"self":[{"href":"https:\/\/roveyayinevi.com.tr\/index.php\/wp-json\/wp\/v2\/product\/779284","targetHints":{"allow":["GET"]}}],"collection":[{"href":"https:\/\/roveyayinevi.com.tr\/index.php\/wp-json\/wp\/v2\/product"}],"about":[{"href":"https:\/\/roveyayinevi.com.tr\/index.php\/wp-json\/wp\/v2\/types\/product"}],"wp:attachment":[{"href":"https:\/\/roveyayinevi.com.tr\/index.php\/wp-json\/wp\/v2\/media?parent=779284"}],"wp:term":[{"taxonomy":"product_brand","embeddable":true,"href":"https:\/\/roveyayinevi.com.tr\/index.php\/wp-json\/wp\/v2\/product_brand?post=779284"},{"taxonomy":"product_cat","embeddable":true,"href":"https:\/\/roveyayinevi.com.tr\/index.php\/wp-json\/wp\/v2\/product_cat?post=779284"},{"taxonomy":"product_tag","embeddable":true,"href":"https:\/\/roveyayinevi.com.tr\/index.php\/wp-json\/wp\/v2\/product_tag?post=779284"}],"curies":[{"name":"wp","href":"https:\/\/api.w.org\/{rel}","templated":true}]}}