{"id":779278,"date":"2025-12-30T11:33:11","date_gmt":"2025-12-30T08:33:11","guid":{"rendered":"https:\/\/roveyayinevi.com.tr\/index.php\/urun\/english-grammar-2\/"},"modified":"2026-04-15T03:32:37","modified_gmt":"2026-04-15T00:32:37","slug":"english-grammar-2","status":"publish","type":"product","link":"https:\/\/roveyayinevi.com.tr\/index.php\/urun\/english-grammar-2\/","title":{"rendered":"English Grammar"},"content":{"rendered":"<p>Ba\u015flang\u0131\u00e7tan ileri seviyeye kadar her d\u00fczeyde \u0130ngilizce dil bilgisi kurallar\u0131n\u0131, her seviyeye uygun \u0130ngilizce testlerini, orta ve ileri seviyede \u00e7eviri \u00f6rneklerini (T\u00fcrk\u00e7e-\u0130ngilizce ve \u0130ngilizce-T\u00fcrk\u00e7e) i\u00e7eren, kimseye ihtiya\u00e7 duymadan kendi ba\u015f\u0131n\u0131za kullanabilece\u011finiz bu kitap, yan\u0131n\u0131zdan ay\u0131ramayaca\u011f\u0131n\u0131z yeg\u00e2ne bir kaynak olacakt\u0131r. Grammar and exercises for every level of English Translation Sentences from Turkish to English from English to Turkish A self-study book A reference book for classes<\/p>\n","protected":false},"excerpt":{"rendered":"<p>Ba\u015flang\u0131\u00e7tan ileri seviyeye kadar her d\u00fczeyde \u0130ngilizce dil bilgisi kurallar\u0131n\u0131, her seviyeye uygun \u0130ngilizce testlerini, orta ve ileri seviyede \u00e7eviri \u00f6rneklerini (T\u00fcrk\u00e7e-\u0130ngilizce ve \u0130ngilizce-T\u00fcrk\u00e7e) i\u00e7eren, kimseye<span class=\"excerpt-hellip\"> [\u2026]<\/span><\/p>\n","protected":false},"featured_media":0,"template":"","meta":{"_monsterinsights_skip_tracking":false,"_monsterinsights_sitenote_active":false,"_monsterinsights_sitenote_note":"","_monsterinsights_sitenote_category":0},"product_brand":[],"product_cat":[14597,12566],"product_tag":[],"class_list":{"0":"post-779278","1":"product","2":"type-product","3":"status-publish","5":"product_cat-dil-ogrenimi","6":"product_cat-egitim","7":"pa_cilt-ciltsiz","8":"pa_tur-kitap","9":"pa_yayinevi-nobel-akademik-yayincilik","10":"pa_yazar-mehmet-omer-ozucagliyan","12":"first","13":"instock","14":"sale","15":"shipping-taxable","16":"purchasable","17":"product-type-simple"},"_links":{"self":[{"href":"https:\/\/roveyayinevi.com.tr\/index.php\/wp-json\/wp\/v2\/product\/779278","targetHints":{"allow":["GET"]}}],"collection":[{"href":"https:\/\/roveyayinevi.com.tr\/index.php\/wp-json\/wp\/v2\/product"}],"about":[{"href":"https:\/\/roveyayinevi.com.tr\/index.php\/wp-json\/wp\/v2\/types\/product"}],"wp:attachment":[{"href":"https:\/\/roveyayinevi.com.tr\/index.php\/wp-json\/wp\/v2\/media?parent=779278"}],"wp:term":[{"taxonomy":"product_brand","embeddable":true,"href":"https:\/\/roveyayinevi.com.tr\/index.php\/wp-json\/wp\/v2\/product_brand?post=779278"},{"taxonomy":"product_cat","embeddable":true,"href":"https:\/\/roveyayinevi.com.tr\/index.php\/wp-json\/wp\/v2\/product_cat?post=779278"},{"taxonomy":"product_tag","embeddable":true,"href":"https:\/\/roveyayinevi.com.tr\/index.php\/wp-json\/wp\/v2\/product_tag?post=779278"}],"curies":[{"name":"wp","href":"https:\/\/api.w.org\/{rel}","templated":true}]}}