{"id":779277,"date":"2025-12-30T11:33:02","date_gmt":"2025-12-30T08:33:02","guid":{"rendered":"https:\/\/roveyayinevi.com.tr\/index.php\/urun\/yavasla-mindfulness-aktivite-kartlari\/"},"modified":"2026-04-15T03:32:15","modified_gmt":"2026-04-15T00:32:15","slug":"yavasla-mindfulness-aktivite-kartlari","status":"publish","type":"product","link":"https:\/\/roveyayinevi.com.tr\/index.php\/urun\/yavasla-mindfulness-aktivite-kartlari\/","title":{"rendered":"Yava\u015fla &#8211; Mindfulness Aktivite Kartlar\u0131"},"content":{"rendered":"<p>Do\u011fadan ilham alan bu 30 mindfulness aktivite kart\u0131, sakinle\u015fmeye, odaklanma becerilerini geli\u015ftirmeye ve do\u011fayla g\u00fc\u00e7l\u00fc bir ba\u011f kurmaya yard\u0131mc\u0131 olur.  Fark\u0131ndal\u0131k, esneme ve meditasyon \u00e7al\u0131\u015fmalar\u0131n\u0131 kolayca takip edebilmeniz i\u00e7in ad\u0131m ad\u0131m a\u00e7\u0131klamalar i\u00e7erir. Zihinsel ve duygusal rahatlama sa\u011flar. Do\u011fan\u0131n huzurunu evinize ta\u015f\u0131yarak keyifli ve fark\u0131ndal\u0131k dolu anlar ya\u015fay\u0131n! <\/p>\n","protected":false},"excerpt":{"rendered":"<p>Do\u011fadan ilham alan bu 30 mindfulness aktivite kart\u0131, sakinle\u015fmeye, odaklanma becerilerini geli\u015ftirmeye ve do\u011fayla g\u00fc\u00e7l\u00fc bir ba\u011f kurmaya yard\u0131mc\u0131 olur. Fark\u0131ndal\u0131k, esneme ve meditasyon \u00e7al\u0131\u015fmalar\u0131n\u0131 kolayca<span class=\"excerpt-hellip\"> [\u2026]<\/span><\/p>\n","protected":false},"featured_media":0,"template":"","meta":{"_monsterinsights_skip_tracking":false,"_monsterinsights_sitenote_active":false,"_monsterinsights_sitenote_note":"","_monsterinsights_sitenote_category":0},"product_brand":[],"product_cat":[12274,15842],"product_tag":[],"class_list":{"0":"post-779277","1":"product","2":"type-product","3":"status-publish","5":"product_cat-cocuk-ve-genclik-kitaplari","6":"product_cat-egitici-kitaplar","7":"pa_cilt-ciltsiz","8":"pa_tur-kitap","9":"pa_yayinevi-abm-yayinevi","10":"pa_yazar-emily-sharratt","12":"first","13":"instock","14":"sale","15":"shipping-taxable","16":"purchasable","17":"product-type-simple"},"_links":{"self":[{"href":"https:\/\/roveyayinevi.com.tr\/index.php\/wp-json\/wp\/v2\/product\/779277","targetHints":{"allow":["GET"]}}],"collection":[{"href":"https:\/\/roveyayinevi.com.tr\/index.php\/wp-json\/wp\/v2\/product"}],"about":[{"href":"https:\/\/roveyayinevi.com.tr\/index.php\/wp-json\/wp\/v2\/types\/product"}],"wp:attachment":[{"href":"https:\/\/roveyayinevi.com.tr\/index.php\/wp-json\/wp\/v2\/media?parent=779277"}],"wp:term":[{"taxonomy":"product_brand","embeddable":true,"href":"https:\/\/roveyayinevi.com.tr\/index.php\/wp-json\/wp\/v2\/product_brand?post=779277"},{"taxonomy":"product_cat","embeddable":true,"href":"https:\/\/roveyayinevi.com.tr\/index.php\/wp-json\/wp\/v2\/product_cat?post=779277"},{"taxonomy":"product_tag","embeddable":true,"href":"https:\/\/roveyayinevi.com.tr\/index.php\/wp-json\/wp\/v2\/product_tag?post=779277"}],"curies":[{"name":"wp","href":"https:\/\/api.w.org\/{rel}","templated":true}]}}