{"id":779275,"date":"2025-12-30T11:32:26","date_gmt":"2025-12-30T08:32:26","guid":{"rendered":"https:\/\/roveyayinevi.com.tr\/index.php\/urun\/daima-benim\/"},"modified":"2026-04-05T03:23:38","modified_gmt":"2026-04-05T00:23:38","slug":"daima-benim","status":"publish","type":"product","link":"https:\/\/roveyayinevi.com.tr\/index.php\/urun\/daima-benim\/","title":{"rendered":"Daima Benim"},"content":{"rendered":"<p>Hayat\u0131 boyunca say\u0131s\u0131z yang\u0131n s\u00f6nd\u00fcrm\u00fc\u015ft\u00fc ama bu sefer ate\u015f bacay\u0131 fena sarm\u0131\u015ft\u0131   Niko West g\u00f6rd\u00fc\u011f\u00fcm en yak\u0131\u015f\u0131kl\u0131 adamd\u0131. \u0130tfaiye \u00fcniformas\u0131 i\u00e7indeki bir Yunan tanr\u0131s\u0131yd\u0131. Ve anaokulundan beri en yak\u0131n arkada\u015f\u0131md\u0131. Ger\u00e7i her konuda uyu\u015ftu\u011fumuz da s\u00f6ylenemezdi. Ben k\u00fc\u00e7\u00fck kasabam\u0131zda \u015firin mi \u015firin pastanemi i\u015fletirken o her g\u00fcn alevlerin i\u00e7ine dal\u0131yordu. O \u00e7apk\u0131nl\u0131\u011f\u0131yla nam salm\u0131\u015fken ben tam bir ili\u015fki kad\u0131n\u0131yd\u0131m. On alt\u0131 ya\u015f\u0131mdan beri ayn\u0131 ki\u015fiyle birlikteydim ve ili\u015fkiler konusunda \u00e7ok \u015fey ka\u00e7\u0131rd\u0131\u011f\u0131m hissini \u00fczerimden atam\u0131yordum. \u0130\u015fte bu y\u00fczden, aldat\u0131ld\u0131\u011f\u0131m\u0131 \u00f6\u011frendikten sonra Niko\u2019nun kap\u0131s\u0131n\u0131 reddedemeyece\u011fi bir teklifle \u00e7alacakt\u0131m. Baz\u0131 \u00e7izgilerin hi\u00e7 ge\u00e7ilmemesi gerekti\u011fini zor yoldan \u00f6\u011frenecektim. Belki arkada\u015fl\u0131\u011f\u0131m\u0131z bundan sa\u011f \u00e7\u0131kabilirdi ama kalbim i\u00e7in ayn\u0131s\u0131n\u0131 s\u00f6yleyemezdim.    \u201cTatl\u0131, ba\u015f d\u00f6nd\u00fcr\u00fcc\u00fc ve k\u00fc\u00e7\u00fck kasaba cazibesiyle sarmalanm\u0131\u015f Daima Benim, arkada\u015ftan a\u015fka kurgusuyla d\u00fcnyadan m\u00fckemmel bir ka\u00e7\u0131\u015f sa\u011fl\u0131yor. Honey Mountain\u2019da daha fazla zaman ge\u00e7irmek i\u00e7in sab\u0131rs\u0131zlan\u0131yorum!\u201d \u2013Catherine Cowles   \u201cM\u00dcTH\u0130\u015e bir seriye HAR\u0130KA bir ba\u015flang\u0131\u00e7! Laura g\u00fc\u00e7l\u00fc kad\u0131nlar\u0131 ve onlara tapan erkek karakterleri yazmay\u0131 \u00e7ok iyi biliyor!\u201d  \u2013What Emily Is Reading <\/p>\n","protected":false},"excerpt":{"rendered":"<p>Hayat\u0131 boyunca say\u0131s\u0131z yang\u0131n s\u00f6nd\u00fcrm\u00fc\u015ft\u00fc ama bu sefer ate\u015f bacay\u0131 fena sarm\u0131\u015ft\u0131 Niko West g\u00f6rd\u00fc\u011f\u00fcm en yak\u0131\u015f\u0131kl\u0131 adamd\u0131. \u0130tfaiye \u00fcniformas\u0131 i\u00e7indeki bir Yunan tanr\u0131s\u0131yd\u0131. Ve anaokulundan<span class=\"excerpt-hellip\"> [\u2026]<\/span><\/p>\n","protected":false},"featured_media":0,"template":"","meta":{"_monsterinsights_skip_tracking":false,"_monsterinsights_sitenote_active":false,"_monsterinsights_sitenote_note":"","_monsterinsights_sitenote_category":0},"product_brand":[],"product_cat":[12291,12711],"product_tag":[],"class_list":{"0":"post-779275","1":"product","2":"type-product","3":"status-publish","5":"product_cat-edebiyat","6":"product_cat-roman-oyku","7":"pa_cilt-ciltsiz","8":"pa_tur-kitap","9":"pa_yayinevi-indigo-kitap","10":"pa_yazar-laura-pavlov","12":"first","13":"instock","14":"sale","15":"shipping-taxable","16":"purchasable","17":"product-type-simple"},"_links":{"self":[{"href":"https:\/\/roveyayinevi.com.tr\/index.php\/wp-json\/wp\/v2\/product\/779275","targetHints":{"allow":["GET"]}}],"collection":[{"href":"https:\/\/roveyayinevi.com.tr\/index.php\/wp-json\/wp\/v2\/product"}],"about":[{"href":"https:\/\/roveyayinevi.com.tr\/index.php\/wp-json\/wp\/v2\/types\/product"}],"wp:attachment":[{"href":"https:\/\/roveyayinevi.com.tr\/index.php\/wp-json\/wp\/v2\/media?parent=779275"}],"wp:term":[{"taxonomy":"product_brand","embeddable":true,"href":"https:\/\/roveyayinevi.com.tr\/index.php\/wp-json\/wp\/v2\/product_brand?post=779275"},{"taxonomy":"product_cat","embeddable":true,"href":"https:\/\/roveyayinevi.com.tr\/index.php\/wp-json\/wp\/v2\/product_cat?post=779275"},{"taxonomy":"product_tag","embeddable":true,"href":"https:\/\/roveyayinevi.com.tr\/index.php\/wp-json\/wp\/v2\/product_tag?post=779275"}],"curies":[{"name":"wp","href":"https:\/\/api.w.org\/{rel}","templated":true}]}}