{"id":779274,"date":"2025-12-30T11:32:24","date_gmt":"2025-12-30T08:32:24","guid":{"rendered":"https:\/\/roveyayinevi.com.tr\/index.php\/urun\/strateji-ve-hurriyet\/"},"modified":"2026-04-15T03:32:10","modified_gmt":"2026-04-15T00:32:10","slug":"strateji-ve-hurriyet","status":"publish","type":"product","link":"https:\/\/roveyayinevi.com.tr\/index.php\/urun\/strateji-ve-hurriyet\/","title":{"rendered":"Strateji ve H\u00fcrriyet"},"content":{"rendered":"<p>Bug\u00fcn T\u00fcrk devleti, co\u011frafyas\u0131n\u0131n g\u00fcc\u00fcn\u00fc Atat\u00fcrk gibi kullanmal\u0131d\u0131r. Bu co\u011frafya emperyalizmin de\u011fil, T\u00fcrk halk\u0131n\u0131n \u00e7\u0131karlar\u0131na hizmet etmelidir. Zira emperyalizm bu co\u011frafyada de\u011fi\u015fiklik istemektedir. G\u00fcneyimizde kukla bir K\u00fcrt devleti istemektedir. Mavi Vatan\u2019dan, yani hakk\u0131m\u0131z olan deniz yetki alanlar\u0131m\u0131zdan vazge\u00e7memiz isteniyor. KKTC\u2019den vazge\u00e7memiz isteniyor. Nas\u0131l ki Osmanl\u0131 hanedan\u0131n\u0131n kulu olan Anadolu insan\u0131 y\u00fczy\u0131llar sonra T\u00fcrkl\u00fc\u011f\u00fcn\u00fc ke\u015ffedip Atat\u00fcrk liderli\u011finde yeni bir Cumhuriyet kurmu\u015fsa, bug\u00fcn de T\u00fcrk halk\u0131 co\u011frafyas\u0131n\u0131n g\u00fcc\u00fcn\u00fc ke\u015ffetmeli ve bu g\u00fcc\u00fc kendi \u00e7\u0131karlar\u0131 i\u00e7in kullanmal\u0131 ve kulland\u0131rtmal\u0131d\u0131r.   T\u00fcrk devleti ve halk\u0131, h\u00fck\u00fcmetleri kim olursa olsun ba\u015fta co\u011frafi g\u00fcc\u00fc olmak \u00fczere milli g\u00fc\u00e7 unsurlar\u0131n\u0131 ba\u015fka devletlerin veya ittifaklar\u0131n kay\u0131ts\u0131z \u015farts\u0131z kullan\u0131m\u0131na izin vermemelidir. Burada rehber Atat\u00fcrk ve onun Kemalizm\u2019de hayat bulan i\u00e7 ve d\u0131\u015f siyaset ilkeleri olmal\u0131d\u0131r. D\u00fcnya, neoliberal kapitalist sistemin \u00e7\u00f6k\u00fc\u015f arifesinde b\u00fcy\u00fck jeopolitik hesapla\u015fmaya gitmektedir. T\u00fcrkiye bu hesapla\u015fma d\u00f6nemine haz\u0131r girmelidir. Haz\u0131rl\u0131\u011f\u0131n en b\u00fcy\u00fck hamlesi tekrar Atat\u00fcrk olmal\u0131d\u0131r. <\/p>\n","protected":false},"excerpt":{"rendered":"<p>Bug\u00fcn T\u00fcrk devleti, co\u011frafyas\u0131n\u0131n g\u00fcc\u00fcn\u00fc Atat\u00fcrk gibi kullanmal\u0131d\u0131r. Bu co\u011frafya emperyalizmin de\u011fil, T\u00fcrk halk\u0131n\u0131n \u00e7\u0131karlar\u0131na hizmet etmelidir. Zira emperyalizm bu co\u011frafyada de\u011fi\u015fiklik istemektedir. G\u00fcneyimizde kukla bir<span class=\"excerpt-hellip\"> [\u2026]<\/span><\/p>\n","protected":false},"featured_media":0,"template":"","meta":{"_monsterinsights_skip_tracking":false,"_monsterinsights_sitenote_active":false,"_monsterinsights_sitenote_note":"","_monsterinsights_sitenote_category":0},"product_brand":[],"product_cat":[13590,12337],"product_tag":[],"class_list":{"0":"post-779274","1":"product","2":"type-product","3":"status-publish","5":"product_cat-arastirma-inceleme-politika-siyaset","6":"product_cat-politika-siyaset","7":"pa_cilt-ciltsiz","8":"pa_tur-kitap","9":"pa_yayinevi-pankus-yayinlari","10":"pa_yazar-cem-gurdeniz","12":"first","13":"instock","14":"sale","15":"shipping-taxable","16":"purchasable","17":"product-type-simple"},"_links":{"self":[{"href":"https:\/\/roveyayinevi.com.tr\/index.php\/wp-json\/wp\/v2\/product\/779274","targetHints":{"allow":["GET"]}}],"collection":[{"href":"https:\/\/roveyayinevi.com.tr\/index.php\/wp-json\/wp\/v2\/product"}],"about":[{"href":"https:\/\/roveyayinevi.com.tr\/index.php\/wp-json\/wp\/v2\/types\/product"}],"wp:attachment":[{"href":"https:\/\/roveyayinevi.com.tr\/index.php\/wp-json\/wp\/v2\/media?parent=779274"}],"wp:term":[{"taxonomy":"product_brand","embeddable":true,"href":"https:\/\/roveyayinevi.com.tr\/index.php\/wp-json\/wp\/v2\/product_brand?post=779274"},{"taxonomy":"product_cat","embeddable":true,"href":"https:\/\/roveyayinevi.com.tr\/index.php\/wp-json\/wp\/v2\/product_cat?post=779274"},{"taxonomy":"product_tag","embeddable":true,"href":"https:\/\/roveyayinevi.com.tr\/index.php\/wp-json\/wp\/v2\/product_tag?post=779274"}],"curies":[{"name":"wp","href":"https:\/\/api.w.org\/{rel}","templated":true}]}}