{"id":779271,"date":"2025-12-30T11:31:23","date_gmt":"2025-12-30T08:31:23","guid":{"rendered":"https:\/\/roveyayinevi.com.tr\/index.php\/urun\/filistin-israil-ve-iran\/"},"modified":"2026-03-28T03:23:28","modified_gmt":"2026-03-28T00:23:28","slug":"filistin-israil-ve-iran","status":"publish","type":"product","link":"https:\/\/roveyayinevi.com.tr\/index.php\/urun\/filistin-israil-ve-iran\/","title":{"rendered":"Filistin, \u0130srail ve \u0130ran"},"content":{"rendered":"<p>\u0130nsanl\u0131k vicdan\u0131 ve uluslararas\u0131 toplum, kendisinden zay\u0131f bir topluluk kar\u015f\u0131s\u0131nda 2020\u2019lerde tam bir askeri \u00fcst\u00fcnl\u00fck kuran ve belirli b\u00f6lgeleri a\u00e7\u0131k hava hapishanesine \u00e7eviren \u0130srail\u2019e ve onu ko\u015fulsuz destekleyen Bat\u0131l\u0131 \u00fclkelere hakl\u0131 olarak \u015fu iki soruyu soruyor: &#8211; Bir ba\u015fka halk\u0131n ya\u015fad\u0131\u011f\u0131 bir \u00fclke, hangi hakla ba\u015fka bir toplulu\u011fa ve silah zoruyla \u201ctahsis\u201d edilebilir? &#8211; Ge\u00e7mi\u015fte s\u00fcrg\u00fcne g\u00f6nderilmek ve soyk\u0131r\u0131ma u\u011fram\u0131\u015f olmak, bir halka, ba\u015fka bir toplulu\u011fu s\u00fcrg\u00fcne g\u00f6nderme ve soyk\u0131r\u0131ma tabi tutma hakk\u0131 verir mi? *** Bu kitap b\u00fcy\u00fck oranda, 7 Ekim 2023\u2019te ba\u015flayan Gazze Sava\u015f\u0131 s\u00fcrecinde bu iki soruya cevap arama \u00e7abas\u0131n\u0131n \u00fcr\u00fcn\u00fc olarak ortaya \u00e7\u0131kt\u0131. Ortado\u011fu\u2019daki mevcut politik dengeler, Arap-\u0130srail ihtilaf\u0131, Filistin ve \u0130srail taraf\u0131n\u0131n konuya bak\u0131\u015f\u0131, \u0130ran-\u0130srail ili\u015fkileri, \u0130ran d\u0131\u015f politikas\u0131nda Kud\u00fcs ve Filistin temas\u0131, T\u00fcrk d\u0131\u015f politikas\u0131 a\u00e7\u0131s\u0131ndan b\u00f6lgedeki dengeler gibi temel konular\u0131n yan\u0131 s\u0131ra; 7 Ekim 2023\u2019te ba\u015flayan s\u00fcre\u00e7teki yak\u0131c\u0131 Gazze katliam\u0131, G\u00fcney L\u00fcbnan i\u015fgali, \u0130ran ile \u0130srail aras\u0131nda her ge\u00e7en g\u00fcn artan s\u0131cak \u00e7at\u0131\u015fma ihtimali ve devam\u0131ndaki b\u00f6lgesel\/uluslararas\u0131 geli\u015fmeler bu kitapta farkl\u0131 boyutlar\u0131yla ele al\u0131n\u0131yor. *** Bu \u00e7al\u0131\u015fmada ayr\u0131ca Binyamin Netenyahu, Mahmud Abbas, Halid Me\u015fal, \u0130smail Heniyye, Yahya Sinvar, Hasan Nasrallah gibi b\u00f6lgedeki ihtilaf\u0131n \u00f6nemli akt\u00f6rlerinin biyografilerine ve T\u00fcrkiye, \u0130ran, \u0130srail gibi b\u00f6lge \u00fclkelerinin geli\u015fmelere yakla\u015f\u0131m\u0131na da yer veriliyor. <\/p>\n","protected":false},"excerpt":{"rendered":"<p>\u0130nsanl\u0131k vicdan\u0131 ve uluslararas\u0131 toplum, kendisinden zay\u0131f bir topluluk kar\u015f\u0131s\u0131nda 2020\u2019lerde tam bir askeri \u00fcst\u00fcnl\u00fck kuran ve belirli b\u00f6lgeleri a\u00e7\u0131k hava hapishanesine \u00e7eviren \u0130srail\u2019e ve onu<span class=\"excerpt-hellip\"> [\u2026]<\/span><\/p>\n","protected":false},"featured_media":0,"template":"","meta":{"_monsterinsights_skip_tracking":false,"_monsterinsights_sitenote_active":false,"_monsterinsights_sitenote_note":"","_monsterinsights_sitenote_category":0},"product_brand":[],"product_cat":[12337,17225],"product_tag":[],"class_list":{"0":"post-779271","1":"product","2":"type-product","3":"status-publish","5":"product_cat-politika-siyaset","6":"product_cat-uluslararasi-iliskiler","7":"pa_cilt-ciltsiz","8":"pa_tur-kitap","9":"pa_yayinevi-iyidusun-yayinlari","10":"pa_yazar-mehmet-akif-koc","12":"first","13":"instock","14":"sale","15":"shipping-taxable","16":"purchasable","17":"product-type-simple"},"_links":{"self":[{"href":"https:\/\/roveyayinevi.com.tr\/index.php\/wp-json\/wp\/v2\/product\/779271","targetHints":{"allow":["GET"]}}],"collection":[{"href":"https:\/\/roveyayinevi.com.tr\/index.php\/wp-json\/wp\/v2\/product"}],"about":[{"href":"https:\/\/roveyayinevi.com.tr\/index.php\/wp-json\/wp\/v2\/types\/product"}],"wp:attachment":[{"href":"https:\/\/roveyayinevi.com.tr\/index.php\/wp-json\/wp\/v2\/media?parent=779271"}],"wp:term":[{"taxonomy":"product_brand","embeddable":true,"href":"https:\/\/roveyayinevi.com.tr\/index.php\/wp-json\/wp\/v2\/product_brand?post=779271"},{"taxonomy":"product_cat","embeddable":true,"href":"https:\/\/roveyayinevi.com.tr\/index.php\/wp-json\/wp\/v2\/product_cat?post=779271"},{"taxonomy":"product_tag","embeddable":true,"href":"https:\/\/roveyayinevi.com.tr\/index.php\/wp-json\/wp\/v2\/product_tag?post=779271"}],"curies":[{"name":"wp","href":"https:\/\/api.w.org\/{rel}","templated":true}]}}