{"id":779270,"date":"2025-12-30T11:31:00","date_gmt":"2025-12-30T08:31:00","guid":{"rendered":"https:\/\/roveyayinevi.com.tr\/index.php\/urun\/hotel-milano\/"},"modified":"2026-04-15T03:30:52","modified_gmt":"2026-04-15T00:30:52","slug":"hotel-milano","status":"publish","type":"product","link":"https:\/\/roveyayinevi.com.tr\/index.php\/urun\/hotel-milano\/","title":{"rendered":"Hotel Milano"},"content":{"rendered":"<p>Parks \u00e7ekici ve alayc\u0131 bir zarafetle yaz\u0131yor ve onun ilgin\u00e7, bilgili anlat\u0131c\u0131s\u0131 sonunda teselliyi Avrupa k\u00fclt\u00fcr\u00fcn\u00fcn b\u00fcy\u00fck temalar\u0131nda de\u011fil, bir a\u011faca tak\u0131l\u0131p kalm\u0131\u015f bir balonda ya da bir karatavu\u011fun sar\u0131 gagas\u0131nda buluyor. -Spectator Bir cenaze daveti. Ge\u00e7mi\u015fin karanl\u0131k g\u00f6lgeleri. Ve ka\u00e7\u0131n\u0131lmaz bir y\u00fczle\u015fme\u2026 Frank Marriot, eski dostu ve ezeli rakibi Dan Sandow\u2019un cenazesi i\u00e7in apar topar Milano\u2019ya gelirken, s\u0131radan bir yolculuk yapt\u0131\u011f\u0131n\u0131 san\u0131yordu. Ama Milano, sadece bir \u015fehir de\u011fil, ge\u00e7mi\u015fte g\u00f6m\u00fcl\u00fc kalm\u0131\u015f ac\u0131lar\u0131n, k\u0131r\u0131k ili\u015fkilerin ve pi\u015fmanl\u0131klar\u0131n sahnelendi\u011fi bir arenaya d\u00f6n\u00fc\u015f\u00fcr. Frank, Dan\u2019in son arzusunu yerine getirmek i\u00e7in geldi\u011fi bu \u015fehirde, asl\u0131nda ruhunun en karanl\u0131k k\u00f6\u015felerine do\u011fru bir yolculu\u011fa \u00e7\u0131km\u0131\u015ft\u0131r. Ve bu yolculuk, sadece ge\u00e7mi\u015fle hesapla\u015fma de\u011fil; Frank\u2019in t\u00fcm hayat\u0131n\u0131 yeniden \u015fekillendiren sars\u0131c\u0131 bir ayd\u0131nlanman\u0131n da kap\u0131lar\u0131n\u0131 aralayacakt\u0131r. Tim Parks, son roman\u0131 Hotel Milano ile okurlar\u0131 modern bir tragedyan\u0131n i\u00e7ine \u00e7ekiyor. \u0130\u00e7 i\u00e7e ge\u00e7mi\u015f hayatlar, ka\u00e7\u0131r\u0131lm\u0131\u015f f\u0131rsatlar ve \u00e7\u00f6z\u00fclmeyen s\u0131rlarla dolu bu roman, okuru yaln\u0131zca Frank\u2019in de\u011fil, her birimizin hayat\u0131n\u0131n d\u00f6n\u00fcm noktalar\u0131na s\u00fcr\u00fckl\u00fcyor. Unutulmaz karakterleri ve sars\u0131c\u0131 anlat\u0131m\u0131yla Hotel Milano, ge\u00e7mi\u015fin asla tam anlam\u0131yla geride kalmad\u0131\u011f\u0131n\u0131 ve her an geri d\u00f6nmeye haz\u0131r oldu\u011funu hat\u0131rlat\u0131yor. Parks, zarif ve ironik \u00fcslubuyla s\u0131radan olaylar \u00fczerinden b\u00fcy\u00fck felsefi meseleleri ele al\u0131rken bireyin toplumsal roller, ki\u015fisel ili\u015fkiler ve zamanla kurdu\u011fu ba\u011f\u0131 derinlemesine ve etkileyici bir \u015fekilde irdeliyor. Hayat\u0131n y\u00fczeyinde gezinen basit anlar\u0131n, asl\u0131nda b\u00fcy\u00fck bir i\u00e7sel devinim ve ka\u00e7\u0131n\u0131lmaz bir de\u011fi\u015fim bar\u0131nd\u0131rd\u0131\u011f\u0131n\u0131 ustal\u0131kla g\u00f6steriyor. Roza Hakmen\u2019in p\u00fcr\u00fczs\u00fcz \u00e7evirisiyle T\u00fcrk\u00e7ede hayat bulan Hotel Milano, bir hayat muhasebesi, dostluklar\u0131n <\/p>\n","protected":false},"excerpt":{"rendered":"<p>Parks \u00e7ekici ve alayc\u0131 bir zarafetle yaz\u0131yor ve onun ilgin\u00e7, bilgili anlat\u0131c\u0131s\u0131 sonunda teselliyi Avrupa k\u00fclt\u00fcr\u00fcn\u00fcn b\u00fcy\u00fck temalar\u0131nda de\u011fil, bir a\u011faca tak\u0131l\u0131p kalm\u0131\u015f bir balonda ya<span class=\"excerpt-hellip\"> [\u2026]<\/span><\/p>\n","protected":false},"featured_media":0,"template":"","meta":{"_monsterinsights_skip_tracking":false,"_monsterinsights_sitenote_active":false,"_monsterinsights_sitenote_note":"","_monsterinsights_sitenote_category":0},"product_brand":[],"product_cat":[12291,12711],"product_tag":[],"class_list":{"0":"post-779270","1":"product","2":"type-product","3":"status-publish","5":"product_cat-edebiyat","6":"product_cat-roman-oyku","7":"pa_cilt-ciltsiz","8":"pa_tur-kitap","9":"pa_yayinevi-livera-yayinevi","10":"pa_yazar-tim-parks","12":"first","13":"instock","14":"sale","15":"shipping-taxable","16":"purchasable","17":"product-type-simple"},"_links":{"self":[{"href":"https:\/\/roveyayinevi.com.tr\/index.php\/wp-json\/wp\/v2\/product\/779270","targetHints":{"allow":["GET"]}}],"collection":[{"href":"https:\/\/roveyayinevi.com.tr\/index.php\/wp-json\/wp\/v2\/product"}],"about":[{"href":"https:\/\/roveyayinevi.com.tr\/index.php\/wp-json\/wp\/v2\/types\/product"}],"wp:attachment":[{"href":"https:\/\/roveyayinevi.com.tr\/index.php\/wp-json\/wp\/v2\/media?parent=779270"}],"wp:term":[{"taxonomy":"product_brand","embeddable":true,"href":"https:\/\/roveyayinevi.com.tr\/index.php\/wp-json\/wp\/v2\/product_brand?post=779270"},{"taxonomy":"product_cat","embeddable":true,"href":"https:\/\/roveyayinevi.com.tr\/index.php\/wp-json\/wp\/v2\/product_cat?post=779270"},{"taxonomy":"product_tag","embeddable":true,"href":"https:\/\/roveyayinevi.com.tr\/index.php\/wp-json\/wp\/v2\/product_tag?post=779270"}],"curies":[{"name":"wp","href":"https:\/\/api.w.org\/{rel}","templated":true}]}}